{"id":64,"date":"2023-04-29T11:26:11","date_gmt":"2023-04-29T09:26:11","guid":{"rendered":"https:\/\/www.keletimodszerekkozpont.hu\/?page_id=64"},"modified":"2025-11-17T13:44:21","modified_gmt":"2025-11-17T12:44:21","slug":"oriental-medicine-in-debrecen-massage-assessment-consultation","status":"publish","type":"page","link":"https:\/\/www.keletimodszerekkozpont.hu\/en\/","title":{"rendered":"Home"},"content":{"rendered":"<figure><\/figure>\n<p style=\"font-style:normal;font-weight:700;text-transform:capitalize\">Welcome to my site<\/p>","protected":false},"excerpt":{"rendered":"<p>Welcome to my site<\/p>","protected":false},"author":1,"featured_media":902,"parent":0,"menu_order":0,"comment_status":"closed","ping_status":"closed","template":"","meta":{"footnotes":""},"class_list":["post-64","page","type-page","status-publish","has-post-thumbnail","hentry"],"yoast_head":"<!-- This site is optimized with the Yoast SEO plugin v25.6 - https:\/\/yoast.com\/wordpress\/plugins\/seo\/ -->\n<title>F\u0151oldal - keletimodszerekkozpont.hu<\/title>\n<meta name=\"description\" content=\"K\u00ednai akupressz\u00far\u00e1s meridi\u00e1n massz\u00e1zs, talpmassz\u00e1zs, EMC meridi\u00e1n m\u0171szeres \u00e1llapotfelm\u00e9r\u00e9s, keleti massz\u00e1zsok, t\u00fczes k\u00f6p\u00f6ly, BEMER.\" \/>\n<meta name=\"robots\" content=\"index, follow, max-snippet:-1, max-image-preview:large, max-video-preview:-1\" \/>\n<link rel=\"canonical\" href=\"https:\/\/www.keletimodszerekkozpont.hu\/en\/\" \/>\n<meta property=\"og:locale\" content=\"en_GB\" \/>\n<meta property=\"og:type\" content=\"article\" \/>\n<meta property=\"og:title\" content=\"F\u0151oldal - keletimodszerekkozpont.hu\" \/>\n<meta property=\"og:description\" content=\"K\u00ednai akupressz\u00far\u00e1s meridi\u00e1n massz\u00e1zs, talpmassz\u00e1zs, EMC meridi\u00e1n m\u0171szeres \u00e1llapotfelm\u00e9r\u00e9s, keleti massz\u00e1zsok, t\u00fczes k\u00f6p\u00f6ly, BEMER.\" \/>\n<meta property=\"og:url\" content=\"https:\/\/www.keletimodszerekkozpont.hu\/en\/\" \/>\n<meta property=\"og:site_name\" content=\"keletimodszerekkozpont.hu\" \/>\n<meta property=\"article:publisher\" content=\"https:\/\/www.facebook.com\/profile.php?id=61551079794439\" \/>\n<meta property=\"article:modified_time\" content=\"2025-11-17T12:44:21+00:00\" \/>\n<meta property=\"og:image\" content=\"https:\/\/www.keletimodszerekkozpont.hu\/wp-content\/uploads\/2023\/08\/pexels-ivan-samkov-5659056-scaled.jpg\" \/>\n\t<meta property=\"og:image:width\" content=\"1707\" \/>\n\t<meta property=\"og:image:height\" content=\"2560\" \/>\n\t<meta property=\"og:image:type\" content=\"image\/jpeg\" \/>\n<meta name=\"twitter:card\" content=\"summary_large_image\" \/>\n<meta name=\"twitter:label1\" content=\"Estimated reading time\" \/>\n\t<meta name=\"twitter:data1\" content=\"1 minute\" \/>\n<script type=\"application\/ld+json\" class=\"yoast-schema-graph\">{\"@context\":\"https:\/\/schema.org\",\"@graph\":[{\"@type\":\"WebPage\",\"@id\":\"https:\/\/www.keletimodszerekkozpont.hu\/\",\"url\":\"https:\/\/www.keletimodszerekkozpont.hu\/\",\"name\":\"F\u0151oldal - keletimodszerekkozpont.hu\",\"isPartOf\":{\"@id\":\"https:\/\/www.keletimodszerekkozpont.hu\/#website\"},\"primaryImageOfPage\":{\"@id\":\"https:\/\/www.keletimodszerekkozpont.hu\/#primaryimage\"},\"image\":{\"@id\":\"https:\/\/www.keletimodszerekkozpont.hu\/#primaryimage\"},\"thumbnailUrl\":\"https:\/\/www.keletimodszerekkozpont.hu\/wp-content\/uploads\/2023\/08\/pexels-ivan-samkov-5659056-scaled.jpg\",\"datePublished\":\"2023-04-29T09:26:11+00:00\",\"dateModified\":\"2025-11-17T12:44:21+00:00\",\"description\":\"K\u00ednai akupressz\u00far\u00e1s meridi\u00e1n massz\u00e1zs, talpmassz\u00e1zs, EMC meridi\u00e1n m\u0171szeres \u00e1llapotfelm\u00e9r\u00e9s, keleti massz\u00e1zsok, t\u00fczes k\u00f6p\u00f6ly, BEMER.\",\"breadcrumb\":{\"@id\":\"https:\/\/www.keletimodszerekkozpont.hu\/#breadcrumb\"},\"inLanguage\":\"en-GB\",\"potentialAction\":[{\"@type\":\"ReadAction\",\"target\":[\"https:\/\/www.keletimodszerekkozpont.hu\/\"]}]},{\"@type\":\"ImageObject\",\"inLanguage\":\"en-GB\",\"@id\":\"https:\/\/www.keletimodszerekkozpont.hu\/#primaryimage\",\"url\":\"https:\/\/www.keletimodszerekkozpont.hu\/wp-content\/uploads\/2023\/08\/pexels-ivan-samkov-5659056-scaled.jpg\",\"contentUrl\":\"https:\/\/www.keletimodszerekkozpont.hu\/wp-content\/uploads\/2023\/08\/pexels-ivan-samkov-5659056-scaled.jpg\",\"width\":1707,\"height\":2560,\"caption\":\"Talpreflexol\u00f3gia talpmassz\u00e1zs Debrecen\"},{\"@type\":\"BreadcrumbList\",\"@id\":\"https:\/\/www.keletimodszerekkozpont.hu\/#breadcrumb\",\"itemListElement\":[{\"@type\":\"ListItem\",\"position\":1,\"name\":\"Home\",\"item\":\"https:\/\/www.keletimodszerekkozpont.hu\/\"},{\"@type\":\"ListItem\",\"position\":2,\"name\":\"F\u0151oldal\"}]},{\"@type\":\"WebSite\",\"@id\":\"https:\/\/www.keletimodszerekkozpont.hu\/#website\",\"url\":\"https:\/\/www.keletimodszerekkozpont.hu\/\",\"name\":\"keletimodszerekkozpont.hu\",\"description\":\"K\u00ednai akupressz\u00far\u00e1s meridi\u00e1n massz\u00e1zs, M\u0171szeres \u00e1llapotfelm\u00e9r\u00e9s EMC,  Hagyom\u00e1nyos k\u00ednai gy\u00f3gy\u00e1szat eszk\u00f6zei, keleti massz\u00e1zsok, Reiki, Bemer\",\"publisher\":{\"@id\":\"https:\/\/www.keletimodszerekkozpont.hu\/#organization\"},\"potentialAction\":[{\"@type\":\"SearchAction\",\"target\":{\"@type\":\"EntryPoint\",\"urlTemplate\":\"https:\/\/www.keletimodszerekkozpont.hu\/?s={search_term_string}\"},\"query-input\":{\"@type\":\"PropertyValueSpecification\",\"valueRequired\":true,\"valueName\":\"search_term_string\"}}],\"inLanguage\":\"en-GB\"},{\"@type\":\"Organization\",\"@id\":\"https:\/\/www.keletimodszerekkozpont.hu\/#organization\",\"name\":\"Keleti Gy\u00f3gym\u00f3dok Debrecen\",\"url\":\"https:\/\/www.keletimodszerekkozpont.hu\/\",\"logo\":{\"@type\":\"ImageObject\",\"inLanguage\":\"en-GB\",\"@id\":\"https:\/\/www.keletimodszerekkozpont.hu\/#\/schema\/logo\/image\/\",\"url\":\"https:\/\/www.keletimodszerekkozpont.hu\/wp-content\/uploads\/2024\/06\/cropped-keleti_gyogymodok_debrecen.jpg\",\"contentUrl\":\"https:\/\/www.keletimodszerekkozpont.hu\/wp-content\/uploads\/2024\/06\/cropped-keleti_gyogymodok_debrecen.jpg\",\"width\":512,\"height\":512,\"caption\":\"Keleti Gy\u00f3gym\u00f3dok Debrecen\"},\"image\":{\"@id\":\"https:\/\/www.keletimodszerekkozpont.hu\/#\/schema\/logo\/image\/\"},\"sameAs\":[\"https:\/\/www.facebook.com\/profile.php?id=61551079794439\"]}]}<\/script>\n<!-- \/ Yoast SEO plugin. -->","yoast_head_json":{"title":"F\u0151oldal - keletimodszerekkozpont.hu","description":"K\u00ednai akupressz\u00far\u00e1s meridi\u00e1n massz\u00e1zs, talpmassz\u00e1zs, EMC meridi\u00e1n m\u0171szeres \u00e1llapotfelm\u00e9r\u00e9s, keleti massz\u00e1zsok, t\u00fczes k\u00f6p\u00f6ly, BEMER.","robots":{"index":"index","follow":"follow","max-snippet":"max-snippet:-1","max-image-preview":"max-image-preview:large","max-video-preview":"max-video-preview:-1"},"canonical":"https:\/\/www.keletimodszerekkozpont.hu\/en\/","og_locale":"en_GB","og_type":"article","og_title":"F\u0151oldal - keletimodszerekkozpont.hu","og_description":"K\u00ednai akupressz\u00far\u00e1s meridi\u00e1n massz\u00e1zs, talpmassz\u00e1zs, EMC meridi\u00e1n m\u0171szeres \u00e1llapotfelm\u00e9r\u00e9s, keleti massz\u00e1zsok, t\u00fczes k\u00f6p\u00f6ly, BEMER.","og_url":"https:\/\/www.keletimodszerekkozpont.hu\/en\/","og_site_name":"keletimodszerekkozpont.hu","article_publisher":"https:\/\/www.facebook.com\/profile.php?id=61551079794439","article_modified_time":"2025-11-17T12:44:21+00:00","og_image":[{"width":1707,"height":2560,"url":"https:\/\/www.keletimodszerekkozpont.hu\/wp-content\/uploads\/2023\/08\/pexels-ivan-samkov-5659056-scaled.jpg","type":"image\/jpeg"}],"twitter_card":"summary_large_image","twitter_misc":{"Estimated reading time":"1 minute"},"schema":{"@context":"https:\/\/schema.org","@graph":[{"@type":"WebPage","@id":"https:\/\/www.keletimodszerekkozpont.hu\/","url":"https:\/\/www.keletimodszerekkozpont.hu\/","name":"F\u0151oldal - keletimodszerekkozpont.hu","isPartOf":{"@id":"https:\/\/www.keletimodszerekkozpont.hu\/#website"},"primaryImageOfPage":{"@id":"https:\/\/www.keletimodszerekkozpont.hu\/#primaryimage"},"image":{"@id":"https:\/\/www.keletimodszerekkozpont.hu\/#primaryimage"},"thumbnailUrl":"https:\/\/www.keletimodszerekkozpont.hu\/wp-content\/uploads\/2023\/08\/pexels-ivan-samkov-5659056-scaled.jpg","datePublished":"2023-04-29T09:26:11+00:00","dateModified":"2025-11-17T12:44:21+00:00","description":"K\u00ednai akupressz\u00far\u00e1s meridi\u00e1n massz\u00e1zs, talpmassz\u00e1zs, EMC meridi\u00e1n m\u0171szeres \u00e1llapotfelm\u00e9r\u00e9s, keleti massz\u00e1zsok, t\u00fczes k\u00f6p\u00f6ly, BEMER.","breadcrumb":{"@id":"https:\/\/www.keletimodszerekkozpont.hu\/#breadcrumb"},"inLanguage":"en-GB","potentialAction":[{"@type":"ReadAction","target":["https:\/\/www.keletimodszerekkozpont.hu\/"]}]},{"@type":"ImageObject","inLanguage":"en-GB","@id":"https:\/\/www.keletimodszerekkozpont.hu\/#primaryimage","url":"https:\/\/www.keletimodszerekkozpont.hu\/wp-content\/uploads\/2023\/08\/pexels-ivan-samkov-5659056-scaled.jpg","contentUrl":"https:\/\/www.keletimodszerekkozpont.hu\/wp-content\/uploads\/2023\/08\/pexels-ivan-samkov-5659056-scaled.jpg","width":1707,"height":2560,"caption":"Talpreflexol\u00f3gia talpmassz\u00e1zs Debrecen"},{"@type":"BreadcrumbList","@id":"https:\/\/www.keletimodszerekkozpont.hu\/#breadcrumb","itemListElement":[{"@type":"ListItem","position":1,"name":"Home","item":"https:\/\/www.keletimodszerekkozpont.hu\/"},{"@type":"ListItem","position":2,"name":"F\u0151oldal"}]},{"@type":"WebSite","@id":"https:\/\/www.keletimodszerekkozpont.hu\/#website","url":"https:\/\/www.keletimodszerekkozpont.hu\/","name":"keletimodszerekkozpont.hu","description":"K\u00ednai akupressz\u00far\u00e1s meridi\u00e1n massz\u00e1zs, M\u0171szeres \u00e1llapotfelm\u00e9r\u00e9s EMC,  Hagyom\u00e1nyos k\u00ednai gy\u00f3gy\u00e1szat eszk\u00f6zei, keleti massz\u00e1zsok, Reiki, Bemer","publisher":{"@id":"https:\/\/www.keletimodszerekkozpont.hu\/#organization"},"potentialAction":[{"@type":"SearchAction","target":{"@type":"EntryPoint","urlTemplate":"https:\/\/www.keletimodszerekkozpont.hu\/?s={search_term_string}"},"query-input":{"@type":"PropertyValueSpecification","valueRequired":true,"valueName":"search_term_string"}}],"inLanguage":"en-GB"},{"@type":"Organization","@id":"https:\/\/www.keletimodszerekkozpont.hu\/#organization","name":"Oriental Medicines Debrecen","url":"https:\/\/www.keletimodszerekkozpont.hu\/","logo":{"@type":"ImageObject","inLanguage":"en-GB","@id":"https:\/\/www.keletimodszerekkozpont.hu\/#\/schema\/logo\/image\/","url":"https:\/\/www.keletimodszerekkozpont.hu\/wp-content\/uploads\/2024\/06\/cropped-keleti_gyogymodok_debrecen.jpg","contentUrl":"https:\/\/www.keletimodszerekkozpont.hu\/wp-content\/uploads\/2024\/06\/cropped-keleti_gyogymodok_debrecen.jpg","width":512,"height":512,"caption":"Keleti Gy\u00f3gym\u00f3dok Debrecen"},"image":{"@id":"https:\/\/www.keletimodszerekkozpont.hu\/#\/schema\/logo\/image\/"},"sameAs":["https:\/\/www.facebook.com\/profile.php?id=61551079794439"]}]}},"_links":{"self":[{"href":"https:\/\/www.keletimodszerekkozpont.hu\/en\/wp-json\/wp\/v2\/pages\/64"}],"collection":[{"href":"https:\/\/www.keletimodszerekkozpont.hu\/en\/wp-json\/wp\/v2\/pages"}],"about":[{"href":"https:\/\/www.keletimodszerekkozpont.hu\/en\/wp-json\/wp\/v2\/types\/page"}],"author":[{"embeddable":true,"href":"https:\/\/www.keletimodszerekkozpont.hu\/en\/wp-json\/wp\/v2\/users\/1"}],"replies":[{"embeddable":true,"href":"https:\/\/www.keletimodszerekkozpont.hu\/en\/wp-json\/wp\/v2\/comments?post=64"}],"version-history":[{"count":6,"href":"https:\/\/www.keletimodszerekkozpont.hu\/en\/wp-json\/wp\/v2\/pages\/64\/revisions"}],"predecessor-version":[{"id":142,"href":"https:\/\/www.keletimodszerekkozpont.hu\/en\/wp-json\/wp\/v2\/pages\/64\/revisions\/142"}],"wp:featuredmedia":[{"embeddable":true,"href":"https:\/\/www.keletimodszerekkozpont.hu\/en\/wp-json\/wp\/v2\/media\/902"}],"wp:attachment":[{"href":"https:\/\/www.keletimodszerekkozpont.hu\/en\/wp-json\/wp\/v2\/media?parent=64"}],"curies":[{"name":"wp","href":"https:\/\/api.w.org\/{rel}","templated":true}]}}