{"id":620,"date":"2023-08-16T19:32:07","date_gmt":"2023-08-16T17:32:07","guid":{"rendered":"https:\/\/www.keletimodszerekkozpont.hu\/?page_id=620"},"modified":"2025-11-17T23:39:16","modified_gmt":"2025-11-17T22:39:16","slug":"foot-reflexology-foot-massage","status":"publish","type":"page","link":"https:\/\/www.keletimodszerekkozpont.hu\/en\/foot-reflexology-foot-massage\/","title":{"rendered":"Talpreflexology"},"content":{"rendered":"<div data-elementor-type=\"wp-page\" data-elementor-id=\"620\" class=\"elementor elementor-620\">\n\t\t\t\t\t\t<section class=\"elementor-section elementor-top-section elementor-element elementor-element-7472f6b elementor-section-boxed elementor-section-height-default elementor-section-height-default\" data-id=\"7472f6b\" data-element_type=\"section\" data-e-type=\"section\">\n\t\t\t\t\t\t<div class=\"elementor-container elementor-column-gap-default\">\n\t\t\t\t\t<div class=\"elementor-column elementor-col-100 elementor-top-column elementor-element elementor-element-6143cfc\" data-id=\"6143cfc\" data-element_type=\"column\" data-e-type=\"column\">\n\t\t\t<div class=\"elementor-widget-wrap elementor-element-populated\">\n\t\t\t\t\t\t<div class=\"elementor-element elementor-element-0c01b21 elementor-widget elementor-widget-text-editor\" data-id=\"0c01b21\" data-element_type=\"widget\" data-e-type=\"widget\" data-widget_type=\"text-editor.default\">\n\t\t\t\t<div class=\"elementor-widget-container\">\n\t\t\t\t\t\t\t\t\t<p style=\"text-align: justify;\">Reflex therapy is a gentle but effective method that can be used at any stage of life. Today it is part of the therapy services of many clinics and health centres.<\/p><p style=\"text-align: justify;\">Foot reflexology is based on the principle of acupuncture energy channels. The reflex points of the foot are connected to our internal organs, our limbs, our internal secretory glands. By massaging the corresponding areas and stimulating the active points, a reflex response occurs in the organ or body part associated with the zone\/point. These zones are usually located far away from the organ, and this distance effect is the basis for foot and palm massage and\u00a0<a style=\"transition-property: all;\" href=\"https:\/\/www.keletimodszerekkozpont.hu\/en\/?page_id=75\" target=\"_blank\" rel=\"noopener\">body acupuncture massage<\/a>\u00a0is.<\/p>\t\t\t\t\t\t\t\t<\/div>\n\t\t\t\t<\/div>\n\t\t\t\t\t<\/div>\n\t\t<\/div>\n\t\t\t\t\t<\/div>\n\t\t<\/section>\n\t\t\t\t<section class=\"elementor-section elementor-top-section elementor-element elementor-element-5877eef elementor-section-boxed elementor-section-height-default elementor-section-height-default\" data-id=\"5877eef\" data-element_type=\"section\" data-e-type=\"section\">\n\t\t\t\t\t\t<div class=\"elementor-container elementor-column-gap-default\">\n\t\t\t\t\t<div class=\"elementor-column elementor-col-50 elementor-top-column elementor-element elementor-element-9ff9465\" data-id=\"9ff9465\" data-element_type=\"column\" data-e-type=\"column\">\n\t\t\t<div class=\"elementor-widget-wrap elementor-element-populated\">\n\t\t\t\t\t\t<div class=\"elementor-element elementor-element-67ae967 elementor-widget elementor-widget-image\" data-id=\"67ae967\" data-element_type=\"widget\" data-e-type=\"widget\" data-widget_type=\"image.default\">\n\t\t\t\t<div class=\"elementor-widget-container\">\n\t\t\t\t\t\t\t\t\t\t\t\t\t\t\t<img fetchpriority=\"high\" decoding=\"async\" width=\"767\" height=\"512\" src=\"https:\/\/www.keletimodszerekkozpont.hu\/wp-content\/uploads\/2023\/08\/physical-therapy-ge504fb9f1_1920-1024x683.jpg\" class=\"attachment-large size-large wp-image-776\" alt=\"Foot reflexology foot massage Debrecen\" srcset=\"https:\/\/www.keletimodszerekkozpont.hu\/wp-content\/uploads\/2023\/08\/physical-therapy-ge504fb9f1_1920-1024x683.jpg 1024w, https:\/\/www.keletimodszerekkozpont.hu\/wp-content\/uploads\/2023\/08\/physical-therapy-ge504fb9f1_1920-300x200.jpg 300w, https:\/\/www.keletimodszerekkozpont.hu\/wp-content\/uploads\/2023\/08\/physical-therapy-ge504fb9f1_1920-768x512.jpg 768w, https:\/\/www.keletimodszerekkozpont.hu\/wp-content\/uploads\/2023\/08\/physical-therapy-ge504fb9f1_1920-1536x1024.jpg 1536w, https:\/\/www.keletimodszerekkozpont.hu\/wp-content\/uploads\/2023\/08\/physical-therapy-ge504fb9f1_1920-90x60.jpg 90w, https:\/\/www.keletimodszerekkozpont.hu\/wp-content\/uploads\/2023\/08\/physical-therapy-ge504fb9f1_1920-370x247.jpg 370w, https:\/\/www.keletimodszerekkozpont.hu\/wp-content\/uploads\/2023\/08\/physical-therapy-ge504fb9f1_1920-776x517.jpg 776w, https:\/\/www.keletimodszerekkozpont.hu\/wp-content\/uploads\/2023\/08\/physical-therapy-ge504fb9f1_1920.jpg 1920w\" sizes=\"(max-width: 767px) 100vw, 767px\" \/>\t\t\t\t\t\t\t\t\t\t\t\t\t\t\t<\/div>\n\t\t\t\t<\/div>\n\t\t\t\t<div class=\"elementor-element elementor-element-e41a38e elementor-widget elementor-widget-image\" data-id=\"e41a38e\" data-element_type=\"widget\" data-e-type=\"widget\" data-widget_type=\"image.default\">\n\t\t\t\t<div class=\"elementor-widget-container\">\n\t\t\t\t\t\t\t\t\t\t\t\t\t\t\t<img decoding=\"async\" width=\"767\" height=\"512\" src=\"https:\/\/www.keletimodszerekkozpont.hu\/wp-content\/uploads\/2023\/08\/pexels-yan-krukau-5793976-1024x683.jpg\" class=\"attachment-large size-large wp-image-899\" alt=\"Foot reflexology foot massage Debrecen\" srcset=\"https:\/\/www.keletimodszerekkozpont.hu\/wp-content\/uploads\/2023\/08\/pexels-yan-krukau-5793976-1024x683.jpg 1024w, https:\/\/www.keletimodszerekkozpont.hu\/wp-content\/uploads\/2023\/08\/pexels-yan-krukau-5793976-300x200.jpg 300w, https:\/\/www.keletimodszerekkozpont.hu\/wp-content\/uploads\/2023\/08\/pexels-yan-krukau-5793976-768x512.jpg 768w, https:\/\/www.keletimodszerekkozpont.hu\/wp-content\/uploads\/2023\/08\/pexels-yan-krukau-5793976-1536x1024.jpg 1536w, https:\/\/www.keletimodszerekkozpont.hu\/wp-content\/uploads\/2023\/08\/pexels-yan-krukau-5793976-2048x1365.jpg 2048w, https:\/\/www.keletimodszerekkozpont.hu\/wp-content\/uploads\/2023\/08\/pexels-yan-krukau-5793976-90x60.jpg 90w, https:\/\/www.keletimodszerekkozpont.hu\/wp-content\/uploads\/2023\/08\/pexels-yan-krukau-5793976-370x247.jpg 370w, https:\/\/www.keletimodszerekkozpont.hu\/wp-content\/uploads\/2023\/08\/pexels-yan-krukau-5793976-776x517.jpg 776w\" sizes=\"(max-width: 767px) 100vw, 767px\" \/>\t\t\t\t\t\t\t\t\t\t\t\t\t\t\t<\/div>\n\t\t\t\t<\/div>\n\t\t\t\t\t<\/div>\n\t\t<\/div>\n\t\t\t\t<div class=\"elementor-column elementor-col-50 elementor-top-column elementor-element elementor-element-5f486f8\" data-id=\"5f486f8\" data-element_type=\"column\" data-e-type=\"column\">\n\t\t\t<div class=\"elementor-widget-wrap elementor-element-populated\">\n\t\t\t\t\t\t<div class=\"elementor-element elementor-element-42c01c3 elementor-widget elementor-widget-text-editor\" data-id=\"42c01c3\" data-element_type=\"widget\" data-e-type=\"widget\" data-widget_type=\"text-editor.default\">\n\t\t\t\t<div class=\"elementor-widget-container\">\n\t\t\t\t\t\t\t\t\t<h5>Milyen esetekben tud seg\u00edteni a k\u00ednai akupressz\u00far\u00e1s talpmassz\u00e1zs, javallatok:<\/h5>\n<p>- pain relief (e.g. ear, tooth, headache, eye complaints, etc.);<\/p>\n<p>- gingivitis, toothache, bleeding gums;<\/p>\n<p>- reducing nausea;<\/p>\n<p>- tonsillitis, sinusitis;<\/p>\n<p>- allergies;<\/p>\n<p>- anxiety relief;<\/p>\n<p>- problems of the blood and lymphatic organs;<\/p>\n<p>- for musculoskeletal problems;<\/p>\n<p>- for digestive problems;<\/p>\n<p>- for respiratory problems;<\/p>\n<p>- for metabolic problems;<\/p>\n<p>- for immune system problems;<\/p>\n<p>- for nervous system problems;<\/p>\n<p>- for sedentary workers;<\/p>\n<p>- for sleep problems;<\/p>\n<p>- for stressful lifestyles;<\/p>\n<p>- as a general, preventive treatment.<\/p>\t\t\t\t\t\t\t\t<\/div>\n\t\t\t\t<\/div>\n\t\t\t\t\t<\/div>\n\t\t<\/div>\n\t\t\t\t\t<\/div>\n\t\t<\/section>\n\t\t\t\t<section class=\"elementor-section elementor-top-section elementor-element elementor-element-206d5d3 elementor-section-boxed elementor-section-height-default elementor-section-height-default\" data-id=\"206d5d3\" data-element_type=\"section\" data-e-type=\"section\">\n\t\t\t\t\t\t<div class=\"elementor-container elementor-column-gap-default\">\n\t\t\t\t\t<div class=\"elementor-column elementor-col-50 elementor-top-column elementor-element elementor-element-4301d08\" data-id=\"4301d08\" data-element_type=\"column\" data-e-type=\"column\">\n\t\t\t<div class=\"elementor-widget-wrap elementor-element-populated\">\n\t\t\t\t\t\t<div class=\"elementor-element elementor-element-f8798ae elementor-widget elementor-widget-image\" data-id=\"f8798ae\" data-element_type=\"widget\" data-e-type=\"widget\" data-widget_type=\"image.default\">\n\t\t\t\t<div class=\"elementor-widget-container\">\n\t\t\t\t\t\t\t\t\t\t\t\t\t\t\t<img decoding=\"async\" width=\"767\" height=\"512\" src=\"https:\/\/www.keletimodszerekkozpont.hu\/wp-content\/uploads\/2023\/08\/young-thoughtful-woman-showing-advertisement-pointing-finger-up-smiling-front-giving-knowing-look-standing-white-wall-1024x683.jpg\" class=\"attachment-large size-large wp-image-878\" alt=\"Foot reflexology foot massage Debrecen\" srcset=\"https:\/\/www.keletimodszerekkozpont.hu\/wp-content\/uploads\/2023\/08\/young-thoughtful-woman-showing-advertisement-pointing-finger-up-smiling-front-giving-knowing-look-standing-white-wall-1024x683.jpg 1024w, https:\/\/www.keletimodszerekkozpont.hu\/wp-content\/uploads\/2023\/08\/young-thoughtful-woman-showing-advertisement-pointing-finger-up-smiling-front-giving-knowing-look-standing-white-wall-300x200.jpg 300w, https:\/\/www.keletimodszerekkozpont.hu\/wp-content\/uploads\/2023\/08\/young-thoughtful-woman-showing-advertisement-pointing-finger-up-smiling-front-giving-knowing-look-standing-white-wall-768x512.jpg 768w, https:\/\/www.keletimodszerekkozpont.hu\/wp-content\/uploads\/2023\/08\/young-thoughtful-woman-showing-advertisement-pointing-finger-up-smiling-front-giving-knowing-look-standing-white-wall-1536x1024.jpg 1536w, https:\/\/www.keletimodszerekkozpont.hu\/wp-content\/uploads\/2023\/08\/young-thoughtful-woman-showing-advertisement-pointing-finger-up-smiling-front-giving-knowing-look-standing-white-wall-2048x1365.jpg 2048w, https:\/\/www.keletimodszerekkozpont.hu\/wp-content\/uploads\/2023\/08\/young-thoughtful-woman-showing-advertisement-pointing-finger-up-smiling-front-giving-knowing-look-standing-white-wall-90x60.jpg 90w, https:\/\/www.keletimodszerekkozpont.hu\/wp-content\/uploads\/2023\/08\/young-thoughtful-woman-showing-advertisement-pointing-finger-up-smiling-front-giving-knowing-look-standing-white-wall-370x247.jpg 370w, https:\/\/www.keletimodszerekkozpont.hu\/wp-content\/uploads\/2023\/08\/young-thoughtful-woman-showing-advertisement-pointing-finger-up-smiling-front-giving-knowing-look-standing-white-wall-776x517.jpg 776w\" sizes=\"(max-width: 767px) 100vw, 767px\" \/>\t\t\t\t\t\t\t\t\t\t\t\t\t\t\t<\/div>\n\t\t\t\t<\/div>\n\t\t\t\t\t<\/div>\n\t\t<\/div>\n\t\t\t\t<div class=\"elementor-column elementor-col-50 elementor-top-column elementor-element elementor-element-63a3809\" data-id=\"63a3809\" data-element_type=\"column\" data-e-type=\"column\">\n\t\t\t<div class=\"elementor-widget-wrap elementor-element-populated\">\n\t\t\t\t\t\t<div class=\"elementor-element elementor-element-4befbea elementor-widget elementor-widget-text-editor\" data-id=\"4befbea\" data-element_type=\"widget\" data-e-type=\"widget\" data-widget_type=\"text-editor.default\">\n\t\t\t\t<div class=\"elementor-widget-container\">\n\t\t\t\t\t\t\t\t\t<h5>Contraindications:<\/h5>\n<p>- Mild inflammation in the varicose veins, at the time of thrombosis;<\/p>\n<p>- For fungal foot and other skin diseases (Infection can spread during massage!);<\/p>\n<p>- For leg ulcers, gangrene;<\/p>\n<p>- For burns, open wounds, fractures;<\/p>\n<p>- For infectious diseases;<\/p>\n<p>- Severe heart failure in the event of a pacemaker.&nbsp;<\/p>\n<p>- For severe circulatory disorders;<\/p>\n<p>- For high fever;<\/p>\n<p>- Rapidly developing inflammatory conditions;<\/p>\n<p>- For unstable mental state, mental disorders;<\/p>\n<p>- In certain cases of pregnancy;<\/p>\n<p>- In cancer patients.<\/p>\n<p><br><\/p>\n<p>Szolg\u00e1ltat\u00e1saim \u00e1ltal ny\u00fajtott kezel\u00e9sek fizikai k\u00f6z\u00e9rzet jav\u00edt\u00f3 m\u00f3dszerek, melyek nem helyettes\u00edtik az orvosi ell\u00e1t\u00e1st, az orvosi ter\u00e1pi\u00e1s kezel\u00e9st, vagy az orvos \u00e1ltal elrendel\u00e9sre ker\u00fclt gy\u00f3gyszert, viszont ezek mellett kieg\u00e9sz\u00edt\u00e9sk\u00e9ppen alkalmazhat\u00f3ak k\u00e1ros mell\u00e9khat\u00e1s n\u00e9lk\u00fcl.<br><\/p>\t\t\t\t\t\t\t\t<\/div>\n\t\t\t\t<\/div>\n\t\t\t\t\t<\/div>\n\t\t<\/div>\n\t\t\t\t\t<\/div>\n\t\t<\/section>\n\t\t\t\t<\/div>","protected":false},"excerpt":{"rendered":"<p>Reflex therapy is a gentle but effective method that can be used at any stage of life. Today it is part of the therapy services of many clinics and health centres. Reflexology is based on the principle of acupuncture energy channels. Each area of the foot, each reflex point, is connected to the ... <\/p>","protected":false},"author":1,"featured_media":899,"parent":0,"menu_order":0,"comment_status":"closed","ping_status":"closed","template":"","meta":{"footnotes":""},"class_list":["post-620","page","type-page","status-publish","has-post-thumbnail","hentry"],"yoast_head":"<!-- This site is optimized with the Yoast SEO plugin v25.6 - https:\/\/yoast.com\/wordpress\/plugins\/seo\/ -->\n<title>Talpreflexol\u00f3gia, talpmassz\u00e1zs Debrecen<\/title>\n<meta name=\"description\" content=\"A reflexter\u00e1pia szel\u00edd, de hat\u00e9kony m\u00f3dszer, b\u00e1rmely \u00e9letszakaszban elv\u00e9gezhet\u0151. Debrecenben m\u00e1r \u00e9vek \u00f3ta seg\u00edtek a hozz\u00e1m fordul\u00f3knak.\" \/>\n<meta name=\"robots\" content=\"index, follow, max-snippet:-1, max-image-preview:large, max-video-preview:-1\" \/>\n<link rel=\"canonical\" href=\"https:\/\/www.keletimodszerekkozpont.hu\/en\/foot-reflexology-foot-massage\/\" \/>\n<meta property=\"og:locale\" content=\"en_GB\" \/>\n<meta property=\"og:type\" content=\"article\" \/>\n<meta property=\"og:title\" content=\"Talpreflexol\u00f3gia, talpmassz\u00e1zs Debrecen\" \/>\n<meta property=\"og:description\" content=\"A reflexter\u00e1pia szel\u00edd, de hat\u00e9kony m\u00f3dszer, b\u00e1rmely \u00e9letszakaszban elv\u00e9gezhet\u0151. Debrecenben m\u00e1r \u00e9vek \u00f3ta seg\u00edtek a hozz\u00e1m fordul\u00f3knak.\" \/>\n<meta property=\"og:url\" content=\"https:\/\/www.keletimodszerekkozpont.hu\/en\/foot-reflexology-foot-massage\/\" \/>\n<meta property=\"og:site_name\" content=\"keletimodszerekkozpont.hu\" \/>\n<meta property=\"article:publisher\" content=\"https:\/\/www.facebook.com\/profile.php?id=61551079794439\" \/>\n<meta property=\"article:modified_time\" content=\"2025-11-17T22:39:16+00:00\" \/>\n<meta property=\"og:image\" content=\"https:\/\/www.keletimodszerekkozpont.hu\/wp-content\/uploads\/2023\/08\/pexels-yan-krukau-5793976-scaled.jpg\" \/>\n\t<meta property=\"og:image:width\" content=\"2560\" \/>\n\t<meta property=\"og:image:height\" content=\"1707\" \/>\n\t<meta property=\"og:image:type\" content=\"image\/jpeg\" \/>\n<meta name=\"twitter:card\" content=\"summary_large_image\" \/>\n<meta name=\"twitter:label1\" content=\"Estimated reading time\" \/>\n\t<meta name=\"twitter:data1\" content=\"2 minutes\" \/>\n<script type=\"application\/ld+json\" class=\"yoast-schema-graph\">{\"@context\":\"https:\/\/schema.org\",\"@graph\":[{\"@type\":\"WebPage\",\"@id\":\"https:\/\/www.keletimodszerekkozpont.hu\/talpreflexologia-talpmasszazs\/\",\"url\":\"https:\/\/www.keletimodszerekkozpont.hu\/talpreflexologia-talpmasszazs\/\",\"name\":\"Talpreflexol\u00f3gia, talpmassz\u00e1zs Debrecen\",\"isPartOf\":{\"@id\":\"https:\/\/www.keletimodszerekkozpont.hu\/#website\"},\"primaryImageOfPage\":{\"@id\":\"https:\/\/www.keletimodszerekkozpont.hu\/talpreflexologia-talpmasszazs\/#primaryimage\"},\"image\":{\"@id\":\"https:\/\/www.keletimodszerekkozpont.hu\/talpreflexologia-talpmasszazs\/#primaryimage\"},\"thumbnailUrl\":\"https:\/\/www.keletimodszerekkozpont.hu\/wp-content\/uploads\/2023\/08\/pexels-yan-krukau-5793976-scaled.jpg\",\"datePublished\":\"2023-08-16T17:32:07+00:00\",\"dateModified\":\"2025-11-17T22:39:16+00:00\",\"description\":\"A reflexter\u00e1pia szel\u00edd, de hat\u00e9kony m\u00f3dszer, b\u00e1rmely \u00e9letszakaszban elv\u00e9gezhet\u0151. Debrecenben m\u00e1r \u00e9vek \u00f3ta seg\u00edtek a hozz\u00e1m fordul\u00f3knak.\",\"breadcrumb\":{\"@id\":\"https:\/\/www.keletimodszerekkozpont.hu\/talpreflexologia-talpmasszazs\/#breadcrumb\"},\"inLanguage\":\"en-GB\",\"potentialAction\":[{\"@type\":\"ReadAction\",\"target\":[\"https:\/\/www.keletimodszerekkozpont.hu\/talpreflexologia-talpmasszazs\/\"]}]},{\"@type\":\"ImageObject\",\"inLanguage\":\"en-GB\",\"@id\":\"https:\/\/www.keletimodszerekkozpont.hu\/talpreflexologia-talpmasszazs\/#primaryimage\",\"url\":\"https:\/\/www.keletimodszerekkozpont.hu\/wp-content\/uploads\/2023\/08\/pexels-yan-krukau-5793976-scaled.jpg\",\"contentUrl\":\"https:\/\/www.keletimodszerekkozpont.hu\/wp-content\/uploads\/2023\/08\/pexels-yan-krukau-5793976-scaled.jpg\",\"width\":2560,\"height\":1707,\"caption\":\"Talpreflexol\u00f3gia talpmassz\u00e1zs Debrecen\"},{\"@type\":\"BreadcrumbList\",\"@id\":\"https:\/\/www.keletimodszerekkozpont.hu\/talpreflexologia-talpmasszazs\/#breadcrumb\",\"itemListElement\":[{\"@type\":\"ListItem\",\"position\":1,\"name\":\"Home\",\"item\":\"https:\/\/www.keletimodszerekkozpont.hu\/\"},{\"@type\":\"ListItem\",\"position\":2,\"name\":\"Talpreflexol\u00f3gia\"}]},{\"@type\":\"WebSite\",\"@id\":\"https:\/\/www.keletimodszerekkozpont.hu\/#website\",\"url\":\"https:\/\/www.keletimodszerekkozpont.hu\/\",\"name\":\"keletimodszerekkozpont.hu\",\"description\":\"K\u00ednai akupressz\u00far\u00e1s meridi\u00e1n massz\u00e1zs, M\u0171szeres \u00e1llapotfelm\u00e9r\u00e9s EMC,  Hagyom\u00e1nyos k\u00ednai gy\u00f3gy\u00e1szat eszk\u00f6zei, keleti massz\u00e1zsok, Reiki, Bemer\",\"publisher\":{\"@id\":\"https:\/\/www.keletimodszerekkozpont.hu\/#organization\"},\"potentialAction\":[{\"@type\":\"SearchAction\",\"target\":{\"@type\":\"EntryPoint\",\"urlTemplate\":\"https:\/\/www.keletimodszerekkozpont.hu\/?s={search_term_string}\"},\"query-input\":{\"@type\":\"PropertyValueSpecification\",\"valueRequired\":true,\"valueName\":\"search_term_string\"}}],\"inLanguage\":\"en-GB\"},{\"@type\":\"Organization\",\"@id\":\"https:\/\/www.keletimodszerekkozpont.hu\/#organization\",\"name\":\"Keleti Gy\u00f3gym\u00f3dok Debrecen\",\"url\":\"https:\/\/www.keletimodszerekkozpont.hu\/\",\"logo\":{\"@type\":\"ImageObject\",\"inLanguage\":\"en-GB\",\"@id\":\"https:\/\/www.keletimodszerekkozpont.hu\/#\/schema\/logo\/image\/\",\"url\":\"https:\/\/www.keletimodszerekkozpont.hu\/wp-content\/uploads\/2024\/06\/cropped-keleti_gyogymodok_debrecen.jpg\",\"contentUrl\":\"https:\/\/www.keletimodszerekkozpont.hu\/wp-content\/uploads\/2024\/06\/cropped-keleti_gyogymodok_debrecen.jpg\",\"width\":512,\"height\":512,\"caption\":\"Keleti Gy\u00f3gym\u00f3dok Debrecen\"},\"image\":{\"@id\":\"https:\/\/www.keletimodszerekkozpont.hu\/#\/schema\/logo\/image\/\"},\"sameAs\":[\"https:\/\/www.facebook.com\/profile.php?id=61551079794439\"]}]}<\/script>\n<!-- \/ Yoast SEO plugin. -->","yoast_head_json":{"title":"Foot reflexology, foot massage Debrecen","description":"Reflex therapy is a gentle but effective method that can be used at any stage of life. I have been helping people in Debrecen for years.","robots":{"index":"index","follow":"follow","max-snippet":"max-snippet:-1","max-image-preview":"max-image-preview:large","max-video-preview":"max-video-preview:-1"},"canonical":"https:\/\/www.keletimodszerekkozpont.hu\/en\/foot-reflexology-foot-massage\/","og_locale":"en_GB","og_type":"article","og_title":"Talpreflexol\u00f3gia, talpmassz\u00e1zs Debrecen","og_description":"A reflexter\u00e1pia szel\u00edd, de hat\u00e9kony m\u00f3dszer, b\u00e1rmely \u00e9letszakaszban elv\u00e9gezhet\u0151. Debrecenben m\u00e1r \u00e9vek \u00f3ta seg\u00edtek a hozz\u00e1m fordul\u00f3knak.","og_url":"https:\/\/www.keletimodszerekkozpont.hu\/en\/foot-reflexology-foot-massage\/","og_site_name":"keletimodszerekkozpont.hu","article_publisher":"https:\/\/www.facebook.com\/profile.php?id=61551079794439","article_modified_time":"2025-11-17T22:39:16+00:00","og_image":[{"width":2560,"height":1707,"url":"https:\/\/www.keletimodszerekkozpont.hu\/wp-content\/uploads\/2023\/08\/pexels-yan-krukau-5793976-scaled.jpg","type":"image\/jpeg"}],"twitter_card":"summary_large_image","twitter_misc":{"Estimated reading time":"2 minutes"},"schema":{"@context":"https:\/\/schema.org","@graph":[{"@type":"WebPage","@id":"https:\/\/www.keletimodszerekkozpont.hu\/talpreflexologia-talpmasszazs\/","url":"https:\/\/www.keletimodszerekkozpont.hu\/talpreflexologia-talpmasszazs\/","name":"Foot reflexology, foot massage Debrecen","isPartOf":{"@id":"https:\/\/www.keletimodszerekkozpont.hu\/#website"},"primaryImageOfPage":{"@id":"https:\/\/www.keletimodszerekkozpont.hu\/talpreflexologia-talpmasszazs\/#primaryimage"},"image":{"@id":"https:\/\/www.keletimodszerekkozpont.hu\/talpreflexologia-talpmasszazs\/#primaryimage"},"thumbnailUrl":"https:\/\/www.keletimodszerekkozpont.hu\/wp-content\/uploads\/2023\/08\/pexels-yan-krukau-5793976-scaled.jpg","datePublished":"2023-08-16T17:32:07+00:00","dateModified":"2025-11-17T22:39:16+00:00","description":"Reflex therapy is a gentle but effective method that can be used at any stage of life. I have been helping people in Debrecen for years.","breadcrumb":{"@id":"https:\/\/www.keletimodszerekkozpont.hu\/talpreflexologia-talpmasszazs\/#breadcrumb"},"inLanguage":"en-GB","potentialAction":[{"@type":"ReadAction","target":["https:\/\/www.keletimodszerekkozpont.hu\/talpreflexologia-talpmasszazs\/"]}]},{"@type":"ImageObject","inLanguage":"en-GB","@id":"https:\/\/www.keletimodszerekkozpont.hu\/talpreflexologia-talpmasszazs\/#primaryimage","url":"https:\/\/www.keletimodszerekkozpont.hu\/wp-content\/uploads\/2023\/08\/pexels-yan-krukau-5793976-scaled.jpg","contentUrl":"https:\/\/www.keletimodszerekkozpont.hu\/wp-content\/uploads\/2023\/08\/pexels-yan-krukau-5793976-scaled.jpg","width":2560,"height":1707,"caption":"Talpreflexol\u00f3gia talpmassz\u00e1zs Debrecen"},{"@type":"BreadcrumbList","@id":"https:\/\/www.keletimodszerekkozpont.hu\/talpreflexologia-talpmasszazs\/#breadcrumb","itemListElement":[{"@type":"ListItem","position":1,"name":"Home","item":"https:\/\/www.keletimodszerekkozpont.hu\/"},{"@type":"ListItem","position":2,"name":"Talpreflexol\u00f3gia"}]},{"@type":"WebSite","@id":"https:\/\/www.keletimodszerekkozpont.hu\/#website","url":"https:\/\/www.keletimodszerekkozpont.hu\/","name":"keletimodszerekkozpont.hu","description":"K\u00ednai akupressz\u00far\u00e1s meridi\u00e1n massz\u00e1zs, M\u0171szeres \u00e1llapotfelm\u00e9r\u00e9s EMC,  Hagyom\u00e1nyos k\u00ednai gy\u00f3gy\u00e1szat eszk\u00f6zei, keleti massz\u00e1zsok, Reiki, Bemer","publisher":{"@id":"https:\/\/www.keletimodszerekkozpont.hu\/#organization"},"potentialAction":[{"@type":"SearchAction","target":{"@type":"EntryPoint","urlTemplate":"https:\/\/www.keletimodszerekkozpont.hu\/?s={search_term_string}"},"query-input":{"@type":"PropertyValueSpecification","valueRequired":true,"valueName":"search_term_string"}}],"inLanguage":"en-GB"},{"@type":"Organization","@id":"https:\/\/www.keletimodszerekkozpont.hu\/#organization","name":"Oriental Medicines Debrecen","url":"https:\/\/www.keletimodszerekkozpont.hu\/","logo":{"@type":"ImageObject","inLanguage":"en-GB","@id":"https:\/\/www.keletimodszerekkozpont.hu\/#\/schema\/logo\/image\/","url":"https:\/\/www.keletimodszerekkozpont.hu\/wp-content\/uploads\/2024\/06\/cropped-keleti_gyogymodok_debrecen.jpg","contentUrl":"https:\/\/www.keletimodszerekkozpont.hu\/wp-content\/uploads\/2024\/06\/cropped-keleti_gyogymodok_debrecen.jpg","width":512,"height":512,"caption":"Keleti Gy\u00f3gym\u00f3dok Debrecen"},"image":{"@id":"https:\/\/www.keletimodszerekkozpont.hu\/#\/schema\/logo\/image\/"},"sameAs":["https:\/\/www.facebook.com\/profile.php?id=61551079794439"]}]}},"_links":{"self":[{"href":"https:\/\/www.keletimodszerekkozpont.hu\/en\/wp-json\/wp\/v2\/pages\/620"}],"collection":[{"href":"https:\/\/www.keletimodszerekkozpont.hu\/en\/wp-json\/wp\/v2\/pages"}],"about":[{"href":"https:\/\/www.keletimodszerekkozpont.hu\/en\/wp-json\/wp\/v2\/types\/page"}],"author":[{"embeddable":true,"href":"https:\/\/www.keletimodszerekkozpont.hu\/en\/wp-json\/wp\/v2\/users\/1"}],"replies":[{"embeddable":true,"href":"https:\/\/www.keletimodszerekkozpont.hu\/en\/wp-json\/wp\/v2\/comments?post=620"}],"version-history":[{"count":6,"href":"https:\/\/www.keletimodszerekkozpont.hu\/en\/wp-json\/wp\/v2\/pages\/620\/revisions"}],"predecessor-version":[{"id":2026,"href":"https:\/\/www.keletimodszerekkozpont.hu\/en\/wp-json\/wp\/v2\/pages\/620\/revisions\/2026"}],"wp:featuredmedia":[{"embeddable":true,"href":"https:\/\/www.keletimodszerekkozpont.hu\/en\/wp-json\/wp\/v2\/media\/899"}],"wp:attachment":[{"href":"https:\/\/www.keletimodszerekkozpont.hu\/en\/wp-json\/wp\/v2\/media?parent=620"}],"curies":[{"name":"wp","href":"https:\/\/api.w.org\/{rel}","templated":true}]}}