{"id":62,"date":"2023-04-29T11:24:58","date_gmt":"2023-04-29T09:24:58","guid":{"rendered":"https:\/\/www.keletimodszerekkozpont.hu\/?page_id=62"},"modified":"2025-11-22T20:37:32","modified_gmt":"2025-11-22T19:37:32","slug":"contact","status":"publish","type":"page","link":"https:\/\/www.keletimodszerekkozpont.hu\/en\/contact\/","title":{"rendered":"Contact"},"content":{"rendered":"<div data-elementor-type=\"wp-page\" data-elementor-id=\"62\" class=\"elementor elementor-62\">\n\t\t\t\t\t\t<section class=\"elementor-section elementor-top-section elementor-element elementor-element-927c133 elementor-section-boxed elementor-section-height-default elementor-section-height-default\" data-id=\"927c133\" data-element_type=\"section\" data-e-type=\"section\">\n\t\t\t\t\t\t<div class=\"elementor-container elementor-column-gap-default\">\n\t\t\t\t\t<div class=\"elementor-column elementor-col-50 elementor-top-column elementor-element elementor-element-8b976cd\" data-id=\"8b976cd\" data-element_type=\"column\" data-e-type=\"column\">\n\t\t\t<div class=\"elementor-widget-wrap elementor-element-populated\">\n\t\t\t\t\t\t<div class=\"elementor-element elementor-element-09674b2 elementor-widget elementor-widget-google_maps\" data-id=\"09674b2\" data-element_type=\"widget\" data-e-type=\"widget\" data-widget_type=\"google_maps.default\">\n\t\t\t\t<div class=\"elementor-widget-container\">\n\t\t\t\t\t\t\t<div class=\"elementor-custom-embed\">\n\t\t\t<iframe loading=\"lazy\"\n\t\t\t\t\tsrc=\"https:\/\/maps.google.com\/maps?q=Debrecen%204032%20C%C3%ADvis%20utca&#038;t=m&#038;z=12&#038;output=embed&#038;iwloc=near\"\n\t\t\t\t\ttitle=\"Debrecen 4032 C\u00edvis utca\"\n\t\t\t\t\taria-label=\"Debrecen 4032 C\u00edvis utca\"\n\t\t\t><\/iframe>\n\t\t<\/div>\n\t\t\t\t\t\t<\/div>\n\t\t\t\t<\/div>\n\t\t\t\t\t<\/div>\n\t\t<\/div>\n\t\t\t\t<div class=\"elementor-column elementor-col-50 elementor-top-column elementor-element elementor-element-3f1f9ea\" data-id=\"3f1f9ea\" data-element_type=\"column\" data-e-type=\"column\">\n\t\t\t<div class=\"elementor-widget-wrap elementor-element-populated\">\n\t\t\t\t\t\t<div class=\"elementor-element elementor-element-9b95698 elementor-widget elementor-widget-text-editor\" data-id=\"9b95698\" data-element_type=\"widget\" data-e-type=\"widget\" data-widget_type=\"text-editor.default\">\n\t\t\t\t<div class=\"elementor-widget-container\">\n\t\t\t\t\t\t\t\t\t<p>Kezel\u0151helyis\u00e9gem Debrecenben, a C\u00edvis utca 14. sz\u00e1m alatt tal\u00e1lhat\u00f3.<\/p>\n<p>Megk\u00f6zel\u00edt\u00e9s t\u00f6megk\u00f6zleked\u00e9ssel az al\u00e1bbiakkal lehets\u00e9ges: 2-es villamos, vagy buszok k\u00f6z\u00fcl 12, 15, 15Y, 22, 22Y, 23, 24, 24Y, 34, 35, 35E, 35Y, 36, 36E. A szalon a buszmeg\u00e1ll\u00f3t\u00f3l, villamosmeg\u00e1ll\u00f3t\u00f3l p\u00e1r perc s\u00e9t\u00e1ra tal\u00e1lhat\u00f3.<\/p>\n<p>Aut\u00f3val van lehet\u0151s\u00e9g parkol\u00e1sra, a parkol\u00e1s a C\u00edvis utc\u00e1n 2025. augusztus 1.-t\u0151l fizet\u0151s lett.<\/p>\n<p>Appointments can be made using any of the following contact details:<\/p>\n<p><\/p>\n<p>Telephone: 06 20 943 99 49<\/p>\n<p>Email: rudinedrmezeia@gmail.com<\/p>\n<p>Messenger\/Facebook: Keleti M\u00f3dszerek K\u00f6zpont Debrecen<\/p>\n<p><\/p>\t\t\t\t\t\t\t\t<\/div>\n\t\t\t\t<\/div>\n\t\t\t\t\t<\/div>\n\t\t<\/div>\n\t\t\t\t\t<\/div>\n\t\t<\/section>\n\t\t\t\t<\/div>","protected":false},"excerpt":{"rendered":"<p>Kezel\u0151helyis\u00e9gem Debrecenben, a C\u00edvis utca 14. sz\u00e1m alatt tal\u00e1lhat\u00f3. Megk\u00f6zel\u00edt\u00e9s t\u00f6megk\u00f6zleked\u00e9ssel az al\u00e1bbiakkal lehets\u00e9ges: 2-es villamos, vagy buszok k\u00f6z\u00fcl 12, 15, 15Y, 22, 22Y, 23, 24, 24Y, 34, 35, 35E, &hellip; <\/p>","protected":false},"author":1,"featured_media":174,"parent":0,"menu_order":1,"comment_status":"closed","ping_status":"closed","template":"","meta":{"footnotes":""},"class_list":["post-62","page","type-page","status-publish","has-post-thumbnail","hentry"],"yoast_head":"<!-- This site is optimized with the Yoast SEO plugin v25.6 - https:\/\/yoast.com\/wordpress\/plugins\/seo\/ -->\n<title>Kapcsolat - Keleti M\u00f3dszerek K\u00f6zpont Debrecen<\/title>\n<meta name=\"description\" content=\"Kezel\u0151helyis\u00e9gem Debrecenben, a C\u00edvis utca 14.-n\u00e9l tal\u00e1lhat\u00f3, csendes \u00e9s f\u00e1kkal \u00f6vezett lak\u00f3h\u00e1zak k\u00f6z\u00f6tt. Rudin\u00e9 drMezei Anita, 20\/943 99 49\" \/>\n<meta name=\"robots\" content=\"index, follow, max-snippet:-1, max-image-preview:large, max-video-preview:-1\" \/>\n<link rel=\"canonical\" href=\"https:\/\/www.keletimodszerekkozpont.hu\/en\/contact\/\" \/>\n<meta property=\"og:locale\" content=\"en_GB\" \/>\n<meta property=\"og:type\" content=\"article\" \/>\n<meta property=\"og:title\" content=\"Kapcsolat - Keleti M\u00f3dszerek K\u00f6zpont Debrecen\" \/>\n<meta property=\"og:description\" content=\"Kezel\u0151helyis\u00e9gem Debrecenben, a C\u00edvis utca 14.-n\u00e9l tal\u00e1lhat\u00f3, csendes \u00e9s f\u00e1kkal \u00f6vezett lak\u00f3h\u00e1zak k\u00f6z\u00f6tt. Rudin\u00e9 drMezei Anita, 20\/943 99 49\" \/>\n<meta property=\"og:url\" content=\"https:\/\/www.keletimodszerekkozpont.hu\/en\/contact\/\" \/>\n<meta property=\"og:site_name\" content=\"keletimodszerekkozpont.hu\" \/>\n<meta property=\"article:publisher\" content=\"https:\/\/www.facebook.com\/profile.php?id=61551079794439\" \/>\n<meta property=\"article:modified_time\" content=\"2025-11-22T19:37:32+00:00\" \/>\n<meta property=\"og:image\" content=\"https:\/\/www.keletimodszerekkozpont.hu\/wp-content\/uploads\/2023\/07\/parents-scaled.jpg\" \/>\n\t<meta property=\"og:image:width\" content=\"2560\" \/>\n\t<meta property=\"og:image:height\" content=\"1707\" \/>\n\t<meta property=\"og:image:type\" content=\"image\/jpeg\" \/>\n<meta name=\"twitter:card\" content=\"summary_large_image\" \/>\n<meta name=\"twitter:label1\" content=\"Estimated reading time\" \/>\n\t<meta name=\"twitter:data1\" content=\"1 minute\" \/>\n<script type=\"application\/ld+json\" class=\"yoast-schema-graph\">{\"@context\":\"https:\/\/schema.org\",\"@graph\":[{\"@type\":\"WebPage\",\"@id\":\"https:\/\/www.keletimodszerekkozpont.hu\/kapcsolat\/\",\"url\":\"https:\/\/www.keletimodszerekkozpont.hu\/kapcsolat\/\",\"name\":\"Kapcsolat - Keleti M\u00f3dszerek K\u00f6zpont Debrecen\",\"isPartOf\":{\"@id\":\"https:\/\/www.keletimodszerekkozpont.hu\/#website\"},\"primaryImageOfPage\":{\"@id\":\"https:\/\/www.keletimodszerekkozpont.hu\/kapcsolat\/#primaryimage\"},\"image\":{\"@id\":\"https:\/\/www.keletimodszerekkozpont.hu\/kapcsolat\/#primaryimage\"},\"thumbnailUrl\":\"https:\/\/www.keletimodszerekkozpont.hu\/wp-content\/uploads\/2023\/07\/parents-scaled.jpg\",\"datePublished\":\"2023-04-29T09:24:58+00:00\",\"dateModified\":\"2025-11-22T19:37:32+00:00\",\"description\":\"Kezel\u0151helyis\u00e9gem Debrecenben, a C\u00edvis utca 14.-n\u00e9l tal\u00e1lhat\u00f3, csendes \u00e9s f\u00e1kkal \u00f6vezett lak\u00f3h\u00e1zak k\u00f6z\u00f6tt. Rudin\u00e9 drMezei Anita, 20\/943 99 49\",\"breadcrumb\":{\"@id\":\"https:\/\/www.keletimodszerekkozpont.hu\/kapcsolat\/#breadcrumb\"},\"inLanguage\":\"en-GB\",\"potentialAction\":[{\"@type\":\"ReadAction\",\"target\":[\"https:\/\/www.keletimodszerekkozpont.hu\/kapcsolat\/\"]}]},{\"@type\":\"ImageObject\",\"inLanguage\":\"en-GB\",\"@id\":\"https:\/\/www.keletimodszerekkozpont.hu\/kapcsolat\/#primaryimage\",\"url\":\"https:\/\/www.keletimodszerekkozpont.hu\/wp-content\/uploads\/2023\/07\/parents-scaled.jpg\",\"contentUrl\":\"https:\/\/www.keletimodszerekkozpont.hu\/wp-content\/uploads\/2023\/07\/parents-scaled.jpg\",\"width\":2560,\"height\":1707,\"caption\":\"Parents with their children walking in field\"},{\"@type\":\"BreadcrumbList\",\"@id\":\"https:\/\/www.keletimodszerekkozpont.hu\/kapcsolat\/#breadcrumb\",\"itemListElement\":[{\"@type\":\"ListItem\",\"position\":1,\"name\":\"Home\",\"item\":\"https:\/\/www.keletimodszerekkozpont.hu\/\"},{\"@type\":\"ListItem\",\"position\":2,\"name\":\"Kapcsolat\"}]},{\"@type\":\"WebSite\",\"@id\":\"https:\/\/www.keletimodszerekkozpont.hu\/#website\",\"url\":\"https:\/\/www.keletimodszerekkozpont.hu\/\",\"name\":\"keletimodszerekkozpont.hu\",\"description\":\"K\u00ednai akupressz\u00far\u00e1s meridi\u00e1n massz\u00e1zs, M\u0171szeres \u00e1llapotfelm\u00e9r\u00e9s EMC,  Hagyom\u00e1nyos k\u00ednai gy\u00f3gy\u00e1szat eszk\u00f6zei, keleti massz\u00e1zsok, Reiki, Bemer\",\"publisher\":{\"@id\":\"https:\/\/www.keletimodszerekkozpont.hu\/#organization\"},\"potentialAction\":[{\"@type\":\"SearchAction\",\"target\":{\"@type\":\"EntryPoint\",\"urlTemplate\":\"https:\/\/www.keletimodszerekkozpont.hu\/?s={search_term_string}\"},\"query-input\":{\"@type\":\"PropertyValueSpecification\",\"valueRequired\":true,\"valueName\":\"search_term_string\"}}],\"inLanguage\":\"en-GB\"},{\"@type\":\"Organization\",\"@id\":\"https:\/\/www.keletimodszerekkozpont.hu\/#organization\",\"name\":\"Keleti Gy\u00f3gym\u00f3dok Debrecen\",\"url\":\"https:\/\/www.keletimodszerekkozpont.hu\/\",\"logo\":{\"@type\":\"ImageObject\",\"inLanguage\":\"en-GB\",\"@id\":\"https:\/\/www.keletimodszerekkozpont.hu\/#\/schema\/logo\/image\/\",\"url\":\"https:\/\/www.keletimodszerekkozpont.hu\/wp-content\/uploads\/2024\/06\/cropped-keleti_gyogymodok_debrecen.jpg\",\"contentUrl\":\"https:\/\/www.keletimodszerekkozpont.hu\/wp-content\/uploads\/2024\/06\/cropped-keleti_gyogymodok_debrecen.jpg\",\"width\":512,\"height\":512,\"caption\":\"Keleti Gy\u00f3gym\u00f3dok Debrecen\"},\"image\":{\"@id\":\"https:\/\/www.keletimodszerekkozpont.hu\/#\/schema\/logo\/image\/\"},\"sameAs\":[\"https:\/\/www.facebook.com\/profile.php?id=61551079794439\"]}]}<\/script>\n<!-- \/ Yoast SEO plugin. -->","yoast_head_json":{"title":"Kapcsolat - Keleti M\u00f3dszerek K\u00f6zpont Debrecen","description":"My office is located in Debrecen, at 14 C\u00edvis utca, among quiet and tree-lined residential buildings. Anita Rudin\u00e9 drMezei, 20\/943 99 49","robots":{"index":"index","follow":"follow","max-snippet":"max-snippet:-1","max-image-preview":"max-image-preview:large","max-video-preview":"max-video-preview:-1"},"canonical":"https:\/\/www.keletimodszerekkozpont.hu\/en\/contact\/","og_locale":"en_GB","og_type":"article","og_title":"Kapcsolat - Keleti M\u00f3dszerek K\u00f6zpont Debrecen","og_description":"Kezel\u0151helyis\u00e9gem Debrecenben, a C\u00edvis utca 14.-n\u00e9l tal\u00e1lhat\u00f3, csendes \u00e9s f\u00e1kkal \u00f6vezett lak\u00f3h\u00e1zak k\u00f6z\u00f6tt. Rudin\u00e9 drMezei Anita, 20\/943 99 49","og_url":"https:\/\/www.keletimodszerekkozpont.hu\/en\/contact\/","og_site_name":"keletimodszerekkozpont.hu","article_publisher":"https:\/\/www.facebook.com\/profile.php?id=61551079794439","article_modified_time":"2025-11-22T19:37:32+00:00","og_image":[{"width":2560,"height":1707,"url":"https:\/\/www.keletimodszerekkozpont.hu\/wp-content\/uploads\/2023\/07\/parents-scaled.jpg","type":"image\/jpeg"}],"twitter_card":"summary_large_image","twitter_misc":{"Estimated reading time":"1 minute"},"schema":{"@context":"https:\/\/schema.org","@graph":[{"@type":"WebPage","@id":"https:\/\/www.keletimodszerekkozpont.hu\/kapcsolat\/","url":"https:\/\/www.keletimodszerekkozpont.hu\/kapcsolat\/","name":"Kapcsolat - Keleti M\u00f3dszerek K\u00f6zpont Debrecen","isPartOf":{"@id":"https:\/\/www.keletimodszerekkozpont.hu\/#website"},"primaryImageOfPage":{"@id":"https:\/\/www.keletimodszerekkozpont.hu\/kapcsolat\/#primaryimage"},"image":{"@id":"https:\/\/www.keletimodszerekkozpont.hu\/kapcsolat\/#primaryimage"},"thumbnailUrl":"https:\/\/www.keletimodszerekkozpont.hu\/wp-content\/uploads\/2023\/07\/parents-scaled.jpg","datePublished":"2023-04-29T09:24:58+00:00","dateModified":"2025-11-22T19:37:32+00:00","description":"My office is located in Debrecen, at 14 C\u00edvis utca, among quiet and tree-lined residential buildings. Anita Rudin\u00e9 drMezei, 20\/943 99 49","breadcrumb":{"@id":"https:\/\/www.keletimodszerekkozpont.hu\/kapcsolat\/#breadcrumb"},"inLanguage":"en-GB","potentialAction":[{"@type":"ReadAction","target":["https:\/\/www.keletimodszerekkozpont.hu\/kapcsolat\/"]}]},{"@type":"ImageObject","inLanguage":"en-GB","@id":"https:\/\/www.keletimodszerekkozpont.hu\/kapcsolat\/#primaryimage","url":"https:\/\/www.keletimodszerekkozpont.hu\/wp-content\/uploads\/2023\/07\/parents-scaled.jpg","contentUrl":"https:\/\/www.keletimodszerekkozpont.hu\/wp-content\/uploads\/2023\/07\/parents-scaled.jpg","width":2560,"height":1707,"caption":"Parents with their children walking in field"},{"@type":"BreadcrumbList","@id":"https:\/\/www.keletimodszerekkozpont.hu\/kapcsolat\/#breadcrumb","itemListElement":[{"@type":"ListItem","position":1,"name":"Home","item":"https:\/\/www.keletimodszerekkozpont.hu\/"},{"@type":"ListItem","position":2,"name":"Kapcsolat"}]},{"@type":"WebSite","@id":"https:\/\/www.keletimodszerekkozpont.hu\/#website","url":"https:\/\/www.keletimodszerekkozpont.hu\/","name":"keletimodszerekkozpont.hu","description":"K\u00ednai akupressz\u00far\u00e1s meridi\u00e1n massz\u00e1zs, M\u0171szeres \u00e1llapotfelm\u00e9r\u00e9s EMC,  Hagyom\u00e1nyos k\u00ednai gy\u00f3gy\u00e1szat eszk\u00f6zei, keleti massz\u00e1zsok, Reiki, Bemer","publisher":{"@id":"https:\/\/www.keletimodszerekkozpont.hu\/#organization"},"potentialAction":[{"@type":"SearchAction","target":{"@type":"EntryPoint","urlTemplate":"https:\/\/www.keletimodszerekkozpont.hu\/?s={search_term_string}"},"query-input":{"@type":"PropertyValueSpecification","valueRequired":true,"valueName":"search_term_string"}}],"inLanguage":"en-GB"},{"@type":"Organization","@id":"https:\/\/www.keletimodszerekkozpont.hu\/#organization","name":"Oriental Medicines Debrecen","url":"https:\/\/www.keletimodszerekkozpont.hu\/","logo":{"@type":"ImageObject","inLanguage":"en-GB","@id":"https:\/\/www.keletimodszerekkozpont.hu\/#\/schema\/logo\/image\/","url":"https:\/\/www.keletimodszerekkozpont.hu\/wp-content\/uploads\/2024\/06\/cropped-keleti_gyogymodok_debrecen.jpg","contentUrl":"https:\/\/www.keletimodszerekkozpont.hu\/wp-content\/uploads\/2024\/06\/cropped-keleti_gyogymodok_debrecen.jpg","width":512,"height":512,"caption":"Keleti Gy\u00f3gym\u00f3dok Debrecen"},"image":{"@id":"https:\/\/www.keletimodszerekkozpont.hu\/#\/schema\/logo\/image\/"},"sameAs":["https:\/\/www.facebook.com\/profile.php?id=61551079794439"]}]}},"_links":{"self":[{"href":"https:\/\/www.keletimodszerekkozpont.hu\/en\/wp-json\/wp\/v2\/pages\/62"}],"collection":[{"href":"https:\/\/www.keletimodszerekkozpont.hu\/en\/wp-json\/wp\/v2\/pages"}],"about":[{"href":"https:\/\/www.keletimodszerekkozpont.hu\/en\/wp-json\/wp\/v2\/types\/page"}],"author":[{"embeddable":true,"href":"https:\/\/www.keletimodszerekkozpont.hu\/en\/wp-json\/wp\/v2\/users\/1"}],"replies":[{"embeddable":true,"href":"https:\/\/www.keletimodszerekkozpont.hu\/en\/wp-json\/wp\/v2\/comments?post=62"}],"version-history":[{"count":6,"href":"https:\/\/www.keletimodszerekkozpont.hu\/en\/wp-json\/wp\/v2\/pages\/62\/revisions"}],"predecessor-version":[{"id":2072,"href":"https:\/\/www.keletimodszerekkozpont.hu\/en\/wp-json\/wp\/v2\/pages\/62\/revisions\/2072"}],"wp:featuredmedia":[{"embeddable":true,"href":"https:\/\/www.keletimodszerekkozpont.hu\/en\/wp-json\/wp\/v2\/media\/174"}],"wp:attachment":[{"href":"https:\/\/www.keletimodszerekkozpont.hu\/en\/wp-json\/wp\/v2\/media?parent=62"}],"curies":[{"name":"wp","href":"https:\/\/api.w.org\/{rel}","templated":true}]}}