{"id":60,"date":"2023-04-29T11:24:41","date_gmt":"2023-04-29T09:24:41","guid":{"rendered":"https:\/\/www.keletimodszerekkozpont.hu\/?page_id=60"},"modified":"2026-02-04T08:43:50","modified_gmt":"2026-02-04T07:43:50","slug":"keleti-masszazs-debrecen-arak","status":"publish","type":"page","link":"https:\/\/www.keletimodszerekkozpont.hu\/en\/keleti-masszazs-debrecen-arak\/","title":{"rendered":"Prices"},"content":{"rendered":"<div data-elementor-type=\"wp-page\" data-elementor-id=\"60\" class=\"elementor elementor-60\">\n\t\t\t\t\t\t<section class=\"elementor-section elementor-top-section elementor-element elementor-element-95b442f elementor-section-boxed elementor-section-height-default elementor-section-height-default\" data-id=\"95b442f\" data-element_type=\"section\" data-e-type=\"section\">\n\t\t\t\t\t\t<div class=\"elementor-container elementor-column-gap-default\">\n\t\t\t\t\t<div class=\"elementor-column elementor-col-100 elementor-top-column elementor-element elementor-element-8cd43e5\" data-id=\"8cd43e5\" data-element_type=\"column\" data-e-type=\"column\">\n\t\t\t<div class=\"elementor-widget-wrap elementor-element-populated\">\n\t\t\t\t\t\t<div class=\"elementor-element elementor-element-f0febb5 elementor-widget__width-initial elementor-widget elementor-widget-text-editor\" data-id=\"f0febb5\" data-element_type=\"widget\" data-e-type=\"widget\" data-widget_type=\"text-editor.default\">\n\t\t\t\t<div class=\"elementor-widget-container\">\n\t\t\t\t\t\t\t\t\t<p><span style=\"color: var( --e-global-color-text ); font-family: var( --e-global-typography-text-font-family ), Sans-serif; font-weight: var( --e-global-typography-text-font-weight );\">2026. janu\u00e1r 1.-t\u0151l \u00e9rv\u00e9nyes \u00e1rak<\/span><\/p>\n<p><span style=\"color: var( --e-global-color-text ); font-family: var( --e-global-typography-text-font-family ), Sans-serif; font-weight: var( --e-global-typography-text-font-weight );\">My treatments are holistic and always individualized.<\/span><\/p>\n<p>If you're unsure about which treatment is right for you, I'm happy to help you find the treatment or combination of treatments that works best for you.<\/p>\n<p><b>\u00c1LLAPOTFELM\u00c9R\u00c9S<\/b><\/p>\n<p>&#8211;&nbsp;<u>M\u0171szeres \u00e1llapotfelm\u00e9r\u00e9s,<\/u><u>&nbsp;EMC meridi\u00e1n m\u0171szerrel, els\u0151 alkalom<\/u>&nbsp;&nbsp;<span style=\"font-weight: bold;\">15.000 Ft<\/span><\/p>\n<p><span style=\"font-weight: bold;\">&nbsp;<\/span>&#8211;&nbsp;<u>M\u0171szeres \u00e1llapotfelm\u00e9r\u00e9s,<\/u><u>&nbsp;EMC meridi\u00e1n m\u0171szerrel, KONTROLL m\u00e9r\u00e9s&nbsp;<\/u><span style=\"font-weight: bold;\">10.000 Ft<\/span><\/p>\n<p><b><u>MASSZ\u00c1ZSOK<\/u><\/b><\/p>\n<p>&#8211; <u>K\u00ednai akupressz\u00far\u00e1s&nbsp;meridi\u00e1n massz\u00e1zs teljes test<\/u><span style=\"color: var( --e-global-color-text ); font-family: var( --e-global-typography-text-font-family ), Sans-serif; font-weight: var( --e-global-typography-text-font-weight );\">&nbsp;<\/span><span style=\"color: var( --e-global-color-text ); font-family: var( --e-global-typography-text-font-family ), Sans-serif; font-weight: var( --e-global-typography-text-font-weight );\"><b>9.500 Ft&nbsp;<\/b><\/span><\/p>\n<p><span style=\"color: var( --e-global-color-text ); font-family: var( --e-global-typography-text-font-family ), Sans-serif;\"><b style=\"font-weight: var( --e-global-typography-text-font-weight );\">&#8211; <\/b><u>Chinese acupressure foot massage, Foot reflexology <\/u><b style=\"font-weight: var( --e-global-typography-text-font-weight );\">&nbsp;<\/b><b>9.500 Ft<\/b><\/span><\/p>\n<p>&#8211;&nbsp;<u>K\u00ednai akupressz\u00far\u00e1s&nbsp;meridi\u00e1n massz\u00e1zs&nbsp;teljes test, t\u00fczes k\u00f6p\u00f6ly kezel\u00e9ssel<\/u>&nbsp;<b>12<\/b><span style=\"font-weight: bold;\">.500 Ft&nbsp;<\/span><\/p>\n<p>&#8211;&nbsp;<u>K\u00ednai t\u00fczes k\u00f6p\u00f6ly kezel\u00e9s&nbsp;+ K\u00ednai h\u00e1tmassz\u00e1zs<\/u>&nbsp;&nbsp;<span style=\"font-weight: bold;\">8<\/span><span style=\"font-weight: bold;\">.000 Ft<\/span><\/p>\n<p><span style=\"font-weight: bold;\">&#8211; <\/span><u>Hagyom\u00e1nyos k\u00ednai k\u00f6p\u00f6ly kezel\u00e9s k\u00faraszer\u0171en <\/u><b>8.000 Ft<\/b><\/p>\n<p>&#8211; <u>Egyiptomi massz\u00e1zs, teljes test<\/u> <b>12.500 Ft<\/b><\/p>\n<p>&#8211; <u>T\u00f6r\u00f6k m\u00e9zes massz\u00e1zs, teljes test<\/u> <b>12.500 Ft<\/b><\/p>\n<p>&#8211;&nbsp;<u>Kering\u00e9sjav\u00edt\u00f3 nyirokmassz\u00e1zs, teljes test<\/u>&nbsp;<span style=\"font-weight: bold;\">12.500 Ft<\/span><\/p>\n<p>&#8211;&nbsp;<u>Kering\u00e9sjav\u00edt\u00f3 Arc nyirokmassz\u00e1zs<\/u>&nbsp;<span style=\"font-weight: bold;\">5.000 Ft<\/span><\/p>\n<p>&#8211;&nbsp;<u>Izomlaz\u00edt\u00f3 Magn\u00e9ziumos massz\u00e1zs, teljes test<\/u>&nbsp;<span style=\"font-weight: bold;\">12.500 Ft<\/span><\/p>\n<p>&#8211;&nbsp;<u>Relax\u00e1l\u00f3 Csakra ill\u00f3olajos&nbsp;massz\u00e1zs \u00e9s 7 csakra tiszt\u00edt\u00e1sa<\/u>&nbsp;<span style=\"font-weight: bold;\">12.500 Ft<\/span><\/p>\n<p><b>&nbsp;<\/b><\/p>\n<p><b>CSENDES MASSZ\u00c1ZS<\/b><\/p>\n<p>Mindegyik massz\u00e1zsn\u00e1l van lehet\u0151s\u00e9g arra, hogy besz\u00e9lget\u00e9s n\u00e9lk\u00fcli legyen. A csendes massz\u00e1zs sor\u00e1n a vend\u00e9g<\/p>\n<p>\u00edgy teljes bels\u0151 csendre hangol\u00f3dhat, ahol csak az \u00e9rint\u00e9s besz\u00e9l.<\/p>\n<p><\/p>\n<p><b>P\u00c1ROS MASSZ\u00c1ZS<\/b><\/p>\n<p>A k\u00ednai akupressz\u00far\u00e1s meridi\u00e1n massz\u00e1zsn\u00e1l van lehet\u0151s\u00e9g arra, hogy P\u00e1roddal egy\u00fctt, egyszerre tapasztalhass\u00e1tok meg a hagyom\u00e1nyos k\u00ednai massz\u00e1zs kellemes \u00e9lm\u00e9ny\u00e9t.<\/p>\n<p><\/p>\n<p><span style=\"color: var( --e-global-color-text ); font-family: var( --e-global-typography-text-font-family ), Sans-serif;\"><b>KIEG\u00c9SZ\u00cdT\u0150 kezel\u00e9sek:<\/b><\/span><\/p>\n<p>&nbsp;&#8211; <u>Ear acupuncture<\/u><span style=\"color: var( --e-global-color-text ); font-family: var( --e-global-typography-text-font-family ), Sans-serif; font-weight: var( --e-global-typography-text-font-weight );\">&nbsp;&nbsp;<\/span><span style=\"color: var( --e-global-color-text ); font-family: var( --e-global-typography-text-font-family ), Sans-serif; font-weight: bold;\">3.000 Ft<\/span><\/p>\n<p><span style=\"color: var( --e-global-color-text ); font-family: var( --e-global-typography-text-font-family ), Sans-serif;\">&nbsp;&#8211; <u>Moxa gy\u00f3gyn\u00f6v\u00e9nyes r\u00fad haszn\u00e1lata<\/u>&nbsp;<b>3.000 Ft<\/b><\/span><\/p>\n<p><span style=\"color: var( --e-global-color-text ); font-family: var( --e-global-typography-text-font-family ), Sans-serif;\"><b>&nbsp;&#8211;<\/b><u> BEMER technol\u00f3gia: mikrokering\u00e9s fokoz\u00e1s, f\u00e1jdalomcsillap\u00edt\u00e1s, gyorsabb regener\u00e1l\u00f3d\u00e1s<\/u><\/span><span style=\"color: var( --e-global-color-text ); font-family: var( --e-global-typography-text-font-family ), Sans-serif;\"><u>:<\/u>&nbsp;<b>4.000 Ft \/ alkalom<\/b>.&nbsp;<\/span><\/p>\n<p><span style=\"color: var( --e-global-color-text ); font-family: var( --e-global-typography-text-font-family ), Sans-serif;\">&nbsp;<\/span><\/p>\n<p><\/p>\n<p><b><u>L\u00c9LEK, HOLISZTIKUS SZEML\u00c9LET\u0170 KEZEL\u00c9SEK<\/u><\/b><\/p>\n<p><span style=\"color: var( --e-global-color-text ); font-family: var( --e-global-typography-text-font-family ), Sans-serif; font-weight: var( --e-global-typography-text-font-weight );\">&nbsp;&#8211; <u>Jap\u00e1n Reiki, teljes test&nbsp;finomhangol\u00e1s<\/u>&nbsp;&nbsp;<\/span><span style=\"color: var( --e-global-color-text ); font-family: var( --e-global-typography-text-font-family ), Sans-serif;\"><b>9<\/b><\/span><span style=\"color: var( --e-global-color-text ); font-family: var( --e-global-typography-text-font-family ), Sans-serif;\"><b>.500 Ft<\/b><\/span><\/p>\n<p><span style=\"color: var( --e-global-color-text ); font-family: var( --e-global-typography-text-font-family ), Sans-serif;\">&nbsp;&#8211; <u>Violet Reiki, teljes test<\/u>&nbsp;<b>9.500 Ft<\/b><\/span><\/p>\n<p>&nbsp;&#8211;&nbsp;<u>Pszichotronika<\/u> <b>10<\/b><span style=\"font-weight: 700;\">.000 Ft<\/span><\/p>\n<p><span style=\"color: var( --e-global-color-text ); font-family: var( --e-global-typography-text-font-family ), Sans-serif;\">&nbsp;&#8211; <u>Tibeti energetikai krist\u00e1ly kezel\u00e9s hangt\u00e1llal<\/u><b>&nbsp;10.000 Ft<\/b><\/span><\/p>\n<p>&nbsp;&#8211; <u>Csakra tiszt\u00edt\u00e1s, finomhangol\u00e1s<\/u>&nbsp;<b>9.500 Ft<\/b><\/p>\n<p>&nbsp;&#8211; <u>Anyasebek old\u00e1sa, m\u00e9h energetikai tiszt\u00edt\u00e1sa<\/u> <b>10.000 Ft<\/b><\/p>\n<p><span style=\"color: var( --e-global-color-text ); font-family: var( --e-global-typography-text-font-family ), Sans-serif; font-weight: var( --e-global-typography-text-font-weight );\">&nbsp;&#8211; <u>Egyiptomi energetikai kezel\u00e9s<\/u>&nbsp;<\/span><span style=\"color: var( --e-global-color-text ); font-family: var( --e-global-typography-text-font-family ), Sans-serif;\"><b>15.000 Ft<\/b><\/span><\/p>\n<p>&nbsp;&#8211; <u>Kelta energetikai kezel\u00e9s<\/u>&nbsp;<span style=\"font-weight: bold;\">15.000 Ft<\/span><\/p>\n<p>&nbsp;&#8211;&nbsp;<u>Negat\u00edv energi\u00e1k semleges\u00edt\u00e9se&nbsp;<\/u><span style=\"font-weight: bold;\">15.000 Ft<\/span><\/p>\n<p>&nbsp;&#8211; <u>Angyalkommunik\u00e1ci\u00f3s energetikai kezel\u00e9s<\/u> <b>15.000 Ft<\/b><\/p>\n<p><\/p>\n<p><span style=\"font-weight: bold;\"><br><\/span><\/p>\n<p><span style=\"font-weight: bold;\">KOMBIN\u00c1LT KEZEL\u00c9SEK<\/span><\/p>\n<p>Van lehet\u0151s\u00e9g a kezel\u00e9sek kombin\u00e1l\u00e1s\u00e1ra is egy\u00e9nre szabottan.<\/p>\n<p>Kombin\u00e1lt kezel\u00e9sekn\u00e9l, k\u00faraszer\u0171en: 8.000 Ft \/ \u00f3ra.<\/p>\n<p><\/p>\n<p><span style=\"font-weight: bold;\">GYERMEKEKNEK<\/span><\/p>\n<p>&nbsp;&#8211;&nbsp;<u>Chinese acupressure meridian massage&nbsp;<span style=\"font-weight: bold;\">CHILD<\/span>&nbsp;(4-14 years) full body<\/u>&nbsp;&nbsp;<span style=\"font-weight: bold;\">6<\/span><span style=\"font-weight: bold;\">.500 Ft<\/span><\/p>\n<p><span style=\"font-weight: bold;\">&nbsp;<\/span><span style=\"font-weight: bold;\">&#8211;&nbsp;<\/span><u>Gyermek Reiki (14 \u00e9ves korig)<\/u> <span style=\"font-weight: bold;\">6<\/span><span style=\"font-weight: bold;\">.500 Ft<\/span><\/p>\n<p><span style=\"font-weight: bold;\">&nbsp;<\/span><span style=\"font-weight: bold;\">&#8211;&nbsp;<\/span><u>Gyermek Violet Reiki (14 \u00e9ves korig)<\/u>&nbsp;<span style=\"font-weight: bold;\">6<\/span><span style=\"font-weight: bold;\">.500 Ft<\/span><\/p>\n<p><span style=\"font-weight: bold;\">&nbsp;<\/span><span style=\"font-weight: bold;\">&#8211;&nbsp;<\/span><u>Gyermek Tibeti energetikai krist\u00e1lykezel\u00e9s (14 \u00e9ves korig)<\/u>&nbsp;<span style=\"font-weight: bold;\">6<\/span><span style=\"font-weight: bold;\">.500 Ft<\/span><\/p>\n<p>&nbsp;&#8211;&nbsp;<u>Instrumental meridian condition assessment,&nbsp;<\/u>t<u>whole body health map , with EMC instrumentation&nbsp;<\/u>&nbsp;&nbsp;<span style=\"font-weight: bold;\">10.000 Ft<\/span><\/p>\n<p><\/p>\n<p><b>&nbsp;<\/b>&#8211;<u>&nbsp;BEMER technol\u00f3gia: mikrokering\u00e9s fokoz\u00e1s, f\u00e1jdalomcsillap\u00edt\u00e1s, gyorsabb regener\u00e1l\u00f3d\u00e1s<\/u><u>:<\/u>&nbsp;<span style=\"font-weight: bold;\">4.000 Ft \/ alkalom<\/span>.&nbsp;<\/p>\n<p><b>&nbsp;<\/b><b>&nbsp;<\/b><\/p>\n<p><\/p>\n<p><b>AJ\u00c1ND\u00c9KBA ADN\u00c1D?<\/b><\/p>\n<p>Van lehet\u0151s\u00e9g AJ\u00c1ND\u00c9K UTALV\u00c1NY v\u00e1s\u00e1rl\u00e1s\u00e1ra is.<\/p>\n<p>The gift voucher will be given in printed form or, if requested, in electronic form.<\/p>\n<p><\/p>\n<p>The prices shown include VAT and are quoted in HUF.&nbsp;<\/p>\n<p>Van lehet\u0151s\u00e9g B\u00c9RLET v\u00e1s\u00e1rl\u00e1s\u00e1ra is.<\/p>\n<p style=\"margin-bottom: 0px;\">B\u00c9RLET eset\u00e9n: 5 alkalmas b\u00e9rletek vannak, melyn\u00e9l a 6. kezel\u00e9s aj\u00e1nd\u00e9k, \u00e9s korl\u00e1tlan ideig felhaszn\u00e1lhat\u00f3.<\/p>\n<p><\/p>\t\t\t\t\t\t\t\t<\/div>\n\t\t\t\t<\/div>\n\t\t\t\t\t<\/div>\n\t\t<\/div>\n\t\t\t\t\t<\/div>\n\t\t<\/section>\n\t\t\t\t<\/div>","protected":false},"excerpt":{"rendered":"<p>2026. janu\u00e1r 1.-t\u0151l \u00e9rv\u00e9nyes \u00e1rak Kezel\u00e9seimet holisztikus szeml\u00e9lettel, mindig egy\u00e9nre szabva v\u00e9gzem. Ha bizonytalan vagy, hogy sz\u00e1modra melyik kezel\u00e9s lenne a j\u00f3 v\u00e1laszt\u00e1s, akkor sz\u00edvesen seg\u00edtek Neked megtal\u00e1lni a sz\u00e1modra &hellip; <\/p>","protected":false},"author":1,"featured_media":1128,"parent":0,"menu_order":0,"comment_status":"closed","ping_status":"closed","template":"elementor_theme","meta":{"footnotes":""},"class_list":["post-60","page","type-page","status-publish","has-post-thumbnail","hentry"],"yoast_head":"<!-- This site is optimized with the Yoast SEO plugin v25.6 - https:\/\/yoast.com\/wordpress\/plugins\/seo\/ -->\n<title>\u00c1rak - keletimodszerekkozpont.hu<\/title>\n<meta name=\"description\" content=\"Debrecenben a Keleti M\u00f3dszerek K\u00f6zpontban el\u00e9rhet\u0151: k\u00ednai massz\u00e1zs, egyiptomi massz\u00e1zs, t\u00f6r\u00f6k massz\u00e1zs, hagyom\u00e1nyos k\u00ednai gy\u00f3gy\u00e1szat eszk\u00f6zei.\" \/>\n<meta name=\"robots\" content=\"index, follow, max-snippet:-1, max-image-preview:large, max-video-preview:-1\" \/>\n<link rel=\"canonical\" href=\"https:\/\/www.keletimodszerekkozpont.hu\/en\/keleti-masszazs-debrecen-arak\/\" \/>\n<meta property=\"og:locale\" content=\"en_GB\" \/>\n<meta property=\"og:type\" content=\"article\" \/>\n<meta property=\"og:title\" content=\"\u00c1rak - keletimodszerekkozpont.hu\" \/>\n<meta property=\"og:description\" content=\"Debrecenben a Keleti M\u00f3dszerek K\u00f6zpontban el\u00e9rhet\u0151: k\u00ednai massz\u00e1zs, egyiptomi massz\u00e1zs, t\u00f6r\u00f6k massz\u00e1zs, hagyom\u00e1nyos k\u00ednai gy\u00f3gy\u00e1szat eszk\u00f6zei.\" \/>\n<meta property=\"og:url\" content=\"https:\/\/www.keletimodszerekkozpont.hu\/en\/keleti-masszazs-debrecen-arak\/\" \/>\n<meta property=\"og:site_name\" content=\"keletimodszerekkozpont.hu\" \/>\n<meta property=\"article:publisher\" content=\"https:\/\/www.facebook.com\/profile.php?id=61551079794439\" \/>\n<meta property=\"article:modified_time\" content=\"2026-02-04T07:43:50+00:00\" \/>\n<meta property=\"og:image\" content=\"https:\/\/www.keletimodszerekkozpont.hu\/wp-content\/uploads\/2024\/01\/closeup-shot-person-wearing-biblical-robe-with-hand-up-scaled.jpg\" \/>\n\t<meta property=\"og:image:width\" content=\"2560\" \/>\n\t<meta property=\"og:image:height\" content=\"1709\" \/>\n\t<meta property=\"og:image:type\" content=\"image\/jpeg\" \/>\n<meta name=\"twitter:card\" content=\"summary_large_image\" \/>\n<meta name=\"twitter:label1\" content=\"Estimated reading time\" \/>\n\t<meta name=\"twitter:data1\" content=\"3 minutes\" \/>\n<script type=\"application\/ld+json\" class=\"yoast-schema-graph\">{\"@context\":\"https:\/\/schema.org\",\"@graph\":[{\"@type\":\"WebPage\",\"@id\":\"https:\/\/www.keletimodszerekkozpont.hu\/keleti-masszazs-debrecen-arak\/\",\"url\":\"https:\/\/www.keletimodszerekkozpont.hu\/keleti-masszazs-debrecen-arak\/\",\"name\":\"\u00c1rak - keletimodszerekkozpont.hu\",\"isPartOf\":{\"@id\":\"https:\/\/www.keletimodszerekkozpont.hu\/#website\"},\"primaryImageOfPage\":{\"@id\":\"https:\/\/www.keletimodszerekkozpont.hu\/keleti-masszazs-debrecen-arak\/#primaryimage\"},\"image\":{\"@id\":\"https:\/\/www.keletimodszerekkozpont.hu\/keleti-masszazs-debrecen-arak\/#primaryimage\"},\"thumbnailUrl\":\"https:\/\/www.keletimodszerekkozpont.hu\/wp-content\/uploads\/2024\/01\/closeup-shot-person-wearing-biblical-robe-with-hand-up-scaled.jpg\",\"datePublished\":\"2023-04-29T09:24:41+00:00\",\"dateModified\":\"2026-02-04T07:43:50+00:00\",\"description\":\"Debrecenben a Keleti M\u00f3dszerek K\u00f6zpontban el\u00e9rhet\u0151: k\u00ednai massz\u00e1zs, egyiptomi massz\u00e1zs, t\u00f6r\u00f6k massz\u00e1zs, hagyom\u00e1nyos k\u00ednai gy\u00f3gy\u00e1szat eszk\u00f6zei.\",\"breadcrumb\":{\"@id\":\"https:\/\/www.keletimodszerekkozpont.hu\/keleti-masszazs-debrecen-arak\/#breadcrumb\"},\"inLanguage\":\"en-GB\",\"potentialAction\":[{\"@type\":\"ReadAction\",\"target\":[\"https:\/\/www.keletimodszerekkozpont.hu\/keleti-masszazs-debrecen-arak\/\"]}]},{\"@type\":\"ImageObject\",\"inLanguage\":\"en-GB\",\"@id\":\"https:\/\/www.keletimodszerekkozpont.hu\/keleti-masszazs-debrecen-arak\/#primaryimage\",\"url\":\"https:\/\/www.keletimodszerekkozpont.hu\/wp-content\/uploads\/2024\/01\/closeup-shot-person-wearing-biblical-robe-with-hand-up-scaled.jpg\",\"contentUrl\":\"https:\/\/www.keletimodszerekkozpont.hu\/wp-content\/uploads\/2024\/01\/closeup-shot-person-wearing-biblical-robe-with-hand-up-scaled.jpg\",\"width\":2560,\"height\":1709,\"caption\":\"A closeup shot of a person wearing a biblical robe with a hand up and a blurred background\"},{\"@type\":\"BreadcrumbList\",\"@id\":\"https:\/\/www.keletimodszerekkozpont.hu\/keleti-masszazs-debrecen-arak\/#breadcrumb\",\"itemListElement\":[{\"@type\":\"ListItem\",\"position\":1,\"name\":\"Home\",\"item\":\"https:\/\/www.keletimodszerekkozpont.hu\/\"},{\"@type\":\"ListItem\",\"position\":2,\"name\":\"\u00c1rak\"}]},{\"@type\":\"WebSite\",\"@id\":\"https:\/\/www.keletimodszerekkozpont.hu\/#website\",\"url\":\"https:\/\/www.keletimodszerekkozpont.hu\/\",\"name\":\"keletimodszerekkozpont.hu\",\"description\":\"K\u00ednai akupressz\u00far\u00e1s meridi\u00e1n massz\u00e1zs, M\u0171szeres \u00e1llapotfelm\u00e9r\u00e9s EMC,  Hagyom\u00e1nyos k\u00ednai gy\u00f3gy\u00e1szat eszk\u00f6zei, keleti massz\u00e1zsok, Reiki, Bemer\",\"publisher\":{\"@id\":\"https:\/\/www.keletimodszerekkozpont.hu\/#organization\"},\"potentialAction\":[{\"@type\":\"SearchAction\",\"target\":{\"@type\":\"EntryPoint\",\"urlTemplate\":\"https:\/\/www.keletimodszerekkozpont.hu\/?s={search_term_string}\"},\"query-input\":{\"@type\":\"PropertyValueSpecification\",\"valueRequired\":true,\"valueName\":\"search_term_string\"}}],\"inLanguage\":\"en-GB\"},{\"@type\":\"Organization\",\"@id\":\"https:\/\/www.keletimodszerekkozpont.hu\/#organization\",\"name\":\"Keleti Gy\u00f3gym\u00f3dok Debrecen\",\"url\":\"https:\/\/www.keletimodszerekkozpont.hu\/\",\"logo\":{\"@type\":\"ImageObject\",\"inLanguage\":\"en-GB\",\"@id\":\"https:\/\/www.keletimodszerekkozpont.hu\/#\/schema\/logo\/image\/\",\"url\":\"https:\/\/www.keletimodszerekkozpont.hu\/wp-content\/uploads\/2024\/06\/cropped-keleti_gyogymodok_debrecen.jpg\",\"contentUrl\":\"https:\/\/www.keletimodszerekkozpont.hu\/wp-content\/uploads\/2024\/06\/cropped-keleti_gyogymodok_debrecen.jpg\",\"width\":512,\"height\":512,\"caption\":\"Keleti Gy\u00f3gym\u00f3dok Debrecen\"},\"image\":{\"@id\":\"https:\/\/www.keletimodszerekkozpont.hu\/#\/schema\/logo\/image\/\"},\"sameAs\":[\"https:\/\/www.facebook.com\/profile.php?id=61551079794439\"]}]}<\/script>\n<!-- \/ Yoast SEO plugin. -->","yoast_head_json":{"title":"\u00c1rak - keletimodszerekkozpont.hu","description":"Debrecenben a Keleti M\u00f3dszerek K\u00f6zpontban el\u00e9rhet\u0151: k\u00ednai massz\u00e1zs, egyiptomi massz\u00e1zs, t\u00f6r\u00f6k massz\u00e1zs, hagyom\u00e1nyos k\u00ednai gy\u00f3gy\u00e1szat eszk\u00f6zei.","robots":{"index":"index","follow":"follow","max-snippet":"max-snippet:-1","max-image-preview":"max-image-preview:large","max-video-preview":"max-video-preview:-1"},"canonical":"https:\/\/www.keletimodszerekkozpont.hu\/en\/keleti-masszazs-debrecen-arak\/","og_locale":"en_GB","og_type":"article","og_title":"\u00c1rak - keletimodszerekkozpont.hu","og_description":"Debrecenben a Keleti M\u00f3dszerek K\u00f6zpontban el\u00e9rhet\u0151: k\u00ednai massz\u00e1zs, egyiptomi massz\u00e1zs, t\u00f6r\u00f6k massz\u00e1zs, hagyom\u00e1nyos k\u00ednai gy\u00f3gy\u00e1szat eszk\u00f6zei.","og_url":"https:\/\/www.keletimodszerekkozpont.hu\/en\/keleti-masszazs-debrecen-arak\/","og_site_name":"keletimodszerekkozpont.hu","article_publisher":"https:\/\/www.facebook.com\/profile.php?id=61551079794439","article_modified_time":"2026-02-04T07:43:50+00:00","og_image":[{"width":2560,"height":1709,"url":"https:\/\/www.keletimodszerekkozpont.hu\/wp-content\/uploads\/2024\/01\/closeup-shot-person-wearing-biblical-robe-with-hand-up-scaled.jpg","type":"image\/jpeg"}],"twitter_card":"summary_large_image","twitter_misc":{"Estimated reading time":"3 minutes"},"schema":{"@context":"https:\/\/schema.org","@graph":[{"@type":"WebPage","@id":"https:\/\/www.keletimodszerekkozpont.hu\/keleti-masszazs-debrecen-arak\/","url":"https:\/\/www.keletimodszerekkozpont.hu\/keleti-masszazs-debrecen-arak\/","name":"\u00c1rak - keletimodszerekkozpont.hu","isPartOf":{"@id":"https:\/\/www.keletimodszerekkozpont.hu\/#website"},"primaryImageOfPage":{"@id":"https:\/\/www.keletimodszerekkozpont.hu\/keleti-masszazs-debrecen-arak\/#primaryimage"},"image":{"@id":"https:\/\/www.keletimodszerekkozpont.hu\/keleti-masszazs-debrecen-arak\/#primaryimage"},"thumbnailUrl":"https:\/\/www.keletimodszerekkozpont.hu\/wp-content\/uploads\/2024\/01\/closeup-shot-person-wearing-biblical-robe-with-hand-up-scaled.jpg","datePublished":"2023-04-29T09:24:41+00:00","dateModified":"2026-02-04T07:43:50+00:00","description":"Debrecenben a Keleti M\u00f3dszerek K\u00f6zpontban el\u00e9rhet\u0151: k\u00ednai massz\u00e1zs, egyiptomi massz\u00e1zs, t\u00f6r\u00f6k massz\u00e1zs, hagyom\u00e1nyos k\u00ednai gy\u00f3gy\u00e1szat eszk\u00f6zei.","breadcrumb":{"@id":"https:\/\/www.keletimodszerekkozpont.hu\/keleti-masszazs-debrecen-arak\/#breadcrumb"},"inLanguage":"en-GB","potentialAction":[{"@type":"ReadAction","target":["https:\/\/www.keletimodszerekkozpont.hu\/keleti-masszazs-debrecen-arak\/"]}]},{"@type":"ImageObject","inLanguage":"en-GB","@id":"https:\/\/www.keletimodszerekkozpont.hu\/keleti-masszazs-debrecen-arak\/#primaryimage","url":"https:\/\/www.keletimodszerekkozpont.hu\/wp-content\/uploads\/2024\/01\/closeup-shot-person-wearing-biblical-robe-with-hand-up-scaled.jpg","contentUrl":"https:\/\/www.keletimodszerekkozpont.hu\/wp-content\/uploads\/2024\/01\/closeup-shot-person-wearing-biblical-robe-with-hand-up-scaled.jpg","width":2560,"height":1709,"caption":"A closeup shot of a person wearing a biblical robe with a hand up and a blurred background"},{"@type":"BreadcrumbList","@id":"https:\/\/www.keletimodszerekkozpont.hu\/keleti-masszazs-debrecen-arak\/#breadcrumb","itemListElement":[{"@type":"ListItem","position":1,"name":"Home","item":"https:\/\/www.keletimodszerekkozpont.hu\/"},{"@type":"ListItem","position":2,"name":"\u00c1rak"}]},{"@type":"WebSite","@id":"https:\/\/www.keletimodszerekkozpont.hu\/#website","url":"https:\/\/www.keletimodszerekkozpont.hu\/","name":"keletimodszerekkozpont.hu","description":"K\u00ednai akupressz\u00far\u00e1s meridi\u00e1n massz\u00e1zs, M\u0171szeres \u00e1llapotfelm\u00e9r\u00e9s EMC,  Hagyom\u00e1nyos k\u00ednai gy\u00f3gy\u00e1szat eszk\u00f6zei, keleti massz\u00e1zsok, Reiki, Bemer","publisher":{"@id":"https:\/\/www.keletimodszerekkozpont.hu\/#organization"},"potentialAction":[{"@type":"SearchAction","target":{"@type":"EntryPoint","urlTemplate":"https:\/\/www.keletimodszerekkozpont.hu\/?s={search_term_string}"},"query-input":{"@type":"PropertyValueSpecification","valueRequired":true,"valueName":"search_term_string"}}],"inLanguage":"en-GB"},{"@type":"Organization","@id":"https:\/\/www.keletimodszerekkozpont.hu\/#organization","name":"Oriental Medicines Debrecen","url":"https:\/\/www.keletimodszerekkozpont.hu\/","logo":{"@type":"ImageObject","inLanguage":"en-GB","@id":"https:\/\/www.keletimodszerekkozpont.hu\/#\/schema\/logo\/image\/","url":"https:\/\/www.keletimodszerekkozpont.hu\/wp-content\/uploads\/2024\/06\/cropped-keleti_gyogymodok_debrecen.jpg","contentUrl":"https:\/\/www.keletimodszerekkozpont.hu\/wp-content\/uploads\/2024\/06\/cropped-keleti_gyogymodok_debrecen.jpg","width":512,"height":512,"caption":"Keleti Gy\u00f3gym\u00f3dok Debrecen"},"image":{"@id":"https:\/\/www.keletimodszerekkozpont.hu\/#\/schema\/logo\/image\/"},"sameAs":["https:\/\/www.facebook.com\/profile.php?id=61551079794439"]}]}},"_links":{"self":[{"href":"https:\/\/www.keletimodszerekkozpont.hu\/en\/wp-json\/wp\/v2\/pages\/60"}],"collection":[{"href":"https:\/\/www.keletimodszerekkozpont.hu\/en\/wp-json\/wp\/v2\/pages"}],"about":[{"href":"https:\/\/www.keletimodszerekkozpont.hu\/en\/wp-json\/wp\/v2\/types\/page"}],"author":[{"embeddable":true,"href":"https:\/\/www.keletimodszerekkozpont.hu\/en\/wp-json\/wp\/v2\/users\/1"}],"replies":[{"embeddable":true,"href":"https:\/\/www.keletimodszerekkozpont.hu\/en\/wp-json\/wp\/v2\/comments?post=60"}],"version-history":[{"count":6,"href":"https:\/\/www.keletimodszerekkozpont.hu\/en\/wp-json\/wp\/v2\/pages\/60\/revisions"}],"predecessor-version":[{"id":2150,"href":"https:\/\/www.keletimodszerekkozpont.hu\/en\/wp-json\/wp\/v2\/pages\/60\/revisions\/2150"}],"wp:featuredmedia":[{"embeddable":true,"href":"https:\/\/www.keletimodszerekkozpont.hu\/en\/wp-json\/wp\/v2\/media\/1128"}],"wp:attachment":[{"href":"https:\/\/www.keletimodszerekkozpont.hu\/en\/wp-json\/wp\/v2\/media?parent=60"}],"curies":[{"name":"wp","href":"https:\/\/api.w.org\/{rel}","templated":true}]}}