{"id":58,"date":"2023-04-29T11:23:50","date_gmt":"2023-04-29T09:23:50","guid":{"rendered":"https:\/\/www.keletimodszerekkozpont.hu\/?page_id=58"},"modified":"2025-11-22T20:45:19","modified_gmt":"2025-11-22T19:45:19","slug":"chinese-medicine-in-debrecen","status":"publish","type":"page","link":"https:\/\/www.keletimodszerekkozpont.hu\/en\/chinese-medicine-in-debrecen\/","title":{"rendered":"Services"},"content":{"rendered":"<div data-elementor-type=\"wp-page\" data-elementor-id=\"58\" class=\"elementor elementor-58\">\n\t\t\t\t\t\t<section class=\"elementor-section elementor-top-section elementor-element elementor-element-9bb15e4 elementor-section-boxed elementor-section-height-default elementor-section-height-default\" data-id=\"9bb15e4\" data-element_type=\"section\" data-e-type=\"section\">\n\t\t\t\t\t\t<div class=\"elementor-container elementor-column-gap-default\">\n\t\t\t\t\t<div class=\"elementor-column elementor-col-50 elementor-top-column elementor-element elementor-element-6527383\" data-id=\"6527383\" data-element_type=\"column\" data-e-type=\"column\">\n\t\t\t<div class=\"elementor-widget-wrap elementor-element-populated\">\n\t\t\t\t\t\t<div class=\"elementor-element elementor-element-c2b881c elementor-widget__width-initial elementor-widget elementor-widget-text-editor\" data-id=\"c2b881c\" data-element_type=\"widget\" data-e-type=\"widget\" data-widget_type=\"text-editor.default\">\n\t\t\t\t<div class=\"elementor-widget-container\">\n\t\t\t\t\t\t\t\t\t<p>About my services<b> r\u00e9szletesen <\/b>a Szolg\u00e1ltat\u00e1sok men\u00fcpontban l\u00e9v\u0151 leg\u00f6rd\u00fcl\u0151 list\u00e1ban, <b>az egyes listaelemekre kattintva&nbsp;<\/b>for an overview of the indications and contraindications for each treatment.<\/p>\n<p>Or by clicking below:<\/p>\n<p>&#8211;&nbsp;<a style=\"background-color: #ffffff; transition-property: all;\" href=\"https:\/\/www.keletimodszerekkozpont.hu\/en\/instrumental-meridian-status-assessment\/\">M\u0171szeres Meridi\u00e1n \u00c1llapotfelm\u00e9r\u00e9s<\/a><\/p>\n<p>&#8211; <a href=\"https:\/\/www.keletimodszerekkozpont.hu\/en\/chinese-meridian-massage\/\">Chinese Acupressure Meridian Massage<\/a><\/p>\n<p>&#8211;&nbsp;<a style=\"background-color: #ffffff; transition-property: all;\" href=\"https:\/\/www.keletimodszerekkozpont.hu\/en\/foot-reflexology-foot-massage\/\">Chinese Acupressure Foot Massage, Reflexology<\/a><\/p>\n<p>&#8211;&nbsp;<a href=\"https:\/\/www.keletimodszerekkozpont.hu\/en\/fire-cop\/\">Chinese fiery spit<\/a><\/p>\n<p>&#8211; <a href=\"https:\/\/www.keletimodszerekkozpont.hu\/en\/ear-acupuncture-2\/\">Ear acupuncture<\/a><\/p>\n<p>&#8211; Mindfulness m\u00f3dszerek<\/p>\n<p>&#8211; <a href=\"https:\/\/www.keletimodszerekkozpont.hu\/en\/japanese-reiki-treatment-in-debrecen\/\">Japanese Reiki<\/a><\/p>\n<p>&#8211; <a href=\"https:\/\/www.keletimodszerekkozpont.hu\/en\/violet-reiki\/\">Violet Reiki<\/a><\/p>\n<p>&#8211; <a href=\"https:\/\/www.keletimodszerekkozpont.hu\/en\/egyiptomi-masszazs\/\">Egyiptomi massz\u00e1zs<\/a><\/p>\n<p>&#8211; <a href=\"https:\/\/www.keletimodszerekkozpont.hu\/en\/torok-masszazs\/\">T\u00f6r\u00f6k m\u00e9zes massz\u00e1zs<\/a><\/p>\n<p>&#8211; <a href=\"https:\/\/www.keletimodszerekkozpont.hu\/en\/hangtalas-kezeles\/\">Tibeti energetikai krist\u00e1ly kezel\u00e9s<\/a><\/p>\n<p>&#8211; Kelta energetikai kezel\u00e9s<\/p>\n<p>&#8211; Egyiptomi energetikai kezel\u00e9s<\/p>\n<p>&#8211; Pszichotronika<\/p>\n<p>&#8211; <a href=\"https:\/\/www.keletimodszerekkozpont.hu\/en\/bemer-debrecen\/\">Bemer technol\u00f3gia haszn\u00e1lata<\/a><\/p>\n<p><\/p>\n<p>Ezek a szolg\u00e1ltat\u00e1sok fizikai k\u00f6z\u00e9rzetjav\u00edt\u00f3 m\u00f3dszerek, melyek nem helyettes\u00edtik az orvosi ell\u00e1t\u00e1st, az orvosi ter\u00e1pi\u00e1s kezel\u00e9st vagy az orvos \u00e1ltal elrendelt gy\u00f3gyszereket, viszont ezek mellett alkalmazhat\u00f3ak a c\u00e9l hat\u00e9konyabb el\u00e9r\u00e9se \u00e9rdek\u00e9ben. Az ellenjavallatokat minden esetben \u00e1tbesz\u00e9lj\u00fck.<\/p>\t\t\t\t\t\t\t\t<\/div>\n\t\t\t\t<\/div>\n\t\t\t\t\t<\/div>\n\t\t<\/div>\n\t\t\t\t<div class=\"elementor-column elementor-col-50 elementor-top-column elementor-element elementor-element-fbb9ca2\" data-id=\"fbb9ca2\" data-element_type=\"column\" data-e-type=\"column\">\n\t\t\t<div class=\"elementor-widget-wrap elementor-element-populated\">\n\t\t\t\t\t\t<div class=\"elementor-element elementor-element-b5d6d6c elementor-widget elementor-widget-image\" data-id=\"b5d6d6c\" data-element_type=\"widget\" data-e-type=\"widget\" data-widget_type=\"image.default\">\n\t\t\t\t<div class=\"elementor-widget-container\">\n\t\t\t\t\t\t\t\t\t\t\t\t\t\t\t<img fetchpriority=\"high\" decoding=\"async\" width=\"683\" height=\"1024\" src=\"https:\/\/www.keletimodszerekkozpont.hu\/wp-content\/uploads\/2023\/08\/front-view-woman-meditating-mat-683x1024.jpg\" class=\"attachment-large size-large wp-image-937\" alt=\"Japanese reiki treatment Debrecen\" srcset=\"https:\/\/www.keletimodszerekkozpont.hu\/wp-content\/uploads\/2023\/08\/front-view-woman-meditating-mat-683x1024.jpg 683w, https:\/\/www.keletimodszerekkozpont.hu\/wp-content\/uploads\/2023\/08\/front-view-woman-meditating-mat-200x300.jpg 200w, https:\/\/www.keletimodszerekkozpont.hu\/wp-content\/uploads\/2023\/08\/front-view-woman-meditating-mat-768x1152.jpg 768w, https:\/\/www.keletimodszerekkozpont.hu\/wp-content\/uploads\/2023\/08\/front-view-woman-meditating-mat-1024x1536.jpg 1024w, https:\/\/www.keletimodszerekkozpont.hu\/wp-content\/uploads\/2023\/08\/front-view-woman-meditating-mat-1365x2048.jpg 1365w, https:\/\/www.keletimodszerekkozpont.hu\/wp-content\/uploads\/2023\/08\/front-view-woman-meditating-mat-40x60.jpg 40w, https:\/\/www.keletimodszerekkozpont.hu\/wp-content\/uploads\/2023\/08\/front-view-woman-meditating-mat-scaled.jpg 1706w\" sizes=\"(max-width: 683px) 100vw, 683px\" \/>\t\t\t\t\t\t\t\t\t\t\t\t\t\t\t<\/div>\n\t\t\t\t<\/div>\n\t\t\t\t\t<\/div>\n\t\t<\/div>\n\t\t\t\t\t<\/div>\n\t\t<\/section>\n\t\t\t\t<\/div>","protected":false},"excerpt":{"rendered":"<p>Szolg\u00e1ltat\u00e1saimr\u00f3l r\u00e9szletesen a Szolg\u00e1ltat\u00e1sok men\u00fcpontban l\u00e9v\u0151 leg\u00f6rd\u00fcl\u0151 list\u00e1ban, az egyes listaelemekre kattintva&nbsp;olvashatsz, ahol \u00e1ttekintheted az egyes kezel\u00e9sek javallatait \u00e9s ellenjavallatait. Vagy az al\u00e1bbiakra kattintva: &#8211;&nbsp;M\u0171szeres Meridi\u00e1n \u00c1llapotfelm\u00e9r\u00e9s &#8211; K\u00ednai Akupressz\u00far\u00e1s &hellip; <\/p>","protected":false},"author":1,"featured_media":1130,"parent":0,"menu_order":0,"comment_status":"closed","ping_status":"closed","template":"","meta":{"footnotes":""},"class_list":["post-58","page","type-page","status-publish","has-post-thumbnail","hentry"],"yoast_head":"<!-- This site is optimized with the Yoast SEO plugin v25.6 - https:\/\/yoast.com\/wordpress\/plugins\/seo\/ -->\n<title>Szolg\u00e1ltat\u00e1sok - Keleti M\u00f3dszerek K\u00f6zpont Debrecen<\/title>\n<meta name=\"description\" content=\"K\u00ednai akupressz\u00far\u00e1s meridi\u00e1n massz\u00e1zs, EMC m\u0171szeres \u00e1llapotfelm\u00e9r\u00e9s, k\u00ednai talpmassz\u00e1zs, k\u00f6p\u00f6ly, reiki, keleti massz\u00e1zsok, BEMER Debrecenben.\" \/>\n<meta name=\"robots\" content=\"index, follow, max-snippet:-1, max-image-preview:large, max-video-preview:-1\" \/>\n<link rel=\"canonical\" href=\"https:\/\/www.keletimodszerekkozpont.hu\/en\/chinese-medicine-in-debrecen\/\" \/>\n<meta property=\"og:locale\" content=\"en_GB\" \/>\n<meta property=\"og:type\" content=\"article\" \/>\n<meta property=\"og:title\" content=\"Szolg\u00e1ltat\u00e1sok - Keleti M\u00f3dszerek K\u00f6zpont Debrecen\" \/>\n<meta property=\"og:description\" content=\"K\u00ednai akupressz\u00far\u00e1s meridi\u00e1n massz\u00e1zs, EMC m\u0171szeres \u00e1llapotfelm\u00e9r\u00e9s, k\u00ednai talpmassz\u00e1zs, k\u00f6p\u00f6ly, reiki, keleti massz\u00e1zsok, BEMER Debrecenben.\" \/>\n<meta property=\"og:url\" content=\"https:\/\/www.keletimodszerekkozpont.hu\/en\/chinese-medicine-in-debrecen\/\" \/>\n<meta property=\"og:site_name\" content=\"keletimodszerekkozpont.hu\" \/>\n<meta property=\"article:publisher\" content=\"https:\/\/www.facebook.com\/profile.php?id=61551079794439\" \/>\n<meta property=\"article:modified_time\" content=\"2025-11-22T19:45:19+00:00\" \/>\n<meta property=\"og:image\" content=\"https:\/\/www.keletimodszerekkozpont.hu\/wp-content\/uploads\/2024\/01\/spa-concept-with-woman-scaled.jpg\" \/>\n\t<meta property=\"og:image:width\" content=\"2560\" \/>\n\t<meta property=\"og:image:height\" content=\"1707\" \/>\n\t<meta property=\"og:image:type\" content=\"image\/jpeg\" \/>\n<meta name=\"twitter:card\" content=\"summary_large_image\" \/>\n<meta name=\"twitter:label1\" content=\"Estimated reading time\" \/>\n\t<meta name=\"twitter:data1\" content=\"1 minute\" \/>\n<script type=\"application\/ld+json\" class=\"yoast-schema-graph\">{\"@context\":\"https:\/\/schema.org\",\"@graph\":[{\"@type\":\"WebPage\",\"@id\":\"https:\/\/www.keletimodszerekkozpont.hu\/kinai-gyogymodok-debrecenben\/\",\"url\":\"https:\/\/www.keletimodszerekkozpont.hu\/kinai-gyogymodok-debrecenben\/\",\"name\":\"Szolg\u00e1ltat\u00e1sok - Keleti M\u00f3dszerek K\u00f6zpont Debrecen\",\"isPartOf\":{\"@id\":\"https:\/\/www.keletimodszerekkozpont.hu\/#website\"},\"primaryImageOfPage\":{\"@id\":\"https:\/\/www.keletimodszerekkozpont.hu\/kinai-gyogymodok-debrecenben\/#primaryimage\"},\"image\":{\"@id\":\"https:\/\/www.keletimodszerekkozpont.hu\/kinai-gyogymodok-debrecenben\/#primaryimage\"},\"thumbnailUrl\":\"https:\/\/www.keletimodszerekkozpont.hu\/wp-content\/uploads\/2024\/01\/spa-concept-with-woman-scaled.jpg\",\"datePublished\":\"2023-04-29T09:23:50+00:00\",\"dateModified\":\"2025-11-22T19:45:19+00:00\",\"description\":\"K\u00ednai akupressz\u00far\u00e1s meridi\u00e1n massz\u00e1zs, EMC m\u0171szeres \u00e1llapotfelm\u00e9r\u00e9s, k\u00ednai talpmassz\u00e1zs, k\u00f6p\u00f6ly, reiki, keleti massz\u00e1zsok, BEMER Debrecenben.\",\"breadcrumb\":{\"@id\":\"https:\/\/www.keletimodszerekkozpont.hu\/kinai-gyogymodok-debrecenben\/#breadcrumb\"},\"inLanguage\":\"en-GB\",\"potentialAction\":[{\"@type\":\"ReadAction\",\"target\":[\"https:\/\/www.keletimodszerekkozpont.hu\/kinai-gyogymodok-debrecenben\/\"]}]},{\"@type\":\"ImageObject\",\"inLanguage\":\"en-GB\",\"@id\":\"https:\/\/www.keletimodszerekkozpont.hu\/kinai-gyogymodok-debrecenben\/#primaryimage\",\"url\":\"https:\/\/www.keletimodszerekkozpont.hu\/wp-content\/uploads\/2024\/01\/spa-concept-with-woman-scaled.jpg\",\"contentUrl\":\"https:\/\/www.keletimodszerekkozpont.hu\/wp-content\/uploads\/2024\/01\/spa-concept-with-woman-scaled.jpg\",\"width\":2560,\"height\":1707,\"caption\":\"Keleti Gy\u00f3gym\u00f3dok szolg\u00e1ltat\u00e1s \u00e1rak Debrecen\"},{\"@type\":\"BreadcrumbList\",\"@id\":\"https:\/\/www.keletimodszerekkozpont.hu\/kinai-gyogymodok-debrecenben\/#breadcrumb\",\"itemListElement\":[{\"@type\":\"ListItem\",\"position\":1,\"name\":\"Home\",\"item\":\"https:\/\/www.keletimodszerekkozpont.hu\/\"},{\"@type\":\"ListItem\",\"position\":2,\"name\":\"Szolg\u00e1ltat\u00e1sok\"}]},{\"@type\":\"WebSite\",\"@id\":\"https:\/\/www.keletimodszerekkozpont.hu\/#website\",\"url\":\"https:\/\/www.keletimodszerekkozpont.hu\/\",\"name\":\"keletimodszerekkozpont.hu\",\"description\":\"K\u00ednai akupressz\u00far\u00e1s meridi\u00e1n massz\u00e1zs, M\u0171szeres \u00e1llapotfelm\u00e9r\u00e9s EMC,  Hagyom\u00e1nyos k\u00ednai gy\u00f3gy\u00e1szat eszk\u00f6zei, keleti massz\u00e1zsok, Reiki, Bemer\",\"publisher\":{\"@id\":\"https:\/\/www.keletimodszerekkozpont.hu\/#organization\"},\"potentialAction\":[{\"@type\":\"SearchAction\",\"target\":{\"@type\":\"EntryPoint\",\"urlTemplate\":\"https:\/\/www.keletimodszerekkozpont.hu\/?s={search_term_string}\"},\"query-input\":{\"@type\":\"PropertyValueSpecification\",\"valueRequired\":true,\"valueName\":\"search_term_string\"}}],\"inLanguage\":\"en-GB\"},{\"@type\":\"Organization\",\"@id\":\"https:\/\/www.keletimodszerekkozpont.hu\/#organization\",\"name\":\"Keleti Gy\u00f3gym\u00f3dok Debrecen\",\"url\":\"https:\/\/www.keletimodszerekkozpont.hu\/\",\"logo\":{\"@type\":\"ImageObject\",\"inLanguage\":\"en-GB\",\"@id\":\"https:\/\/www.keletimodszerekkozpont.hu\/#\/schema\/logo\/image\/\",\"url\":\"https:\/\/www.keletimodszerekkozpont.hu\/wp-content\/uploads\/2024\/06\/cropped-keleti_gyogymodok_debrecen.jpg\",\"contentUrl\":\"https:\/\/www.keletimodszerekkozpont.hu\/wp-content\/uploads\/2024\/06\/cropped-keleti_gyogymodok_debrecen.jpg\",\"width\":512,\"height\":512,\"caption\":\"Keleti Gy\u00f3gym\u00f3dok Debrecen\"},\"image\":{\"@id\":\"https:\/\/www.keletimodszerekkozpont.hu\/#\/schema\/logo\/image\/\"},\"sameAs\":[\"https:\/\/www.facebook.com\/profile.php?id=61551079794439\"]}]}<\/script>\n<!-- \/ Yoast SEO plugin. -->","yoast_head_json":{"title":"Szolg\u00e1ltat\u00e1sok - Keleti M\u00f3dszerek K\u00f6zpont Debrecen","description":"K\u00ednai akupressz\u00far\u00e1s meridi\u00e1n massz\u00e1zs, EMC m\u0171szeres \u00e1llapotfelm\u00e9r\u00e9s, k\u00ednai talpmassz\u00e1zs, k\u00f6p\u00f6ly, reiki, keleti massz\u00e1zsok, BEMER Debrecenben.","robots":{"index":"index","follow":"follow","max-snippet":"max-snippet:-1","max-image-preview":"max-image-preview:large","max-video-preview":"max-video-preview:-1"},"canonical":"https:\/\/www.keletimodszerekkozpont.hu\/en\/chinese-medicine-in-debrecen\/","og_locale":"en_GB","og_type":"article","og_title":"Szolg\u00e1ltat\u00e1sok - Keleti M\u00f3dszerek K\u00f6zpont Debrecen","og_description":"K\u00ednai akupressz\u00far\u00e1s meridi\u00e1n massz\u00e1zs, EMC m\u0171szeres \u00e1llapotfelm\u00e9r\u00e9s, k\u00ednai talpmassz\u00e1zs, k\u00f6p\u00f6ly, reiki, keleti massz\u00e1zsok, BEMER Debrecenben.","og_url":"https:\/\/www.keletimodszerekkozpont.hu\/en\/chinese-medicine-in-debrecen\/","og_site_name":"keletimodszerekkozpont.hu","article_publisher":"https:\/\/www.facebook.com\/profile.php?id=61551079794439","article_modified_time":"2025-11-22T19:45:19+00:00","og_image":[{"width":2560,"height":1707,"url":"https:\/\/www.keletimodszerekkozpont.hu\/wp-content\/uploads\/2024\/01\/spa-concept-with-woman-scaled.jpg","type":"image\/jpeg"}],"twitter_card":"summary_large_image","twitter_misc":{"Estimated reading time":"1 minute"},"schema":{"@context":"https:\/\/schema.org","@graph":[{"@type":"WebPage","@id":"https:\/\/www.keletimodszerekkozpont.hu\/kinai-gyogymodok-debrecenben\/","url":"https:\/\/www.keletimodszerekkozpont.hu\/kinai-gyogymodok-debrecenben\/","name":"Szolg\u00e1ltat\u00e1sok - Keleti M\u00f3dszerek K\u00f6zpont Debrecen","isPartOf":{"@id":"https:\/\/www.keletimodszerekkozpont.hu\/#website"},"primaryImageOfPage":{"@id":"https:\/\/www.keletimodszerekkozpont.hu\/kinai-gyogymodok-debrecenben\/#primaryimage"},"image":{"@id":"https:\/\/www.keletimodszerekkozpont.hu\/kinai-gyogymodok-debrecenben\/#primaryimage"},"thumbnailUrl":"https:\/\/www.keletimodszerekkozpont.hu\/wp-content\/uploads\/2024\/01\/spa-concept-with-woman-scaled.jpg","datePublished":"2023-04-29T09:23:50+00:00","dateModified":"2025-11-22T19:45:19+00:00","description":"K\u00ednai akupressz\u00far\u00e1s meridi\u00e1n massz\u00e1zs, EMC m\u0171szeres \u00e1llapotfelm\u00e9r\u00e9s, k\u00ednai talpmassz\u00e1zs, k\u00f6p\u00f6ly, reiki, keleti massz\u00e1zsok, BEMER Debrecenben.","breadcrumb":{"@id":"https:\/\/www.keletimodszerekkozpont.hu\/kinai-gyogymodok-debrecenben\/#breadcrumb"},"inLanguage":"en-GB","potentialAction":[{"@type":"ReadAction","target":["https:\/\/www.keletimodszerekkozpont.hu\/kinai-gyogymodok-debrecenben\/"]}]},{"@type":"ImageObject","inLanguage":"en-GB","@id":"https:\/\/www.keletimodszerekkozpont.hu\/kinai-gyogymodok-debrecenben\/#primaryimage","url":"https:\/\/www.keletimodszerekkozpont.hu\/wp-content\/uploads\/2024\/01\/spa-concept-with-woman-scaled.jpg","contentUrl":"https:\/\/www.keletimodszerekkozpont.hu\/wp-content\/uploads\/2024\/01\/spa-concept-with-woman-scaled.jpg","width":2560,"height":1707,"caption":"Keleti Gy\u00f3gym\u00f3dok szolg\u00e1ltat\u00e1s \u00e1rak Debrecen"},{"@type":"BreadcrumbList","@id":"https:\/\/www.keletimodszerekkozpont.hu\/kinai-gyogymodok-debrecenben\/#breadcrumb","itemListElement":[{"@type":"ListItem","position":1,"name":"Home","item":"https:\/\/www.keletimodszerekkozpont.hu\/"},{"@type":"ListItem","position":2,"name":"Szolg\u00e1ltat\u00e1sok"}]},{"@type":"WebSite","@id":"https:\/\/www.keletimodszerekkozpont.hu\/#website","url":"https:\/\/www.keletimodszerekkozpont.hu\/","name":"keletimodszerekkozpont.hu","description":"K\u00ednai akupressz\u00far\u00e1s meridi\u00e1n massz\u00e1zs, M\u0171szeres \u00e1llapotfelm\u00e9r\u00e9s EMC,  Hagyom\u00e1nyos k\u00ednai gy\u00f3gy\u00e1szat eszk\u00f6zei, keleti massz\u00e1zsok, Reiki, Bemer","publisher":{"@id":"https:\/\/www.keletimodszerekkozpont.hu\/#organization"},"potentialAction":[{"@type":"SearchAction","target":{"@type":"EntryPoint","urlTemplate":"https:\/\/www.keletimodszerekkozpont.hu\/?s={search_term_string}"},"query-input":{"@type":"PropertyValueSpecification","valueRequired":true,"valueName":"search_term_string"}}],"inLanguage":"en-GB"},{"@type":"Organization","@id":"https:\/\/www.keletimodszerekkozpont.hu\/#organization","name":"Oriental Medicines Debrecen","url":"https:\/\/www.keletimodszerekkozpont.hu\/","logo":{"@type":"ImageObject","inLanguage":"en-GB","@id":"https:\/\/www.keletimodszerekkozpont.hu\/#\/schema\/logo\/image\/","url":"https:\/\/www.keletimodszerekkozpont.hu\/wp-content\/uploads\/2024\/06\/cropped-keleti_gyogymodok_debrecen.jpg","contentUrl":"https:\/\/www.keletimodszerekkozpont.hu\/wp-content\/uploads\/2024\/06\/cropped-keleti_gyogymodok_debrecen.jpg","width":512,"height":512,"caption":"Keleti Gy\u00f3gym\u00f3dok Debrecen"},"image":{"@id":"https:\/\/www.keletimodszerekkozpont.hu\/#\/schema\/logo\/image\/"},"sameAs":["https:\/\/www.facebook.com\/profile.php?id=61551079794439"]}]}},"_links":{"self":[{"href":"https:\/\/www.keletimodszerekkozpont.hu\/en\/wp-json\/wp\/v2\/pages\/58"}],"collection":[{"href":"https:\/\/www.keletimodszerekkozpont.hu\/en\/wp-json\/wp\/v2\/pages"}],"about":[{"href":"https:\/\/www.keletimodszerekkozpont.hu\/en\/wp-json\/wp\/v2\/types\/page"}],"author":[{"embeddable":true,"href":"https:\/\/www.keletimodszerekkozpont.hu\/en\/wp-json\/wp\/v2\/users\/1"}],"replies":[{"embeddable":true,"href":"https:\/\/www.keletimodszerekkozpont.hu\/en\/wp-json\/wp\/v2\/comments?post=58"}],"version-history":[{"count":6,"href":"https:\/\/www.keletimodszerekkozpont.hu\/en\/wp-json\/wp\/v2\/pages\/58\/revisions"}],"predecessor-version":[{"id":2078,"href":"https:\/\/www.keletimodszerekkozpont.hu\/en\/wp-json\/wp\/v2\/pages\/58\/revisions\/2078"}],"wp:featuredmedia":[{"embeddable":true,"href":"https:\/\/www.keletimodszerekkozpont.hu\/en\/wp-json\/wp\/v2\/media\/1130"}],"wp:attachment":[{"href":"https:\/\/www.keletimodszerekkozpont.hu\/en\/wp-json\/wp\/v2\/media?parent=58"}],"curies":[{"name":"wp","href":"https:\/\/api.w.org\/{rel}","templated":true}]}}