{"id":1886,"date":"2025-11-17T02:19:03","date_gmt":"2025-11-17T01:19:03","guid":{"rendered":"https:\/\/www.keletimodszerekkozpont.hu\/?page_id=1886"},"modified":"2026-03-08T21:54:29","modified_gmt":"2026-03-08T20:54:29","slug":"violet-reiki","status":"publish","type":"page","link":"https:\/\/www.keletimodszerekkozpont.hu\/en\/violet-reiki\/","title":{"rendered":"Violet Reiki"},"content":{"rendered":"<div data-elementor-type=\"wp-page\" data-elementor-id=\"1886\" class=\"elementor elementor-1886\">\n\t\t\t\t\t\t<section class=\"elementor-section elementor-top-section elementor-element elementor-element-c39c270 elementor-section-boxed elementor-section-height-default elementor-section-height-default\" data-id=\"c39c270\" data-element_type=\"section\" data-e-type=\"section\">\n\t\t\t\t\t\t<div class=\"elementor-container elementor-column-gap-default\">\n\t\t\t\t\t<div class=\"elementor-column elementor-col-50 elementor-top-column elementor-element elementor-element-61f4d79\" data-id=\"61f4d79\" data-element_type=\"column\" data-e-type=\"column\">\n\t\t\t<div class=\"elementor-widget-wrap elementor-element-populated\">\n\t\t\t\t\t\t<div class=\"elementor-element elementor-element-b88df16 elementor-widget elementor-widget-image\" data-id=\"b88df16\" data-element_type=\"widget\" data-e-type=\"widget\" data-widget_type=\"image.default\">\n\t\t\t\t<div class=\"elementor-widget-container\">\n\t\t\t\t\t\t\t\t\t\t\t\t\t\t\t<img fetchpriority=\"high\" decoding=\"async\" width=\"1024\" height=\"574\" src=\"https:\/\/www.keletimodszerekkozpont.hu\/wp-content\/uploads\/2025\/11\/abstract-purple-background-gradient-transition-generative-ai-1024x574.jpg\" class=\"attachment-large size-large wp-image-1897\" alt=\"\" srcset=\"https:\/\/www.keletimodszerekkozpont.hu\/wp-content\/uploads\/2025\/11\/abstract-purple-background-gradient-transition-generative-ai-1024x574.jpg 1024w, https:\/\/www.keletimodszerekkozpont.hu\/wp-content\/uploads\/2025\/11\/abstract-purple-background-gradient-transition-generative-ai-300x168.jpg 300w, https:\/\/www.keletimodszerekkozpont.hu\/wp-content\/uploads\/2025\/11\/abstract-purple-background-gradient-transition-generative-ai-768x431.jpg 768w, https:\/\/www.keletimodszerekkozpont.hu\/wp-content\/uploads\/2025\/11\/abstract-purple-background-gradient-transition-generative-ai-1536x861.jpg 1536w, https:\/\/www.keletimodszerekkozpont.hu\/wp-content\/uploads\/2025\/11\/abstract-purple-background-gradient-transition-generative-ai-2048x1148.jpg 2048w, https:\/\/www.keletimodszerekkozpont.hu\/wp-content\/uploads\/2025\/11\/abstract-purple-background-gradient-transition-generative-ai-18x10.jpg 18w\" sizes=\"(max-width: 1024px) 100vw, 1024px\" \/>\t\t\t\t\t\t\t\t\t\t\t\t\t\t\t<\/div>\n\t\t\t\t<\/div>\n\t\t\t\t\t<\/div>\n\t\t<\/div>\n\t\t\t\t<div class=\"elementor-column elementor-col-50 elementor-top-column elementor-element elementor-element-e992ac2\" data-id=\"e992ac2\" data-element_type=\"column\" data-e-type=\"column\">\n\t\t\t<div class=\"elementor-widget-wrap elementor-element-populated\">\n\t\t\t\t\t\t<div class=\"elementor-element elementor-element-155e74a elementor-widget elementor-widget-text-editor\" data-id=\"155e74a\" data-element_type=\"widget\" data-e-type=\"widget\" data-widget_type=\"text-editor.default\">\n\t\t\t\t<div class=\"elementor-widget-container\">\n\t\t\t\t\t\t\t\t\t<p>Miben seg\u00edthet Neked a Violet Reiki?&nbsp;<\/p>\n<div style=\"overflow-wrap: break-word; white-space-collapse: preserve; margin-top: 0.5em; margin-inline: 0px; margin-bottom: 0px; font-family: 'Segoe UI Historic', 'Segoe UI', Helvetica, Arial, sans-serif; color: #080809; font-size: 15px;\">\n<div dir=\"auto\" style=\"font-family: inherit;\">\n<p style=\"margin-bottom: 0.0001pt; line-height: normal; background-image: initial; background-position: initial; background-size: initial; background-repeat: initial; background-attachment: initial; background-origin: initial; background-clip: initial;\"><span style=\"font-size:13.5pt;font-family:&quot;Arial&quot;,sans-serif; mso-fareast-font-family:&quot;Times New Roman&quot;;color:#7A7A7A;mso-fareast-language: EN-GB\">Sokf\u00e9le elakad\u00e1sban, vagy \u00e1llapotban seg\u00edthet ez a fajta kezel\u00e9s, \u00fagy mint<o:p><\/o:p><\/span><\/p>\n<p style=\"margin-bottom: 0.0001pt; line-height: normal; background-image: initial; background-position: initial; background-size: initial; background-repeat: initial; background-attachment: initial; background-origin: initial; background-clip: initial;\"><span style=\"font-size:13.5pt;font-family:&quot;Arial&quot;,sans-serif; mso-fareast-font-family:&quot;Times New Roman&quot;;color:#7A7A7A;mso-fareast-language: EN-GB\">&#8211; Szorong\u00e1s, bels\u0151 fesz\u00fclts\u00e9g old\u00e1sa,<o:p><\/o:p><\/span><\/p><p style=\"margin-bottom: 0.0001pt; line-height: normal; background-image: initial; background-position: initial; background-size: initial; background-repeat: initial; background-attachment: initial; background-origin: initial; background-clip: initial;\"><br><\/p><p style=\"margin-bottom: 0.0001pt; line-height: normal; background-image: initial; background-position: initial; background-size: initial; background-repeat: initial; background-attachment: initial; background-origin: initial; background-clip: initial;\"><span style=\"font-size:13.5pt;font-family:&quot;Arial&quot;,sans-serif; mso-fareast-font-family:&quot;Times New Roman&quot;;color:#7A7A7A;mso-fareast-language: EN-GB\">&#8211; Gy\u00e1sz feldolgoz\u00e1s\u00e1ban,<\/span><\/p>\n<p style=\"margin-bottom: 0.0001pt; line-height: normal; background-image: initial; background-position: initial; background-size: initial; background-repeat: initial; background-attachment: initial; background-origin: initial; background-clip: initial;\"><span style=\"font-size:13.5pt;font-family:&quot;Arial&quot;,sans-serif; mso-fareast-font-family:&quot;Times New Roman&quot;;color:#7A7A7A;mso-fareast-language: EN-GB\">&#8211; Alv\u00e1s zavar eset\u00e9n,<o:p><\/o:p><\/span><\/p>\n<p style=\"margin-bottom: 0.0001pt; line-height: normal; background-image: initial; background-position: initial; background-size: initial; background-repeat: initial; background-attachment: initial; background-origin: initial; background-clip: initial;\"><span style=\"font-size:13.5pt;font-family:&quot;Arial&quot;,sans-serif; mso-fareast-font-family:&quot;Times New Roman&quot;;color:#7A7A7A;mso-fareast-language: EN-GB\">&#8211; F\u00e9lelmek elenged\u00e9s\u00e9ben,<o:p><\/o:p><\/span><\/p>\n<p style=\"margin-bottom: 0.0001pt; line-height: normal; background-image: initial; background-position: initial; background-size: initial; background-repeat: initial; background-attachment: initial; background-origin: initial; background-clip: initial;\"><span style=\"font-size:13.5pt;font-family:&quot;Arial&quot;,sans-serif; mso-fareast-font-family:&quot;Times New Roman&quot;;color:#7A7A7A;mso-fareast-language: EN-GB\">&#8211; Pszichoszomatikus \u00e1llapotok eset\u00e9ben,<o:p><\/o:p><\/span><\/p>\n<p style=\"margin-bottom: 0.0001pt; line-height: normal; background-image: initial; background-position: initial; background-size: initial; background-repeat: initial; background-attachment: initial; background-origin: initial; background-clip: initial;\"><span style=\"font-size:13.5pt;font-family:&quot;Arial&quot;,sans-serif; mso-fareast-font-family:&quot;Times New Roman&quot;;color:#7A7A7A;mso-fareast-language: EN-GB\">&#8211; Gyermekkori traum\u00e1k old\u00e1s\u00e1ban,<\/span><\/p>\n<p style=\"margin-bottom: 0.0001pt; line-height: normal; background-image: initial; background-position: initial; background-size: initial; background-repeat: initial; background-attachment: initial; background-origin: initial; background-clip: initial;\"><span style=\"font-size:13.5pt;font-family:&quot;Arial&quot;,sans-serif; mso-fareast-font-family:&quot;Times New Roman&quot;;color:#7A7A7A;mso-fareast-language: EN-GB\">&#8211; \u00c9let\u00f6r\u00f6m fokoz\u00e1s\u00e1ban.<\/span><\/p>\n<\/div>\n<\/div>\n<div style=\"overflow-wrap: break-word; white-space-collapse: preserve; margin-top: 0.5em; margin-inline: 0px; margin-bottom: 0px; font-family: 'Segoe UI Historic', 'Segoe UI', Helvetica, Arial, sans-serif; color: #080809; font-size: 15px;\"><span style=\"color: rgb(122, 122, 122); font-family: Roboto, sans-serif; font-size: 18px; text-align: justify; white-space-collapse: collapse;\">Szolg\u00e1ltat\u00e1saim \u00e1ltal ny\u00fajtott kezel\u00e9sek fizikai k\u00f6z\u00e9rzet jav\u00edt\u00f3 m\u00f3dszerek, melyek nem helyettes\u00edtik az orvosi ell\u00e1t\u00e1st, az orvosi ter\u00e1pi\u00e1s kezel\u00e9st, vagy az orvos \u00e1ltal elrendel\u00e9sre ker\u00fclt gy\u00f3gyszert, viszont ezek mellett kieg\u00e9sz\u00edt\u00e9sk\u00e9ppen alkalmazhat\u00f3ak k\u00e1ros mell\u00e9khat\u00e1s n\u00e9lk\u00fcl.<\/span><\/div>\t\t\t\t\t\t\t\t<\/div>\n\t\t\t\t<\/div>\n\t\t\t\t\t<\/div>\n\t\t<\/div>\n\t\t\t\t\t<\/div>\n\t\t<\/section>\n\t\t\t\t<\/div>","protected":false},"excerpt":{"rendered":"<p>Miben seg\u00edthet Neked a Violet Reiki?&nbsp; Sokf\u00e9le elakad\u00e1sban, vagy \u00e1llapotban seg\u00edthet ez a fajta kezel\u00e9s, \u00fagy mint &#8211; Szorong\u00e1s, bels\u0151 fesz\u00fclts\u00e9g old\u00e1sa, &#8211; Gy\u00e1sz feldolgoz\u00e1s\u00e1ban, &#8211; Alv\u00e1s zavar eset\u00e9n, &#8211; &hellip; <\/p>","protected":false},"author":1,"featured_media":0,"parent":0,"menu_order":0,"comment_status":"closed","ping_status":"closed","template":"","meta":{"footnotes":""},"class_list":["post-1886","page","type-page","status-publish","hentry"],"yoast_head":"<!-- This site is optimized with the Yoast SEO plugin v25.6 - https:\/\/yoast.com\/wordpress\/plugins\/seo\/ -->\n<title>Violet Reiki - keletimodszerekkozpont.hu<\/title>\n<meta name=\"description\" content=\"Debrecenben is el\u00e9rhet\u0151 a Violet Reiki, mely t\u00e1mogathatja a lelki blokkok old\u00e1s\u00e1t, r\u00e9gi traum\u00e1k, f\u00e9lelmek elenged\u00e9s\u00e9t. Ibolyal\u00e1ng, St. Germain.\" \/>\n<meta name=\"robots\" content=\"index, follow, max-snippet:-1, max-image-preview:large, max-video-preview:-1\" \/>\n<link rel=\"canonical\" href=\"https:\/\/www.keletimodszerekkozpont.hu\/en\/violet-reiki\/\" \/>\n<meta property=\"og:locale\" content=\"en_GB\" \/>\n<meta property=\"og:type\" content=\"article\" \/>\n<meta property=\"og:title\" content=\"Violet Reiki - keletimodszerekkozpont.hu\" \/>\n<meta property=\"og:description\" content=\"Debrecenben is el\u00e9rhet\u0151 a Violet Reiki, mely t\u00e1mogathatja a lelki blokkok old\u00e1s\u00e1t, r\u00e9gi traum\u00e1k, f\u00e9lelmek elenged\u00e9s\u00e9t. Ibolyal\u00e1ng, St. Germain.\" \/>\n<meta property=\"og:url\" content=\"https:\/\/www.keletimodszerekkozpont.hu\/en\/violet-reiki\/\" \/>\n<meta property=\"og:site_name\" content=\"keletimodszerekkozpont.hu\" \/>\n<meta property=\"article:publisher\" content=\"https:\/\/www.facebook.com\/profile.php?id=61551079794439\" \/>\n<meta property=\"article:modified_time\" content=\"2026-03-08T20:54:29+00:00\" \/>\n<meta property=\"og:image\" content=\"https:\/\/www.keletimodszerekkozpont.hu\/wp-content\/uploads\/2025\/11\/abstract-purple-background-gradient-transition-generative-ai.jpg\" \/>\n\t<meta property=\"og:image:width\" content=\"2560\" \/>\n\t<meta property=\"og:image:height\" content=\"1435\" \/>\n\t<meta property=\"og:image:type\" content=\"image\/jpeg\" \/>\n<meta name=\"twitter:card\" content=\"summary_large_image\" \/>\n<meta name=\"twitter:label1\" content=\"Estimated reading time\" \/>\n\t<meta name=\"twitter:data1\" content=\"1 minute\" \/>\n<script type=\"application\/ld+json\" class=\"yoast-schema-graph\">{\"@context\":\"https:\/\/schema.org\",\"@graph\":[{\"@type\":\"WebPage\",\"@id\":\"https:\/\/www.keletimodszerekkozpont.hu\/violet-reiki\/\",\"url\":\"https:\/\/www.keletimodszerekkozpont.hu\/violet-reiki\/\",\"name\":\"Violet Reiki - keletimodszerekkozpont.hu\",\"isPartOf\":{\"@id\":\"https:\/\/www.keletimodszerekkozpont.hu\/#website\"},\"primaryImageOfPage\":{\"@id\":\"https:\/\/www.keletimodszerekkozpont.hu\/violet-reiki\/#primaryimage\"},\"image\":{\"@id\":\"https:\/\/www.keletimodszerekkozpont.hu\/violet-reiki\/#primaryimage\"},\"thumbnailUrl\":\"https:\/\/www.keletimodszerekkozpont.hu\/wp-content\/uploads\/2025\/11\/abstract-purple-background-gradient-transition-generative-ai-1024x574.jpg\",\"datePublished\":\"2025-11-17T01:19:03+00:00\",\"dateModified\":\"2026-03-08T20:54:29+00:00\",\"description\":\"Debrecenben is el\u00e9rhet\u0151 a Violet Reiki, mely t\u00e1mogathatja a lelki blokkok old\u00e1s\u00e1t, r\u00e9gi traum\u00e1k, f\u00e9lelmek elenged\u00e9s\u00e9t. Ibolyal\u00e1ng, St. Germain.\",\"breadcrumb\":{\"@id\":\"https:\/\/www.keletimodszerekkozpont.hu\/violet-reiki\/#breadcrumb\"},\"inLanguage\":\"en-GB\",\"potentialAction\":[{\"@type\":\"ReadAction\",\"target\":[\"https:\/\/www.keletimodszerekkozpont.hu\/violet-reiki\/\"]}]},{\"@type\":\"ImageObject\",\"inLanguage\":\"en-GB\",\"@id\":\"https:\/\/www.keletimodszerekkozpont.hu\/violet-reiki\/#primaryimage\",\"url\":\"https:\/\/www.keletimodszerekkozpont.hu\/wp-content\/uploads\/2025\/11\/abstract-purple-background-gradient-transition-generative-ai-1024x574.jpg\",\"contentUrl\":\"https:\/\/www.keletimodszerekkozpont.hu\/wp-content\/uploads\/2025\/11\/abstract-purple-background-gradient-transition-generative-ai-1024x574.jpg\"},{\"@type\":\"BreadcrumbList\",\"@id\":\"https:\/\/www.keletimodszerekkozpont.hu\/violet-reiki\/#breadcrumb\",\"itemListElement\":[{\"@type\":\"ListItem\",\"position\":1,\"name\":\"Home\",\"item\":\"https:\/\/www.keletimodszerekkozpont.hu\/\"},{\"@type\":\"ListItem\",\"position\":2,\"name\":\"Violet Reiki\"}]},{\"@type\":\"WebSite\",\"@id\":\"https:\/\/www.keletimodszerekkozpont.hu\/#website\",\"url\":\"https:\/\/www.keletimodszerekkozpont.hu\/\",\"name\":\"keletimodszerekkozpont.hu\",\"description\":\"K\u00ednai akupressz\u00far\u00e1s meridi\u00e1n massz\u00e1zs, M\u0171szeres \u00e1llapotfelm\u00e9r\u00e9s EMC,  Hagyom\u00e1nyos k\u00ednai gy\u00f3gy\u00e1szat eszk\u00f6zei, keleti massz\u00e1zsok, Reiki, Bemer\",\"publisher\":{\"@id\":\"https:\/\/www.keletimodszerekkozpont.hu\/#organization\"},\"potentialAction\":[{\"@type\":\"SearchAction\",\"target\":{\"@type\":\"EntryPoint\",\"urlTemplate\":\"https:\/\/www.keletimodszerekkozpont.hu\/?s={search_term_string}\"},\"query-input\":{\"@type\":\"PropertyValueSpecification\",\"valueRequired\":true,\"valueName\":\"search_term_string\"}}],\"inLanguage\":\"en-GB\"},{\"@type\":\"Organization\",\"@id\":\"https:\/\/www.keletimodszerekkozpont.hu\/#organization\",\"name\":\"Keleti Gy\u00f3gym\u00f3dok Debrecen\",\"url\":\"https:\/\/www.keletimodszerekkozpont.hu\/\",\"logo\":{\"@type\":\"ImageObject\",\"inLanguage\":\"en-GB\",\"@id\":\"https:\/\/www.keletimodszerekkozpont.hu\/#\/schema\/logo\/image\/\",\"url\":\"https:\/\/www.keletimodszerekkozpont.hu\/wp-content\/uploads\/2024\/06\/cropped-keleti_gyogymodok_debrecen.jpg\",\"contentUrl\":\"https:\/\/www.keletimodszerekkozpont.hu\/wp-content\/uploads\/2024\/06\/cropped-keleti_gyogymodok_debrecen.jpg\",\"width\":512,\"height\":512,\"caption\":\"Keleti Gy\u00f3gym\u00f3dok Debrecen\"},\"image\":{\"@id\":\"https:\/\/www.keletimodszerekkozpont.hu\/#\/schema\/logo\/image\/\"},\"sameAs\":[\"https:\/\/www.facebook.com\/profile.php?id=61551079794439\"]}]}<\/script>\n<!-- \/ Yoast SEO plugin. -->","yoast_head_json":{"title":"Violet Reiki - keletimodszerekkozpont.hu","description":"Debrecenben is el\u00e9rhet\u0151 a Violet Reiki, mely t\u00e1mogathatja a lelki blokkok old\u00e1s\u00e1t, r\u00e9gi traum\u00e1k, f\u00e9lelmek elenged\u00e9s\u00e9t. Ibolyal\u00e1ng, St. Germain.","robots":{"index":"index","follow":"follow","max-snippet":"max-snippet:-1","max-image-preview":"max-image-preview:large","max-video-preview":"max-video-preview:-1"},"canonical":"https:\/\/www.keletimodszerekkozpont.hu\/en\/violet-reiki\/","og_locale":"en_GB","og_type":"article","og_title":"Violet Reiki - keletimodszerekkozpont.hu","og_description":"Debrecenben is el\u00e9rhet\u0151 a Violet Reiki, mely t\u00e1mogathatja a lelki blokkok old\u00e1s\u00e1t, r\u00e9gi traum\u00e1k, f\u00e9lelmek elenged\u00e9s\u00e9t. Ibolyal\u00e1ng, St. Germain.","og_url":"https:\/\/www.keletimodszerekkozpont.hu\/en\/violet-reiki\/","og_site_name":"keletimodszerekkozpont.hu","article_publisher":"https:\/\/www.facebook.com\/profile.php?id=61551079794439","article_modified_time":"2026-03-08T20:54:29+00:00","og_image":[{"width":2560,"height":1435,"url":"https:\/\/www.keletimodszerekkozpont.hu\/wp-content\/uploads\/2025\/11\/abstract-purple-background-gradient-transition-generative-ai.jpg","type":"image\/jpeg"}],"twitter_card":"summary_large_image","twitter_misc":{"Estimated reading time":"1 minute"},"schema":{"@context":"https:\/\/schema.org","@graph":[{"@type":"WebPage","@id":"https:\/\/www.keletimodszerekkozpont.hu\/violet-reiki\/","url":"https:\/\/www.keletimodszerekkozpont.hu\/violet-reiki\/","name":"Violet Reiki - keletimodszerekkozpont.hu","isPartOf":{"@id":"https:\/\/www.keletimodszerekkozpont.hu\/#website"},"primaryImageOfPage":{"@id":"https:\/\/www.keletimodszerekkozpont.hu\/violet-reiki\/#primaryimage"},"image":{"@id":"https:\/\/www.keletimodszerekkozpont.hu\/violet-reiki\/#primaryimage"},"thumbnailUrl":"https:\/\/www.keletimodszerekkozpont.hu\/wp-content\/uploads\/2025\/11\/abstract-purple-background-gradient-transition-generative-ai-1024x574.jpg","datePublished":"2025-11-17T01:19:03+00:00","dateModified":"2026-03-08T20:54:29+00:00","description":"Debrecenben is el\u00e9rhet\u0151 a Violet Reiki, mely t\u00e1mogathatja a lelki blokkok old\u00e1s\u00e1t, r\u00e9gi traum\u00e1k, f\u00e9lelmek elenged\u00e9s\u00e9t. Ibolyal\u00e1ng, St. Germain.","breadcrumb":{"@id":"https:\/\/www.keletimodszerekkozpont.hu\/violet-reiki\/#breadcrumb"},"inLanguage":"en-GB","potentialAction":[{"@type":"ReadAction","target":["https:\/\/www.keletimodszerekkozpont.hu\/violet-reiki\/"]}]},{"@type":"ImageObject","inLanguage":"en-GB","@id":"https:\/\/www.keletimodszerekkozpont.hu\/violet-reiki\/#primaryimage","url":"https:\/\/www.keletimodszerekkozpont.hu\/wp-content\/uploads\/2025\/11\/abstract-purple-background-gradient-transition-generative-ai-1024x574.jpg","contentUrl":"https:\/\/www.keletimodszerekkozpont.hu\/wp-content\/uploads\/2025\/11\/abstract-purple-background-gradient-transition-generative-ai-1024x574.jpg"},{"@type":"BreadcrumbList","@id":"https:\/\/www.keletimodszerekkozpont.hu\/violet-reiki\/#breadcrumb","itemListElement":[{"@type":"ListItem","position":1,"name":"Home","item":"https:\/\/www.keletimodszerekkozpont.hu\/"},{"@type":"ListItem","position":2,"name":"Violet Reiki"}]},{"@type":"WebSite","@id":"https:\/\/www.keletimodszerekkozpont.hu\/#website","url":"https:\/\/www.keletimodszerekkozpont.hu\/","name":"keletimodszerekkozpont.hu","description":"K\u00ednai akupressz\u00far\u00e1s meridi\u00e1n massz\u00e1zs, M\u0171szeres \u00e1llapotfelm\u00e9r\u00e9s EMC,  Hagyom\u00e1nyos k\u00ednai gy\u00f3gy\u00e1szat eszk\u00f6zei, keleti massz\u00e1zsok, Reiki, Bemer","publisher":{"@id":"https:\/\/www.keletimodszerekkozpont.hu\/#organization"},"potentialAction":[{"@type":"SearchAction","target":{"@type":"EntryPoint","urlTemplate":"https:\/\/www.keletimodszerekkozpont.hu\/?s={search_term_string}"},"query-input":{"@type":"PropertyValueSpecification","valueRequired":true,"valueName":"search_term_string"}}],"inLanguage":"en-GB"},{"@type":"Organization","@id":"https:\/\/www.keletimodszerekkozpont.hu\/#organization","name":"Oriental Medicines Debrecen","url":"https:\/\/www.keletimodszerekkozpont.hu\/","logo":{"@type":"ImageObject","inLanguage":"en-GB","@id":"https:\/\/www.keletimodszerekkozpont.hu\/#\/schema\/logo\/image\/","url":"https:\/\/www.keletimodszerekkozpont.hu\/wp-content\/uploads\/2024\/06\/cropped-keleti_gyogymodok_debrecen.jpg","contentUrl":"https:\/\/www.keletimodszerekkozpont.hu\/wp-content\/uploads\/2024\/06\/cropped-keleti_gyogymodok_debrecen.jpg","width":512,"height":512,"caption":"Keleti Gy\u00f3gym\u00f3dok Debrecen"},"image":{"@id":"https:\/\/www.keletimodszerekkozpont.hu\/#\/schema\/logo\/image\/"},"sameAs":["https:\/\/www.facebook.com\/profile.php?id=61551079794439"]}]}},"_links":{"self":[{"href":"https:\/\/www.keletimodszerekkozpont.hu\/en\/wp-json\/wp\/v2\/pages\/1886"}],"collection":[{"href":"https:\/\/www.keletimodszerekkozpont.hu\/en\/wp-json\/wp\/v2\/pages"}],"about":[{"href":"https:\/\/www.keletimodszerekkozpont.hu\/en\/wp-json\/wp\/v2\/types\/page"}],"author":[{"embeddable":true,"href":"https:\/\/www.keletimodszerekkozpont.hu\/en\/wp-json\/wp\/v2\/users\/1"}],"replies":[{"embeddable":true,"href":"https:\/\/www.keletimodszerekkozpont.hu\/en\/wp-json\/wp\/v2\/comments?post=1886"}],"version-history":[{"count":6,"href":"https:\/\/www.keletimodszerekkozpont.hu\/en\/wp-json\/wp\/v2\/pages\/1886\/revisions"}],"predecessor-version":[{"id":2154,"href":"https:\/\/www.keletimodszerekkozpont.hu\/en\/wp-json\/wp\/v2\/pages\/1886\/revisions\/2154"}],"wp:attachment":[{"href":"https:\/\/www.keletimodszerekkozpont.hu\/en\/wp-json\/wp\/v2\/media?parent=1886"}],"curies":[{"name":"wp","href":"https:\/\/api.w.org\/{rel}","templated":true}]}}