{"id":1871,"date":"2025-11-17T02:02:58","date_gmt":"2025-11-17T01:02:58","guid":{"rendered":"https:\/\/www.keletimodszerekkozpont.hu\/?page_id=1871"},"modified":"2025-11-17T23:52:48","modified_gmt":"2025-11-17T22:52:48","slug":"hangtalas-kezeles","status":"publish","type":"page","link":"https:\/\/www.keletimodszerekkozpont.hu\/en\/hangtalas-kezeles\/","title":{"rendered":"Tibeti energetikai krist\u00e1lykezel\u00e9s"},"content":{"rendered":"<div data-elementor-type=\"wp-page\" data-elementor-id=\"1871\" class=\"elementor elementor-1871\">\n\t\t\t\t\t\t<section class=\"elementor-section elementor-top-section elementor-element elementor-element-2f3c982 elementor-section-boxed elementor-section-height-default elementor-section-height-default\" data-id=\"2f3c982\" data-element_type=\"section\" data-e-type=\"section\">\n\t\t\t\t\t\t<div class=\"elementor-container elementor-column-gap-default\">\n\t\t\t\t\t<div class=\"elementor-column elementor-col-50 elementor-top-column elementor-element elementor-element-fe98195\" data-id=\"fe98195\" data-element_type=\"column\" data-e-type=\"column\">\n\t\t\t<div class=\"elementor-widget-wrap elementor-element-populated\">\n\t\t\t\t\t\t<div class=\"elementor-element elementor-element-14637db elementor-widget elementor-widget-image\" data-id=\"14637db\" data-element_type=\"widget\" data-e-type=\"widget\" data-widget_type=\"image.default\">\n\t\t\t\t<div class=\"elementor-widget-container\">\n\t\t\t\t\t\t\t\t\t\t\t\t\t\t\t<img fetchpriority=\"high\" decoding=\"async\" width=\"1024\" height=\"461\" src=\"https:\/\/www.keletimodszerekkozpont.hu\/wp-content\/uploads\/2025\/11\/IMG-23a44704e42686ea8630b963a2b46cd5-V-1024x461.jpg\" class=\"attachment-large size-large wp-image-1908\" alt=\"\" srcset=\"https:\/\/www.keletimodszerekkozpont.hu\/wp-content\/uploads\/2025\/11\/IMG-23a44704e42686ea8630b963a2b46cd5-V-1024x461.jpg 1024w, https:\/\/www.keletimodszerekkozpont.hu\/wp-content\/uploads\/2025\/11\/IMG-23a44704e42686ea8630b963a2b46cd5-V-300x135.jpg 300w, https:\/\/www.keletimodszerekkozpont.hu\/wp-content\/uploads\/2025\/11\/IMG-23a44704e42686ea8630b963a2b46cd5-V-768x346.jpg 768w, https:\/\/www.keletimodszerekkozpont.hu\/wp-content\/uploads\/2025\/11\/IMG-23a44704e42686ea8630b963a2b46cd5-V-1536x692.jpg 1536w, https:\/\/www.keletimodszerekkozpont.hu\/wp-content\/uploads\/2025\/11\/IMG-23a44704e42686ea8630b963a2b46cd5-V-18x8.jpg 18w, https:\/\/www.keletimodszerekkozpont.hu\/wp-content\/uploads\/2025\/11\/IMG-23a44704e42686ea8630b963a2b46cd5-V.jpg 1600w\" sizes=\"(max-width: 1024px) 100vw, 1024px\" \/>\t\t\t\t\t\t\t\t\t\t\t\t\t\t\t<\/div>\n\t\t\t\t<\/div>\n\t\t\t\t\t<\/div>\n\t\t<\/div>\n\t\t\t\t<div class=\"elementor-column elementor-col-50 elementor-top-column elementor-element elementor-element-38aac4c\" data-id=\"38aac4c\" data-element_type=\"column\" data-e-type=\"column\">\n\t\t\t<div class=\"elementor-widget-wrap elementor-element-populated\">\n\t\t\t\t\t\t<div class=\"elementor-element elementor-element-37230a7 elementor-widget elementor-widget-text-editor\" data-id=\"37230a7\" data-element_type=\"widget\" data-e-type=\"widget\" data-widget_type=\"text-editor.default\">\n\t\t\t\t<div class=\"elementor-widget-container\">\n\t\t\t\t\t\t\t\t\t<p>A tibeti szeml\u00e9let nem a t\u00fcnetek elnyom\u00e1s\u00e1r\u00f3l sz\u00f3l,<\/p>\n<p>hanem a l\u00e9lek, a test \u00e9s a szellem egyens\u00faly\u00e1nak<\/p>\n<p>vissza\u00e1ll\u00edt\u00e1s\u00e1r\u00f3l. A krist\u00e1lyok ebben a folyamatban<\/p>\n<p>nem csup\u00e1n eszk\u00f6z\u00f6k, hanem sz\u00f6vets\u00e9gesek \u2013<\/p>\n<p>rezg\u00e9seikkel finoman hangolj\u00e1k \u00fajra az energetikai<\/p>\n<p>mez\u0151nket, seg\u00edtve a bels\u0151 tisztul\u00e1st \u00e9s megny\u00edl\u00e1st.<\/p>\n<p>A tibeti energetikai krist\u00e1ly kezel\u00e9sben term\u00e9szetesen a hangt\u00e1lnak is szerepe van.<\/p>\n<p>A hangt\u00e1lak szerepe a tibeti gy\u00f3gy\u00edt\u00e1sban nem technikai,<\/p><p>hanem intuit\u00edv \u00e9s energetikai. A hang nem gy\u00f3gy\u00edt<\/p><p>\u201ehelyett\u00fcnk\u201d \u2013 hanem eml\u00e9keztet arra, hogy benn\u00fcnk van<\/p><p>a gy\u00f3gyul\u00e1s lehet\u0151s\u00e9ge.&nbsp;<\/p><p><br><\/p><p>Miben seg\u00edthet a Tibeti energetikai krist\u00e1ly + hangt\u00e1l kezel\u00e9s?<\/p><p>&#8211; L\u00e9gz\u00e9s \u00e9s idegrendszer harmoniz\u00e1l\u00e1s\u00e1ban<\/p><p>&#8211; Energiablokkok old\u00e1s\u00e1ban \u2013 k\u00fcl\u00f6n\u00f6sen a csakr\u00e1k<\/p><p>k\u00f6r\u00fcl<\/p><p>&#8211; Medit\u00e1ci\u00f3 m\u00e9ly\u00edt\u00e9s\u00e9ben \u2013 a hang seg\u00edt bel\u00e9pni a<\/p><p>bels\u0151 csendbe<\/p><p>&#8211; Testi fesz\u00fclts\u00e9gek old\u00e1s\u00e1ban \u2013 rezg\u00e9sen kereszt\u00fcl<\/p><p>&#8211; Tibeti elemek kiegyens\u00falyoz\u00e1s\u00e1ban:<\/p><p>o Lung (Sz\u00e9l) \u2013 seg\u00edt lecsendes\u00edteni a gondolatokat<\/p><p>o Tripa (T\u0171z) \u2013 h\u0171s\u00edti a bels\u0151 fesz\u00fclts\u00e9get<\/p><p>o Beken (F\u00f6ld\/V\u00edz) \u2013 mozg\u00e1sba hozza a stagn\u00e1l\u00f3energi\u00e1t<\/p>\n<p><br><\/p>\n<p><\/p>\n<p><span style=\"text-align: justify;\">Szolg\u00e1ltat\u00e1saim \u00e1ltal ny\u00fajtott kezel\u00e9sek fizikai k\u00f6z\u00e9rzet jav\u00edt\u00f3 m\u00f3dszerek, melyek nem helyettes\u00edtik az orvosi ell\u00e1t\u00e1st, az orvosi ter\u00e1pi\u00e1s kezel\u00e9st, vagy az orvos \u00e1ltal elrendel\u00e9sre ker\u00fclt gy\u00f3gyszert, viszont ezek mellett kieg\u00e9sz\u00edt\u00e9sk\u00e9ppen alkalmazhat\u00f3ak k\u00e1ros mell\u00e9khat\u00e1s n\u00e9lk\u00fcl.<\/span><\/p>\t\t\t\t\t\t\t\t<\/div>\n\t\t\t\t<\/div>\n\t\t\t\t\t<\/div>\n\t\t<\/div>\n\t\t\t\t\t<\/div>\n\t\t<\/section>\n\t\t\t\t<\/div>","protected":false},"excerpt":{"rendered":"<p>A tibeti szeml\u00e9let nem a t\u00fcnetek elnyom\u00e1s\u00e1r\u00f3l sz\u00f3l, hanem a l\u00e9lek, a test \u00e9s a szellem egyens\u00faly\u00e1nak vissza\u00e1ll\u00edt\u00e1s\u00e1r\u00f3l. A krist\u00e1lyok ebben a folyamatban nem csup\u00e1n eszk\u00f6z\u00f6k, hanem sz\u00f6vets\u00e9gesek \u2013 rezg\u00e9seikkel &hellip; <\/p>","protected":false},"author":1,"featured_media":0,"parent":0,"menu_order":0,"comment_status":"closed","ping_status":"closed","template":"","meta":{"footnotes":""},"class_list":["post-1871","page","type-page","status-publish","hentry"],"yoast_head":"<!-- This site is optimized with the Yoast SEO plugin v25.6 - https:\/\/yoast.com\/wordpress\/plugins\/seo\/ -->\n<title>Tibeti energetikai krist\u00e1lykezel\u00e9s - keletimodszerekkozpont.hu<\/title>\n<meta name=\"description\" content=\"A tibeti energetikai krist\u00e1lykezel\u00e9s a krist\u00e1lyok \u00e9s a hangt\u00e1lak erej\u00e9vel csod\u00e1latos felt\u00f6lt\u0151d\u00e9st ny\u00fajthat sz\u00e1modra. Debrecenben egyed\u00fcl\u00e1ll\u00f3.\" \/>\n<meta name=\"robots\" content=\"index, follow, max-snippet:-1, max-image-preview:large, max-video-preview:-1\" \/>\n<link rel=\"canonical\" href=\"https:\/\/www.keletimodszerekkozpont.hu\/en\/hangtalas-kezeles\/\" \/>\n<meta property=\"og:locale\" content=\"en_GB\" \/>\n<meta property=\"og:type\" content=\"article\" \/>\n<meta property=\"og:title\" content=\"Tibeti energetikai krist\u00e1lykezel\u00e9s - keletimodszerekkozpont.hu\" \/>\n<meta property=\"og:description\" content=\"A tibeti energetikai krist\u00e1lykezel\u00e9s a krist\u00e1lyok \u00e9s a hangt\u00e1lak erej\u00e9vel csod\u00e1latos felt\u00f6lt\u0151d\u00e9st ny\u00fajthat sz\u00e1modra. Debrecenben egyed\u00fcl\u00e1ll\u00f3.\" \/>\n<meta property=\"og:url\" content=\"https:\/\/www.keletimodszerekkozpont.hu\/en\/hangtalas-kezeles\/\" \/>\n<meta property=\"og:site_name\" content=\"keletimodszerekkozpont.hu\" \/>\n<meta property=\"article:publisher\" content=\"https:\/\/www.facebook.com\/profile.php?id=61551079794439\" \/>\n<meta property=\"article:modified_time\" content=\"2025-11-17T22:52:48+00:00\" \/>\n<meta property=\"og:image\" content=\"https:\/\/www.keletimodszerekkozpont.hu\/wp-content\/uploads\/2025\/11\/IMG-23a44704e42686ea8630b963a2b46cd5-V.jpg\" \/>\n\t<meta property=\"og:image:width\" content=\"1600\" \/>\n\t<meta property=\"og:image:height\" content=\"721\" \/>\n\t<meta property=\"og:image:type\" content=\"image\/jpeg\" \/>\n<meta name=\"twitter:card\" content=\"summary_large_image\" \/>\n<meta name=\"twitter:label1\" content=\"Estimated reading time\" \/>\n\t<meta name=\"twitter:data1\" content=\"2 minutes\" \/>\n<script type=\"application\/ld+json\" class=\"yoast-schema-graph\">{\"@context\":\"https:\/\/schema.org\",\"@graph\":[{\"@type\":\"WebPage\",\"@id\":\"https:\/\/www.keletimodszerekkozpont.hu\/hangtalas-kezeles\/\",\"url\":\"https:\/\/www.keletimodszerekkozpont.hu\/hangtalas-kezeles\/\",\"name\":\"Tibeti energetikai krist\u00e1lykezel\u00e9s - keletimodszerekkozpont.hu\",\"isPartOf\":{\"@id\":\"https:\/\/www.keletimodszerekkozpont.hu\/#website\"},\"primaryImageOfPage\":{\"@id\":\"https:\/\/www.keletimodszerekkozpont.hu\/hangtalas-kezeles\/#primaryimage\"},\"image\":{\"@id\":\"https:\/\/www.keletimodszerekkozpont.hu\/hangtalas-kezeles\/#primaryimage\"},\"thumbnailUrl\":\"https:\/\/www.keletimodszerekkozpont.hu\/wp-content\/uploads\/2025\/11\/IMG-23a44704e42686ea8630b963a2b46cd5-V-1024x461.jpg\",\"datePublished\":\"2025-11-17T01:02:58+00:00\",\"dateModified\":\"2025-11-17T22:52:48+00:00\",\"description\":\"A tibeti energetikai krist\u00e1lykezel\u00e9s a krist\u00e1lyok \u00e9s a hangt\u00e1lak erej\u00e9vel csod\u00e1latos felt\u00f6lt\u0151d\u00e9st ny\u00fajthat sz\u00e1modra. Debrecenben egyed\u00fcl\u00e1ll\u00f3.\",\"breadcrumb\":{\"@id\":\"https:\/\/www.keletimodszerekkozpont.hu\/hangtalas-kezeles\/#breadcrumb\"},\"inLanguage\":\"en-GB\",\"potentialAction\":[{\"@type\":\"ReadAction\",\"target\":[\"https:\/\/www.keletimodszerekkozpont.hu\/hangtalas-kezeles\/\"]}]},{\"@type\":\"ImageObject\",\"inLanguage\":\"en-GB\",\"@id\":\"https:\/\/www.keletimodszerekkozpont.hu\/hangtalas-kezeles\/#primaryimage\",\"url\":\"https:\/\/www.keletimodszerekkozpont.hu\/wp-content\/uploads\/2025\/11\/IMG-23a44704e42686ea8630b963a2b46cd5-V-1024x461.jpg\",\"contentUrl\":\"https:\/\/www.keletimodszerekkozpont.hu\/wp-content\/uploads\/2025\/11\/IMG-23a44704e42686ea8630b963a2b46cd5-V-1024x461.jpg\"},{\"@type\":\"BreadcrumbList\",\"@id\":\"https:\/\/www.keletimodszerekkozpont.hu\/hangtalas-kezeles\/#breadcrumb\",\"itemListElement\":[{\"@type\":\"ListItem\",\"position\":1,\"name\":\"Home\",\"item\":\"https:\/\/www.keletimodszerekkozpont.hu\/\"},{\"@type\":\"ListItem\",\"position\":2,\"name\":\"Tibeti energetikai krist\u00e1lykezel\u00e9s\"}]},{\"@type\":\"WebSite\",\"@id\":\"https:\/\/www.keletimodszerekkozpont.hu\/#website\",\"url\":\"https:\/\/www.keletimodszerekkozpont.hu\/\",\"name\":\"keletimodszerekkozpont.hu\",\"description\":\"K\u00ednai akupressz\u00far\u00e1s meridi\u00e1n massz\u00e1zs, M\u0171szeres \u00e1llapotfelm\u00e9r\u00e9s EMC,  Hagyom\u00e1nyos k\u00ednai gy\u00f3gy\u00e1szat eszk\u00f6zei, keleti massz\u00e1zsok, Reiki, Bemer\",\"publisher\":{\"@id\":\"https:\/\/www.keletimodszerekkozpont.hu\/#organization\"},\"potentialAction\":[{\"@type\":\"SearchAction\",\"target\":{\"@type\":\"EntryPoint\",\"urlTemplate\":\"https:\/\/www.keletimodszerekkozpont.hu\/?s={search_term_string}\"},\"query-input\":{\"@type\":\"PropertyValueSpecification\",\"valueRequired\":true,\"valueName\":\"search_term_string\"}}],\"inLanguage\":\"en-GB\"},{\"@type\":\"Organization\",\"@id\":\"https:\/\/www.keletimodszerekkozpont.hu\/#organization\",\"name\":\"Keleti Gy\u00f3gym\u00f3dok Debrecen\",\"url\":\"https:\/\/www.keletimodszerekkozpont.hu\/\",\"logo\":{\"@type\":\"ImageObject\",\"inLanguage\":\"en-GB\",\"@id\":\"https:\/\/www.keletimodszerekkozpont.hu\/#\/schema\/logo\/image\/\",\"url\":\"https:\/\/www.keletimodszerekkozpont.hu\/wp-content\/uploads\/2024\/06\/cropped-keleti_gyogymodok_debrecen.jpg\",\"contentUrl\":\"https:\/\/www.keletimodszerekkozpont.hu\/wp-content\/uploads\/2024\/06\/cropped-keleti_gyogymodok_debrecen.jpg\",\"width\":512,\"height\":512,\"caption\":\"Keleti Gy\u00f3gym\u00f3dok Debrecen\"},\"image\":{\"@id\":\"https:\/\/www.keletimodszerekkozpont.hu\/#\/schema\/logo\/image\/\"},\"sameAs\":[\"https:\/\/www.facebook.com\/profile.php?id=61551079794439\"]}]}<\/script>\n<!-- \/ Yoast SEO plugin. -->","yoast_head_json":{"title":"Tibeti energetikai krist\u00e1lykezel\u00e9s - keletimodszerekkozpont.hu","description":"A tibeti energetikai krist\u00e1lykezel\u00e9s a krist\u00e1lyok \u00e9s a hangt\u00e1lak erej\u00e9vel csod\u00e1latos felt\u00f6lt\u0151d\u00e9st ny\u00fajthat sz\u00e1modra. Debrecenben egyed\u00fcl\u00e1ll\u00f3.","robots":{"index":"index","follow":"follow","max-snippet":"max-snippet:-1","max-image-preview":"max-image-preview:large","max-video-preview":"max-video-preview:-1"},"canonical":"https:\/\/www.keletimodszerekkozpont.hu\/en\/hangtalas-kezeles\/","og_locale":"en_GB","og_type":"article","og_title":"Tibeti energetikai krist\u00e1lykezel\u00e9s - keletimodszerekkozpont.hu","og_description":"A tibeti energetikai krist\u00e1lykezel\u00e9s a krist\u00e1lyok \u00e9s a hangt\u00e1lak erej\u00e9vel csod\u00e1latos felt\u00f6lt\u0151d\u00e9st ny\u00fajthat sz\u00e1modra. Debrecenben egyed\u00fcl\u00e1ll\u00f3.","og_url":"https:\/\/www.keletimodszerekkozpont.hu\/en\/hangtalas-kezeles\/","og_site_name":"keletimodszerekkozpont.hu","article_publisher":"https:\/\/www.facebook.com\/profile.php?id=61551079794439","article_modified_time":"2025-11-17T22:52:48+00:00","og_image":[{"width":1600,"height":721,"url":"https:\/\/www.keletimodszerekkozpont.hu\/wp-content\/uploads\/2025\/11\/IMG-23a44704e42686ea8630b963a2b46cd5-V.jpg","type":"image\/jpeg"}],"twitter_card":"summary_large_image","twitter_misc":{"Estimated reading time":"2 minutes"},"schema":{"@context":"https:\/\/schema.org","@graph":[{"@type":"WebPage","@id":"https:\/\/www.keletimodszerekkozpont.hu\/hangtalas-kezeles\/","url":"https:\/\/www.keletimodszerekkozpont.hu\/hangtalas-kezeles\/","name":"Tibeti energetikai krist\u00e1lykezel\u00e9s - keletimodszerekkozpont.hu","isPartOf":{"@id":"https:\/\/www.keletimodszerekkozpont.hu\/#website"},"primaryImageOfPage":{"@id":"https:\/\/www.keletimodszerekkozpont.hu\/hangtalas-kezeles\/#primaryimage"},"image":{"@id":"https:\/\/www.keletimodszerekkozpont.hu\/hangtalas-kezeles\/#primaryimage"},"thumbnailUrl":"https:\/\/www.keletimodszerekkozpont.hu\/wp-content\/uploads\/2025\/11\/IMG-23a44704e42686ea8630b963a2b46cd5-V-1024x461.jpg","datePublished":"2025-11-17T01:02:58+00:00","dateModified":"2025-11-17T22:52:48+00:00","description":"A tibeti energetikai krist\u00e1lykezel\u00e9s a krist\u00e1lyok \u00e9s a hangt\u00e1lak erej\u00e9vel csod\u00e1latos felt\u00f6lt\u0151d\u00e9st ny\u00fajthat sz\u00e1modra. Debrecenben egyed\u00fcl\u00e1ll\u00f3.","breadcrumb":{"@id":"https:\/\/www.keletimodszerekkozpont.hu\/hangtalas-kezeles\/#breadcrumb"},"inLanguage":"en-GB","potentialAction":[{"@type":"ReadAction","target":["https:\/\/www.keletimodszerekkozpont.hu\/hangtalas-kezeles\/"]}]},{"@type":"ImageObject","inLanguage":"en-GB","@id":"https:\/\/www.keletimodszerekkozpont.hu\/hangtalas-kezeles\/#primaryimage","url":"https:\/\/www.keletimodszerekkozpont.hu\/wp-content\/uploads\/2025\/11\/IMG-23a44704e42686ea8630b963a2b46cd5-V-1024x461.jpg","contentUrl":"https:\/\/www.keletimodszerekkozpont.hu\/wp-content\/uploads\/2025\/11\/IMG-23a44704e42686ea8630b963a2b46cd5-V-1024x461.jpg"},{"@type":"BreadcrumbList","@id":"https:\/\/www.keletimodszerekkozpont.hu\/hangtalas-kezeles\/#breadcrumb","itemListElement":[{"@type":"ListItem","position":1,"name":"Home","item":"https:\/\/www.keletimodszerekkozpont.hu\/"},{"@type":"ListItem","position":2,"name":"Tibeti energetikai krist\u00e1lykezel\u00e9s"}]},{"@type":"WebSite","@id":"https:\/\/www.keletimodszerekkozpont.hu\/#website","url":"https:\/\/www.keletimodszerekkozpont.hu\/","name":"keletimodszerekkozpont.hu","description":"K\u00ednai akupressz\u00far\u00e1s meridi\u00e1n massz\u00e1zs, M\u0171szeres \u00e1llapotfelm\u00e9r\u00e9s EMC,  Hagyom\u00e1nyos k\u00ednai gy\u00f3gy\u00e1szat eszk\u00f6zei, keleti massz\u00e1zsok, Reiki, Bemer","publisher":{"@id":"https:\/\/www.keletimodszerekkozpont.hu\/#organization"},"potentialAction":[{"@type":"SearchAction","target":{"@type":"EntryPoint","urlTemplate":"https:\/\/www.keletimodszerekkozpont.hu\/?s={search_term_string}"},"query-input":{"@type":"PropertyValueSpecification","valueRequired":true,"valueName":"search_term_string"}}],"inLanguage":"en-GB"},{"@type":"Organization","@id":"https:\/\/www.keletimodszerekkozpont.hu\/#organization","name":"Oriental Medicines Debrecen","url":"https:\/\/www.keletimodszerekkozpont.hu\/","logo":{"@type":"ImageObject","inLanguage":"en-GB","@id":"https:\/\/www.keletimodszerekkozpont.hu\/#\/schema\/logo\/image\/","url":"https:\/\/www.keletimodszerekkozpont.hu\/wp-content\/uploads\/2024\/06\/cropped-keleti_gyogymodok_debrecen.jpg","contentUrl":"https:\/\/www.keletimodszerekkozpont.hu\/wp-content\/uploads\/2024\/06\/cropped-keleti_gyogymodok_debrecen.jpg","width":512,"height":512,"caption":"Keleti Gy\u00f3gym\u00f3dok Debrecen"},"image":{"@id":"https:\/\/www.keletimodszerekkozpont.hu\/#\/schema\/logo\/image\/"},"sameAs":["https:\/\/www.facebook.com\/profile.php?id=61551079794439"]}]}},"_links":{"self":[{"href":"https:\/\/www.keletimodszerekkozpont.hu\/en\/wp-json\/wp\/v2\/pages\/1871"}],"collection":[{"href":"https:\/\/www.keletimodszerekkozpont.hu\/en\/wp-json\/wp\/v2\/pages"}],"about":[{"href":"https:\/\/www.keletimodszerekkozpont.hu\/en\/wp-json\/wp\/v2\/types\/page"}],"author":[{"embeddable":true,"href":"https:\/\/www.keletimodszerekkozpont.hu\/en\/wp-json\/wp\/v2\/users\/1"}],"replies":[{"embeddable":true,"href":"https:\/\/www.keletimodszerekkozpont.hu\/en\/wp-json\/wp\/v2\/comments?post=1871"}],"version-history":[{"count":6,"href":"https:\/\/www.keletimodszerekkozpont.hu\/en\/wp-json\/wp\/v2\/pages\/1871\/revisions"}],"predecessor-version":[{"id":2060,"href":"https:\/\/www.keletimodszerekkozpont.hu\/en\/wp-json\/wp\/v2\/pages\/1871\/revisions\/2060"}],"wp:attachment":[{"href":"https:\/\/www.keletimodszerekkozpont.hu\/en\/wp-json\/wp\/v2\/media?parent=1871"}],"curies":[{"name":"wp","href":"https:\/\/api.w.org\/{rel}","templated":true}]}}