{"id":1863,"date":"2025-11-17T01:54:58","date_gmt":"2025-11-17T00:54:58","guid":{"rendered":"https:\/\/www.keletimodszerekkozpont.hu\/?page_id=1863"},"modified":"2025-11-17T23:43:32","modified_gmt":"2025-11-17T22:43:32","slug":"torok-masszazs","status":"publish","type":"page","link":"https:\/\/www.keletimodszerekkozpont.hu\/en\/torok-masszazs\/","title":{"rendered":"T\u00f6r\u00f6k m\u00e9zes massz\u00e1zs"},"content":{"rendered":"<div data-elementor-type=\"wp-page\" data-elementor-id=\"1863\" class=\"elementor elementor-1863\">\n\t\t\t\t\t\t<section class=\"elementor-section elementor-top-section elementor-element elementor-element-5788b5f elementor-section-boxed elementor-section-height-default elementor-section-height-default\" data-id=\"5788b5f\" data-element_type=\"section\" data-e-type=\"section\">\n\t\t\t\t\t\t<div class=\"elementor-container elementor-column-gap-default\">\n\t\t\t\t\t<div class=\"elementor-column elementor-col-50 elementor-top-column elementor-element elementor-element-9a66676\" data-id=\"9a66676\" data-element_type=\"column\" data-e-type=\"column\">\n\t\t\t<div class=\"elementor-widget-wrap elementor-element-populated\">\n\t\t\t\t\t\t<div class=\"elementor-element elementor-element-fe91a4f elementor-widget elementor-widget-image\" data-id=\"fe91a4f\" data-element_type=\"widget\" data-e-type=\"widget\" data-widget_type=\"image.default\">\n\t\t\t\t<div class=\"elementor-widget-container\">\n\t\t\t\t\t\t\t\t\t\t\t\t\t\t\t<img fetchpriority=\"high\" decoding=\"async\" width=\"1024\" height=\"684\" src=\"https:\/\/www.keletimodszerekkozpont.hu\/wp-content\/uploads\/2025\/11\/honey-pouring-woman-s-naked-back-spa-salon-1024x684.jpg\" class=\"attachment-large size-large wp-image-1867\" alt=\"\" srcset=\"https:\/\/www.keletimodszerekkozpont.hu\/wp-content\/uploads\/2025\/11\/honey-pouring-woman-s-naked-back-spa-salon-1024x684.jpg 1024w, https:\/\/www.keletimodszerekkozpont.hu\/wp-content\/uploads\/2025\/11\/honey-pouring-woman-s-naked-back-spa-salon-300x200.jpg 300w, https:\/\/www.keletimodszerekkozpont.hu\/wp-content\/uploads\/2025\/11\/honey-pouring-woman-s-naked-back-spa-salon-768x513.jpg 768w, https:\/\/www.keletimodszerekkozpont.hu\/wp-content\/uploads\/2025\/11\/honey-pouring-woman-s-naked-back-spa-salon-1536x1025.jpg 1536w, https:\/\/www.keletimodszerekkozpont.hu\/wp-content\/uploads\/2025\/11\/honey-pouring-woman-s-naked-back-spa-salon-2048x1367.jpg 2048w, https:\/\/www.keletimodszerekkozpont.hu\/wp-content\/uploads\/2025\/11\/honey-pouring-woman-s-naked-back-spa-salon-18x12.jpg 18w, https:\/\/www.keletimodszerekkozpont.hu\/wp-content\/uploads\/2025\/11\/honey-pouring-woman-s-naked-back-spa-salon-370x247.jpg 370w, https:\/\/www.keletimodszerekkozpont.hu\/wp-content\/uploads\/2025\/11\/honey-pouring-woman-s-naked-back-spa-salon-776x517.jpg 776w\" sizes=\"(max-width: 1024px) 100vw, 1024px\" \/>\t\t\t\t\t\t\t\t\t\t\t\t\t\t\t<\/div>\n\t\t\t\t<\/div>\n\t\t\t\t\t<\/div>\n\t\t<\/div>\n\t\t\t\t<div class=\"elementor-column elementor-col-50 elementor-top-column elementor-element elementor-element-f164169\" data-id=\"f164169\" data-element_type=\"column\" data-e-type=\"column\">\n\t\t\t<div class=\"elementor-widget-wrap elementor-element-populated\">\n\t\t\t\t\t\t<div class=\"elementor-element elementor-element-1fefc5a elementor-widget elementor-widget-text-editor\" data-id=\"1fefc5a\" data-element_type=\"widget\" data-e-type=\"widget\" data-widget_type=\"text-editor.default\">\n\t\t\t\t<div class=\"elementor-widget-container\">\n\t\t\t\t\t\t\t\t\t<p>A t\u00f6r\u00f6k m\u00e9zes massz\u00e1zs igazi wellness \u00e9lm\u00e9nyt k\u00edn\u00e1l a vend\u00e9gek sz\u00e1m\u00e1ra. A k\u00fcl\u00f6nleges t\u00f6r\u00f6k massz\u00e1zs elemek karakteresebb\u00e9 teszik a kezel\u00e9st, \u00e9s jobban visszaadj\u00e1k a hammam vil\u00e1g\u00e1t. A m\u00e9z ragad\u00f3ss\u00e1ga mellett az alkaros \u00e9s k\u00f6ny\u00f6k\u00f6s fog\u00e1sok intenz\u00edvebb m\u00e9lysz\u00f6veti hat\u00e1st biztos\u00edtanak, \u00edgy a massz\u00e1zs nemcsak m\u00e9regtelen\u00edt\u0151 hat\u00e1s\u00fa, hanem az izomlaz\u00edt\u00e1st \u00e9s a stresszold\u00e1st is el\u0151seg\u00edti. A m\u00e9z a b\u0151r\u00f6n kereszt\u00fcl felsz\u00edv\u00f3dva serkenti a szervezet v\u00e9dekez\u0151k\u00e9pess\u00e9g\u00e9t, immuner\u0151s\u00edt\u0151 is, emellett hidrat\u00e1l\u00f3, b\u0151rpuh\u00edt\u00f3 \u00e9s fiatal\u00edt\u00f3 hat\u00e1sa is van a m\u00e9znek.<\/p>\n<p>Eredete a keleti gy\u00f3gy\u00e1szatb\u00f3l ered.<\/p>\n<p>T\u00f6r\u00f6korsz\u00e1gban, \u00e9s K\u00f6zel Keleten a f\u00fcrd\u0151kult\u00fara r\u00e9szek\u00e9nt haszn\u00e1lt\u00e1k a m\u00e9zes massz\u00e1zst, a t\u00f6r\u00f6k f\u00fcrd\u0151 kezel\u00e9sek kieg\u00e9sz\u00edt\u00e9sek\u00e9nt.<\/p>\n<p>Hat\u00e1sai:<\/p>\n<p>&nbsp;&#8211; M\u00e9regtelen\u00edt\u0151 hat\u00e1sa van, ahogy a p\u00f3rusok kitisztulnak, a b\u0151r\u00f6n kereszt\u00fcl tudnak t\u00e1vozni a salakanyagok.<\/p>\n<p>&nbsp;&#8211; Immuner\u0151s\u00edt\u0151 hat\u00e1sa is van, a m\u00e9z a b\u0151r\u00f6n kereszt\u00fcl felsz\u00edv\u00f3dva serkenti a szervezet v\u00e9dekez\u0151k\u00e9pess\u00e9g\u00e9t.<\/p>\n<p>&nbsp;&#8211; A tapad\u00f3-nyom\u00f3 technik\u00e1kkal serkenthetj\u00fck a mikrokering\u00e9st, oldhatjuk az izom blokkokat \u00e9s az energia blokkokat. V\u00e1kuumhat\u00e1st keltve fokozhatjuk a v\u00e9rkering\u00e9st, nyirokkering\u00e9st.<\/p>\n<p>&#8211; A m\u00e9z puh\u00edtja, hidrat\u00e1lja a b\u0151rt.<\/p>\n<p><br><\/p>\n<p>ELLENJAVALLATOK<\/p>\n<p>Ezt a massz\u00e1zst NEM lehet elv\u00e9gezni:<\/p>\n<p>Ha valaki allergi\u00e1s a m\u00e9zre,<\/p>\n<p>Fenn\u00e1ll\u00f3 akut gyullad\u00e1s, fert\u0151z\u00e9s eset\u00e9n,<\/p>\n<p>Ny\u00edlt seb, b\u0151rs\u00e9r\u00fcl\u00e9s vagy b\u0151rbetegs\u00e9g eset\u00e9n,<\/p>\n<p>Tromb\u00f3zis, v\u00e9rr\u00f6g, s\u00falyos vissz\u00e9r eset\u00e9n,&nbsp;<\/p>\n<p>S\u00falyos sz\u00edvbetegs\u00e9g eset\u00e9n,<\/p>\n<p>L\u00e1zas \u00e1llapotokn\u00e1l,<\/p>\n<p style=\"margin-bottom: 20px;\">Daganatos betegs\u00e9g eset\u00e9n,<\/p>\n<p style=\"margin-bottom: 20px;\">Kismam\u00e1kn\u00e1l has \u00e9s der\u00e9k t\u00e1jon nem alkalmazhat\u00f3.<\/p>\n<p style=\"margin-bottom: 20px;\"><br><\/p>\n<p style=\"margin-bottom: 20px;\"><span style=\"text-align: justify;\">Szolg\u00e1ltat\u00e1saim \u00e1ltal ny\u00fajtott kezel\u00e9sek fizikai k\u00f6z\u00e9rzet jav\u00edt\u00f3 m\u00f3dszerek, melyek nem helyettes\u00edtik az orvosi ell\u00e1t\u00e1st, az orvosi ter\u00e1pi\u00e1s kezel\u00e9st, vagy az orvos \u00e1ltal elrendel\u00e9sre ker\u00fclt gy\u00f3gyszert, viszont ezek mellett kieg\u00e9sz\u00edt\u00e9sk\u00e9ppen alkalmazhat\u00f3ak k\u00e1ros mell\u00e9khat\u00e1s n\u00e9lk\u00fcl.<\/span><\/p>\t\t\t\t\t\t\t\t<\/div>\n\t\t\t\t<\/div>\n\t\t\t\t\t<\/div>\n\t\t<\/div>\n\t\t\t\t\t<\/div>\n\t\t<\/section>\n\t\t\t\t<\/div>","protected":false},"excerpt":{"rendered":"<p>A t\u00f6r\u00f6k m\u00e9zes massz\u00e1zs igazi wellness \u00e9lm\u00e9nyt k\u00edn\u00e1l a vend\u00e9gek sz\u00e1m\u00e1ra. A k\u00fcl\u00f6nleges t\u00f6r\u00f6k massz\u00e1zs elemek karakteresebb\u00e9 teszik a kezel\u00e9st, \u00e9s jobban visszaadj\u00e1k a hammam vil\u00e1g\u00e1t. A m\u00e9z ragad\u00f3ss\u00e1ga mellett &hellip; <\/p>","protected":false},"author":1,"featured_media":0,"parent":0,"menu_order":0,"comment_status":"closed","ping_status":"closed","template":"","meta":{"footnotes":""},"class_list":["post-1863","page","type-page","status-publish","hentry"],"yoast_head":"<!-- This site is optimized with the Yoast SEO plugin v25.6 - https:\/\/yoast.com\/wordpress\/plugins\/seo\/ -->\n<title>T\u00f6r\u00f6k m\u00e9zes massz\u00e1zs - keletimodszerekkozpont.hu<\/title>\n<meta name=\"description\" content=\"M\u00e1r Debrecenben is el\u00e9rhet\u0151 a Keleti M\u00f3dszerek K\u00f6zpontban a t\u00f6r\u00f6k m\u00e9zes massz\u00e1zs, mely igazi wellness \u00e9lm\u00e9nyt k\u00edn\u00e1l.\" \/>\n<meta name=\"robots\" content=\"index, follow, max-snippet:-1, max-image-preview:large, max-video-preview:-1\" \/>\n<link rel=\"canonical\" href=\"https:\/\/www.keletimodszerekkozpont.hu\/en\/torok-masszazs\/\" \/>\n<meta property=\"og:locale\" content=\"en_GB\" \/>\n<meta property=\"og:type\" content=\"article\" \/>\n<meta property=\"og:title\" content=\"T\u00f6r\u00f6k m\u00e9zes massz\u00e1zs - keletimodszerekkozpont.hu\" \/>\n<meta property=\"og:description\" content=\"M\u00e1r Debrecenben is el\u00e9rhet\u0151 a Keleti M\u00f3dszerek K\u00f6zpontban a t\u00f6r\u00f6k m\u00e9zes massz\u00e1zs, mely igazi wellness \u00e9lm\u00e9nyt k\u00edn\u00e1l.\" \/>\n<meta property=\"og:url\" content=\"https:\/\/www.keletimodszerekkozpont.hu\/en\/torok-masszazs\/\" \/>\n<meta property=\"og:site_name\" content=\"keletimodszerekkozpont.hu\" \/>\n<meta property=\"article:publisher\" content=\"https:\/\/www.facebook.com\/profile.php?id=61551079794439\" \/>\n<meta property=\"article:modified_time\" content=\"2025-11-17T22:43:32+00:00\" \/>\n<meta property=\"og:image\" content=\"https:\/\/www.keletimodszerekkozpont.hu\/wp-content\/uploads\/2025\/11\/honey-pouring-woman-s-naked-back-spa-salon.jpg\" \/>\n\t<meta property=\"og:image:width\" content=\"2560\" \/>\n\t<meta property=\"og:image:height\" content=\"1709\" \/>\n\t<meta property=\"og:image:type\" content=\"image\/jpeg\" \/>\n<meta name=\"twitter:card\" content=\"summary_large_image\" \/>\n<meta name=\"twitter:label1\" content=\"Estimated reading time\" \/>\n\t<meta name=\"twitter:data1\" content=\"2 minutes\" \/>\n<script type=\"application\/ld+json\" class=\"yoast-schema-graph\">{\"@context\":\"https:\/\/schema.org\",\"@graph\":[{\"@type\":\"WebPage\",\"@id\":\"https:\/\/www.keletimodszerekkozpont.hu\/torok-masszazs\/\",\"url\":\"https:\/\/www.keletimodszerekkozpont.hu\/torok-masszazs\/\",\"name\":\"T\u00f6r\u00f6k m\u00e9zes massz\u00e1zs - keletimodszerekkozpont.hu\",\"isPartOf\":{\"@id\":\"https:\/\/www.keletimodszerekkozpont.hu\/#website\"},\"primaryImageOfPage\":{\"@id\":\"https:\/\/www.keletimodszerekkozpont.hu\/torok-masszazs\/#primaryimage\"},\"image\":{\"@id\":\"https:\/\/www.keletimodszerekkozpont.hu\/torok-masszazs\/#primaryimage\"},\"thumbnailUrl\":\"https:\/\/www.keletimodszerekkozpont.hu\/wp-content\/uploads\/2025\/11\/honey-pouring-woman-s-naked-back-spa-salon-1024x684.jpg\",\"datePublished\":\"2025-11-17T00:54:58+00:00\",\"dateModified\":\"2025-11-17T22:43:32+00:00\",\"description\":\"M\u00e1r Debrecenben is el\u00e9rhet\u0151 a Keleti M\u00f3dszerek K\u00f6zpontban a t\u00f6r\u00f6k m\u00e9zes massz\u00e1zs, mely igazi wellness \u00e9lm\u00e9nyt k\u00edn\u00e1l.\",\"breadcrumb\":{\"@id\":\"https:\/\/www.keletimodszerekkozpont.hu\/torok-masszazs\/#breadcrumb\"},\"inLanguage\":\"en-GB\",\"potentialAction\":[{\"@type\":\"ReadAction\",\"target\":[\"https:\/\/www.keletimodszerekkozpont.hu\/torok-masszazs\/\"]}]},{\"@type\":\"ImageObject\",\"inLanguage\":\"en-GB\",\"@id\":\"https:\/\/www.keletimodszerekkozpont.hu\/torok-masszazs\/#primaryimage\",\"url\":\"https:\/\/www.keletimodszerekkozpont.hu\/wp-content\/uploads\/2025\/11\/honey-pouring-woman-s-naked-back-spa-salon-1024x684.jpg\",\"contentUrl\":\"https:\/\/www.keletimodszerekkozpont.hu\/wp-content\/uploads\/2025\/11\/honey-pouring-woman-s-naked-back-spa-salon-1024x684.jpg\"},{\"@type\":\"BreadcrumbList\",\"@id\":\"https:\/\/www.keletimodszerekkozpont.hu\/torok-masszazs\/#breadcrumb\",\"itemListElement\":[{\"@type\":\"ListItem\",\"position\":1,\"name\":\"Home\",\"item\":\"https:\/\/www.keletimodszerekkozpont.hu\/\"},{\"@type\":\"ListItem\",\"position\":2,\"name\":\"T\u00f6r\u00f6k m\u00e9zes massz\u00e1zs\"}]},{\"@type\":\"WebSite\",\"@id\":\"https:\/\/www.keletimodszerekkozpont.hu\/#website\",\"url\":\"https:\/\/www.keletimodszerekkozpont.hu\/\",\"name\":\"keletimodszerekkozpont.hu\",\"description\":\"K\u00ednai akupressz\u00far\u00e1s meridi\u00e1n massz\u00e1zs, M\u0171szeres \u00e1llapotfelm\u00e9r\u00e9s EMC,  Hagyom\u00e1nyos k\u00ednai gy\u00f3gy\u00e1szat eszk\u00f6zei, keleti massz\u00e1zsok, Reiki, Bemer\",\"publisher\":{\"@id\":\"https:\/\/www.keletimodszerekkozpont.hu\/#organization\"},\"potentialAction\":[{\"@type\":\"SearchAction\",\"target\":{\"@type\":\"EntryPoint\",\"urlTemplate\":\"https:\/\/www.keletimodszerekkozpont.hu\/?s={search_term_string}\"},\"query-input\":{\"@type\":\"PropertyValueSpecification\",\"valueRequired\":true,\"valueName\":\"search_term_string\"}}],\"inLanguage\":\"en-GB\"},{\"@type\":\"Organization\",\"@id\":\"https:\/\/www.keletimodszerekkozpont.hu\/#organization\",\"name\":\"Keleti Gy\u00f3gym\u00f3dok Debrecen\",\"url\":\"https:\/\/www.keletimodszerekkozpont.hu\/\",\"logo\":{\"@type\":\"ImageObject\",\"inLanguage\":\"en-GB\",\"@id\":\"https:\/\/www.keletimodszerekkozpont.hu\/#\/schema\/logo\/image\/\",\"url\":\"https:\/\/www.keletimodszerekkozpont.hu\/wp-content\/uploads\/2024\/06\/cropped-keleti_gyogymodok_debrecen.jpg\",\"contentUrl\":\"https:\/\/www.keletimodszerekkozpont.hu\/wp-content\/uploads\/2024\/06\/cropped-keleti_gyogymodok_debrecen.jpg\",\"width\":512,\"height\":512,\"caption\":\"Keleti Gy\u00f3gym\u00f3dok Debrecen\"},\"image\":{\"@id\":\"https:\/\/www.keletimodszerekkozpont.hu\/#\/schema\/logo\/image\/\"},\"sameAs\":[\"https:\/\/www.facebook.com\/profile.php?id=61551079794439\"]}]}<\/script>\n<!-- \/ Yoast SEO plugin. -->","yoast_head_json":{"title":"T\u00f6r\u00f6k m\u00e9zes massz\u00e1zs - keletimodszerekkozpont.hu","description":"M\u00e1r Debrecenben is el\u00e9rhet\u0151 a Keleti M\u00f3dszerek K\u00f6zpontban a t\u00f6r\u00f6k m\u00e9zes massz\u00e1zs, mely igazi wellness \u00e9lm\u00e9nyt k\u00edn\u00e1l.","robots":{"index":"index","follow":"follow","max-snippet":"max-snippet:-1","max-image-preview":"max-image-preview:large","max-video-preview":"max-video-preview:-1"},"canonical":"https:\/\/www.keletimodszerekkozpont.hu\/en\/torok-masszazs\/","og_locale":"en_GB","og_type":"article","og_title":"T\u00f6r\u00f6k m\u00e9zes massz\u00e1zs - keletimodszerekkozpont.hu","og_description":"M\u00e1r Debrecenben is el\u00e9rhet\u0151 a Keleti M\u00f3dszerek K\u00f6zpontban a t\u00f6r\u00f6k m\u00e9zes massz\u00e1zs, mely igazi wellness \u00e9lm\u00e9nyt k\u00edn\u00e1l.","og_url":"https:\/\/www.keletimodszerekkozpont.hu\/en\/torok-masszazs\/","og_site_name":"keletimodszerekkozpont.hu","article_publisher":"https:\/\/www.facebook.com\/profile.php?id=61551079794439","article_modified_time":"2025-11-17T22:43:32+00:00","og_image":[{"width":2560,"height":1709,"url":"https:\/\/www.keletimodszerekkozpont.hu\/wp-content\/uploads\/2025\/11\/honey-pouring-woman-s-naked-back-spa-salon.jpg","type":"image\/jpeg"}],"twitter_card":"summary_large_image","twitter_misc":{"Estimated reading time":"2 minutes"},"schema":{"@context":"https:\/\/schema.org","@graph":[{"@type":"WebPage","@id":"https:\/\/www.keletimodszerekkozpont.hu\/torok-masszazs\/","url":"https:\/\/www.keletimodszerekkozpont.hu\/torok-masszazs\/","name":"T\u00f6r\u00f6k m\u00e9zes massz\u00e1zs - keletimodszerekkozpont.hu","isPartOf":{"@id":"https:\/\/www.keletimodszerekkozpont.hu\/#website"},"primaryImageOfPage":{"@id":"https:\/\/www.keletimodszerekkozpont.hu\/torok-masszazs\/#primaryimage"},"image":{"@id":"https:\/\/www.keletimodszerekkozpont.hu\/torok-masszazs\/#primaryimage"},"thumbnailUrl":"https:\/\/www.keletimodszerekkozpont.hu\/wp-content\/uploads\/2025\/11\/honey-pouring-woman-s-naked-back-spa-salon-1024x684.jpg","datePublished":"2025-11-17T00:54:58+00:00","dateModified":"2025-11-17T22:43:32+00:00","description":"M\u00e1r Debrecenben is el\u00e9rhet\u0151 a Keleti M\u00f3dszerek K\u00f6zpontban a t\u00f6r\u00f6k m\u00e9zes massz\u00e1zs, mely igazi wellness \u00e9lm\u00e9nyt k\u00edn\u00e1l.","breadcrumb":{"@id":"https:\/\/www.keletimodszerekkozpont.hu\/torok-masszazs\/#breadcrumb"},"inLanguage":"en-GB","potentialAction":[{"@type":"ReadAction","target":["https:\/\/www.keletimodszerekkozpont.hu\/torok-masszazs\/"]}]},{"@type":"ImageObject","inLanguage":"en-GB","@id":"https:\/\/www.keletimodszerekkozpont.hu\/torok-masszazs\/#primaryimage","url":"https:\/\/www.keletimodszerekkozpont.hu\/wp-content\/uploads\/2025\/11\/honey-pouring-woman-s-naked-back-spa-salon-1024x684.jpg","contentUrl":"https:\/\/www.keletimodszerekkozpont.hu\/wp-content\/uploads\/2025\/11\/honey-pouring-woman-s-naked-back-spa-salon-1024x684.jpg"},{"@type":"BreadcrumbList","@id":"https:\/\/www.keletimodszerekkozpont.hu\/torok-masszazs\/#breadcrumb","itemListElement":[{"@type":"ListItem","position":1,"name":"Home","item":"https:\/\/www.keletimodszerekkozpont.hu\/"},{"@type":"ListItem","position":2,"name":"T\u00f6r\u00f6k m\u00e9zes massz\u00e1zs"}]},{"@type":"WebSite","@id":"https:\/\/www.keletimodszerekkozpont.hu\/#website","url":"https:\/\/www.keletimodszerekkozpont.hu\/","name":"keletimodszerekkozpont.hu","description":"K\u00ednai akupressz\u00far\u00e1s meridi\u00e1n massz\u00e1zs, M\u0171szeres \u00e1llapotfelm\u00e9r\u00e9s EMC,  Hagyom\u00e1nyos k\u00ednai gy\u00f3gy\u00e1szat eszk\u00f6zei, keleti massz\u00e1zsok, Reiki, Bemer","publisher":{"@id":"https:\/\/www.keletimodszerekkozpont.hu\/#organization"},"potentialAction":[{"@type":"SearchAction","target":{"@type":"EntryPoint","urlTemplate":"https:\/\/www.keletimodszerekkozpont.hu\/?s={search_term_string}"},"query-input":{"@type":"PropertyValueSpecification","valueRequired":true,"valueName":"search_term_string"}}],"inLanguage":"en-GB"},{"@type":"Organization","@id":"https:\/\/www.keletimodszerekkozpont.hu\/#organization","name":"Oriental Medicines Debrecen","url":"https:\/\/www.keletimodszerekkozpont.hu\/","logo":{"@type":"ImageObject","inLanguage":"en-GB","@id":"https:\/\/www.keletimodszerekkozpont.hu\/#\/schema\/logo\/image\/","url":"https:\/\/www.keletimodszerekkozpont.hu\/wp-content\/uploads\/2024\/06\/cropped-keleti_gyogymodok_debrecen.jpg","contentUrl":"https:\/\/www.keletimodszerekkozpont.hu\/wp-content\/uploads\/2024\/06\/cropped-keleti_gyogymodok_debrecen.jpg","width":512,"height":512,"caption":"Keleti Gy\u00f3gym\u00f3dok Debrecen"},"image":{"@id":"https:\/\/www.keletimodszerekkozpont.hu\/#\/schema\/logo\/image\/"},"sameAs":["https:\/\/www.facebook.com\/profile.php?id=61551079794439"]}]}},"_links":{"self":[{"href":"https:\/\/www.keletimodszerekkozpont.hu\/en\/wp-json\/wp\/v2\/pages\/1863"}],"collection":[{"href":"https:\/\/www.keletimodszerekkozpont.hu\/en\/wp-json\/wp\/v2\/pages"}],"about":[{"href":"https:\/\/www.keletimodszerekkozpont.hu\/en\/wp-json\/wp\/v2\/types\/page"}],"author":[{"embeddable":true,"href":"https:\/\/www.keletimodszerekkozpont.hu\/en\/wp-json\/wp\/v2\/users\/1"}],"replies":[{"embeddable":true,"href":"https:\/\/www.keletimodszerekkozpont.hu\/en\/wp-json\/wp\/v2\/comments?post=1863"}],"version-history":[{"count":6,"href":"https:\/\/www.keletimodszerekkozpont.hu\/en\/wp-json\/wp\/v2\/pages\/1863\/revisions"}],"predecessor-version":[{"id":2050,"href":"https:\/\/www.keletimodszerekkozpont.hu\/en\/wp-json\/wp\/v2\/pages\/1863\/revisions\/2050"}],"wp:attachment":[{"href":"https:\/\/www.keletimodszerekkozpont.hu\/en\/wp-json\/wp\/v2\/media?parent=1863"}],"curies":[{"name":"wp","href":"https:\/\/api.w.org\/{rel}","templated":true}]}}