{"id":1850,"date":"2025-11-17T01:31:06","date_gmt":"2025-11-17T00:31:06","guid":{"rendered":"https:\/\/www.keletimodszerekkozpont.hu\/?page_id=1850"},"modified":"2025-11-17T23:43:06","modified_gmt":"2025-11-17T22:43:06","slug":"egyiptomi-masszazs","status":"publish","type":"page","link":"https:\/\/www.keletimodszerekkozpont.hu\/en\/egyiptomi-masszazs\/","title":{"rendered":"Egyiptomi massz\u00e1zs"},"content":{"rendered":"<div data-elementor-type=\"wp-page\" data-elementor-id=\"1850\" class=\"elementor elementor-1850\">\n\t\t\t\t\t\t<section class=\"elementor-section elementor-top-section elementor-element elementor-element-418248d8 elementor-section-boxed elementor-section-height-default elementor-section-height-default\" data-id=\"418248d8\" data-element_type=\"section\" data-e-type=\"section\">\n\t\t\t\t\t\t<div class=\"elementor-container elementor-column-gap-default\">\n\t\t\t\t\t<div class=\"elementor-column elementor-col-100 elementor-top-column elementor-element elementor-element-31dd42b3\" data-id=\"31dd42b3\" data-element_type=\"column\" data-e-type=\"column\">\n\t\t\t<div class=\"elementor-widget-wrap elementor-element-populated\">\n\t\t\t\t\t\t<div class=\"elementor-element elementor-element-35bb476 elementor-widget elementor-widget-text-editor\" data-id=\"35bb476\" data-element_type=\"widget\" data-e-type=\"widget\" data-widget_type=\"text-editor.default\">\n\t\t\t\t<div class=\"elementor-widget-container\">\n\t\t\t\t\t\t\t\t\t\n<h2 class=\"wp-block-heading\"><\/h2>\n\n\n\n<p><\/p>\n\t\t\t\t\t\t\t\t<\/div>\n\t\t\t\t<\/div>\n\t\t\t\t\t<\/div>\n\t\t<\/div>\n\t\t\t\t\t<\/div>\n\t\t<\/section>\n\t\t\t\t<section class=\"elementor-section elementor-top-section elementor-element elementor-element-83502c0 elementor-section-boxed elementor-section-height-default elementor-section-height-default\" data-id=\"83502c0\" data-element_type=\"section\" data-e-type=\"section\">\n\t\t\t\t\t\t<div class=\"elementor-container elementor-column-gap-default\">\n\t\t\t\t\t<div class=\"elementor-column elementor-col-50 elementor-top-column elementor-element elementor-element-dc886ab\" data-id=\"dc886ab\" data-element_type=\"column\" data-e-type=\"column\">\n\t\t\t<div class=\"elementor-widget-wrap elementor-element-populated\">\n\t\t\t\t\t\t<div class=\"elementor-element elementor-element-31a25c1 elementor-widget elementor-widget-image\" data-id=\"31a25c1\" data-element_type=\"widget\" data-e-type=\"widget\" data-widget_type=\"image.default\">\n\t\t\t\t<div class=\"elementor-widget-container\">\n\t\t\t\t\t\t\t\t\t\t\t\t\t\t\t<img fetchpriority=\"high\" decoding=\"async\" width=\"683\" height=\"1024\" src=\"https:\/\/www.keletimodszerekkozpont.hu\/wp-content\/uploads\/2025\/11\/spa-still-life-organic-cosmetics-with-coconuts-light-wooden-background-body-care-concept-683x1024.jpg\" class=\"attachment-large size-large wp-image-1858\" alt=\"\" srcset=\"https:\/\/www.keletimodszerekkozpont.hu\/wp-content\/uploads\/2025\/11\/spa-still-life-organic-cosmetics-with-coconuts-light-wooden-background-body-care-concept-683x1024.jpg 683w, https:\/\/www.keletimodszerekkozpont.hu\/wp-content\/uploads\/2025\/11\/spa-still-life-organic-cosmetics-with-coconuts-light-wooden-background-body-care-concept-200x300.jpg 200w, https:\/\/www.keletimodszerekkozpont.hu\/wp-content\/uploads\/2025\/11\/spa-still-life-organic-cosmetics-with-coconuts-light-wooden-background-body-care-concept-768x1152.jpg 768w, https:\/\/www.keletimodszerekkozpont.hu\/wp-content\/uploads\/2025\/11\/spa-still-life-organic-cosmetics-with-coconuts-light-wooden-background-body-care-concept-1024x1536.jpg 1024w, https:\/\/www.keletimodszerekkozpont.hu\/wp-content\/uploads\/2025\/11\/spa-still-life-organic-cosmetics-with-coconuts-light-wooden-background-body-care-concept-1366x2048.jpg 1366w, https:\/\/www.keletimodszerekkozpont.hu\/wp-content\/uploads\/2025\/11\/spa-still-life-organic-cosmetics-with-coconuts-light-wooden-background-body-care-concept-8x12.jpg 8w, https:\/\/www.keletimodszerekkozpont.hu\/wp-content\/uploads\/2025\/11\/spa-still-life-organic-cosmetics-with-coconuts-light-wooden-background-body-care-concept.jpg 1707w\" sizes=\"(max-width: 683px) 100vw, 683px\" \/>\t\t\t\t\t\t\t\t\t\t\t\t\t\t\t<\/div>\n\t\t\t\t<\/div>\n\t\t\t\t\t<\/div>\n\t\t<\/div>\n\t\t\t\t<div class=\"elementor-column elementor-col-50 elementor-top-column elementor-element elementor-element-5a29964\" data-id=\"5a29964\" data-element_type=\"column\" data-e-type=\"column\">\n\t\t\t<div class=\"elementor-widget-wrap elementor-element-populated\">\n\t\t\t\t\t\t<div class=\"elementor-element elementor-element-cb3ed4f elementor-widget__width-initial elementor-widget elementor-widget-text-editor\" data-id=\"cb3ed4f\" data-element_type=\"widget\" data-e-type=\"widget\" data-widget_type=\"text-editor.default\">\n\t\t\t\t<div class=\"elementor-widget-container\">\n\t\t\t\t\t\t\t\t\t<p>Az egyiptomi massz\u00e1zs k\u00fcl\u00f6nleges \u00e9s egyedi, pont mint Te!<\/p>\n<p>Nincs k\u00e9t egyforma kezel\u00e9s, mindegyik alkalom csod\u00e1s, var\u00e1zslatos \u00e9lm\u00e9nnyel \u00e9r fel.<\/p>\n<p>Igazi k\u00e9nyeztet\u00e9s, ahol az illatos olajok, a t\u00e1pl\u00e1l\u00f3 m\u00e9z, a selymes n\u00f6v\u00e9nyi tej \u00e9s a gua sha technika harmonikus \u00e9rint\u00e9se egyes\u00fcl a teljes testi-lelki meg\u00fajul\u00e1s\u00e9rt.&nbsp;<\/p>\n<p>Egy term\u00e9szetes, m\u00e9lyen t\u00e1pl\u00e1l\u00f3 massz\u00e1zs, ahol a m\u00e9z \u00e9s a n\u00f6v\u00e9nyi tejek l\u00e1gy simogat\u00e1s\u00e1t a krist\u00e1lyok finom energiatiszt\u00edt\u00e1sa eg\u00e9sz\u00edti ki.<\/p>\n<p>Ennek a massz\u00e1zsnak az eredete az \u00f3kori Egyiptomig ny\u00falik vissza.<\/p>\n<p>A mai \u201eegyiptomi\u201d m\u00e9zes massz\u00e1zs \u00f6tv\u00f6zi az \u00f3kori forr\u00e1sok ritu\u00e1lis szeml\u00e9let\u00e9t a modern anat\u00f3miai \u00e9s ter\u00e1pi\u00e1s ismeretekkel. A massz\u0151r ezekhez a mozdulatokhoz hozz\u00e1teszi a nyirokmobiliz\u00e1ci\u00f3 \u00e9s fascia-mobiliz\u00e1ci\u00f3 ismereteit, \u00edgy a kezel\u00e9s egyszerre hat\u00e9kony testileg \u00e9s t\u00e1pl\u00e1l\u00f3 l\u00e9lekben.<\/p>\n<p><\/p>\t\t\t\t\t\t\t\t<\/div>\n\t\t\t\t<\/div>\n\t\t\t\t\t<\/div>\n\t\t<\/div>\n\t\t\t\t\t<\/div>\n\t\t<\/section>\n\t\t\t\t<section class=\"elementor-section elementor-top-section elementor-element elementor-element-103955d elementor-section-boxed elementor-section-height-default elementor-section-height-default\" data-id=\"103955d\" data-element_type=\"section\" data-e-type=\"section\">\n\t\t\t\t\t\t<div class=\"elementor-container elementor-column-gap-default\">\n\t\t\t\t\t<div class=\"elementor-column elementor-col-50 elementor-top-column elementor-element elementor-element-a21ba19\" data-id=\"a21ba19\" data-element_type=\"column\" data-e-type=\"column\">\n\t\t\t<div class=\"elementor-widget-wrap elementor-element-populated\">\n\t\t\t\t\t\t<div class=\"elementor-element elementor-element-acbe73b elementor-widget elementor-widget-image\" data-id=\"acbe73b\" data-element_type=\"widget\" data-e-type=\"widget\" data-widget_type=\"image.default\">\n\t\t\t\t<div class=\"elementor-widget-container\">\n\t\t\t\t\t\t\t\t\t\t\t\t\t\t\t<img decoding=\"async\" width=\"771\" height=\"1024\" src=\"https:\/\/www.keletimodszerekkozpont.hu\/wp-content\/uploads\/2025\/11\/ancient-egyptian-culture-civilization-from-1-771x1024.jpg\" class=\"attachment-large size-large wp-image-1999\" alt=\"\" srcset=\"https:\/\/www.keletimodszerekkozpont.hu\/wp-content\/uploads\/2025\/11\/ancient-egyptian-culture-civilization-from-1-771x1024.jpg 771w, https:\/\/www.keletimodszerekkozpont.hu\/wp-content\/uploads\/2025\/11\/ancient-egyptian-culture-civilization-from-1-226x300.jpg 226w, https:\/\/www.keletimodszerekkozpont.hu\/wp-content\/uploads\/2025\/11\/ancient-egyptian-culture-civilization-from-1-768x1020.jpg 768w, https:\/\/www.keletimodszerekkozpont.hu\/wp-content\/uploads\/2025\/11\/ancient-egyptian-culture-civilization-from-1-1157x1536.jpg 1157w, https:\/\/www.keletimodszerekkozpont.hu\/wp-content\/uploads\/2025\/11\/ancient-egyptian-culture-civilization-from-1-1542x2048.jpg 1542w, https:\/\/www.keletimodszerekkozpont.hu\/wp-content\/uploads\/2025\/11\/ancient-egyptian-culture-civilization-from-1-9x12.jpg 9w, https:\/\/www.keletimodszerekkozpont.hu\/wp-content\/uploads\/2025\/11\/ancient-egyptian-culture-civilization-from-1.jpg 1928w\" sizes=\"(max-width: 771px) 100vw, 771px\" \/>\t\t\t\t\t\t\t\t\t\t\t\t\t\t\t<\/div>\n\t\t\t\t<\/div>\n\t\t\t\t\t<\/div>\n\t\t<\/div>\n\t\t\t\t<div class=\"elementor-column elementor-col-50 elementor-top-column elementor-element elementor-element-1e7bf4d\" data-id=\"1e7bf4d\" data-element_type=\"column\" data-e-type=\"column\">\n\t\t\t<div class=\"elementor-widget-wrap elementor-element-populated\">\n\t\t\t\t\t\t<div class=\"elementor-element elementor-element-2a498b7 elementor-widget elementor-widget-text-editor\" data-id=\"2a498b7\" data-element_type=\"widget\" data-e-type=\"widget\" data-widget_type=\"text-editor.default\">\n\t\t\t\t<div class=\"elementor-widget-container\">\n\t\t\t\t\t\t\t\t\t<p>Egyiptomi massz\u00e1zs hat\u00e1sai az al\u00e1bbiak lehetnek:<\/p>\n<p><span style=\"font-size: 13.5pt; line-height: 19.26px; font-family: Arial, sans-serif; background-image: initial; background-position: initial; background-size: initial; background-repeat: initial; background-attachment: initial; background-origin: initial; background-clip: initial;\">o Testi szinten: oldja a fesz\u00fclts\u00e9get, harmoniz\u00e1lja a&nbsp;<\/span><span style=\"font-family: Arial, sans-serif; font-size: 13.5pt;\">bels\u0151 szervek m\u0171k\u00f6d\u00e9s\u00e9t,&nbsp;<\/span><span style=\"background-image: initial; background-position: initial; background-size: initial; background-repeat: initial; background-attachment: initial; background-origin: initial; background-clip: initial; font-size: 13.5pt; line-height: 19.26px; font-family: Arial, sans-serif;\">er\u0151s\u00edti az&nbsp;<\/span><span style=\"font-size: 13.5pt; font-family: Arial, sans-serif;\">immunrendszert. M\u00e9regtelen\u00edt\u00e9s, v\u00e9rkering\u00e9s fokoz\u00e1sa, migr\u00e9n enyh\u00edt\u00e9se.<\/span><\/p>\n<p><span style=\"font-size: 13.5pt; line-height: 19.26px; font-family: Arial, sans-serif; background-image: initial; background-position: initial; background-size: initial; background-repeat: initial; background-attachment: initial; background-origin: initial; background-clip: initial;\">o Lelki szinten: oldja a f\u00e9lelmeket, emeli&nbsp;<\/span><span style=\"font-family: Arial, sans-serif; font-size: 13.5pt;\">a k\u00f6z\u00e9rzetet.<\/span><\/p>\n<p><span style=\"font-family: Arial, sans-serif; font-size: 13.5pt;\">o Energetikai szinten:&nbsp;<\/span><span style=\"font-family: Arial, sans-serif; font-size: 13.5pt;\">beind\u00edtja az eg\u00e9szs\u00e9ges&nbsp;<\/span><span style=\"font-family: Arial, sans-serif; font-size: 13.5pt;\">energia\u00e1raml\u00e1st.<\/span><\/p>\n<p style=\"margin-bottom: 20px;\">Gyere, \u00e9ld \u00e1t a csod\u00e1t, mert a csoda benned van.<\/p>\n<p style=\"margin-bottom: 20px;\"><br><\/p>\n<p style=\"margin-bottom: 20px;\"><br><\/p>\n<p>ELLENJAVALLATOK<\/p>\n<p>Ezt a massz\u00e1zst NEM lehet elv\u00e9gezni:<\/p>\n<p>Ha valaki allergi\u00e1s a m\u00e9zre,<\/p>\n<p>Fenn\u00e1ll\u00f3 akut gyullad\u00e1s, fert\u0151z\u00e9s eset\u00e9n,<\/p>\n<p>Ny\u00edlt seb, b\u0151rs\u00e9r\u00fcl\u00e9s vagy b\u0151rbetegs\u00e9g eset\u00e9n.&nbsp;<\/p>\n<p>Tromb\u00f3zis, v\u00e9rr\u00f6g, s\u00falyos vissz\u00e9r eset\u00e9n,&nbsp;<\/p>\n<p>S\u00falyos sz\u00edvbetegs\u00e9g eset\u00e9n<\/p>\n<p>L\u00e1zas \u00e1llapotokn\u00e1l<\/p>\n<p>Daganatos betegs\u00e9g eset\u00e9n<\/p>\n<p>Kismam\u00e1kn\u00e1l hason \u00e9s der\u00e9kt\u00e1jon nem alkalmazhat\u00f3.<\/p><p><br><\/p><p><span style=\"text-align: justify;\">Szolg\u00e1ltat\u00e1saim \u00e1ltal ny\u00fajtott kezel\u00e9sek fizikai k\u00f6z\u00e9rzet jav\u00edt\u00f3 m\u00f3dszerek, melyek nem helyettes\u00edtik az orvosi ell\u00e1t\u00e1st, az orvosi ter\u00e1pi\u00e1s kezel\u00e9st, vagy az orvos \u00e1ltal elrendel\u00e9sre ker\u00fclt gy\u00f3gyszert, viszont ezek mellett kieg\u00e9sz\u00edt\u00e9sk\u00e9ppen alkalmazhat\u00f3ak k\u00e1ros mell\u00e9khat\u00e1s n\u00e9lk\u00fcl.<\/span><\/p>\t\t\t\t\t\t\t\t<\/div>\n\t\t\t\t<\/div>\n\t\t\t\t\t<\/div>\n\t\t<\/div>\n\t\t\t\t\t<\/div>\n\t\t<\/section>\n\t\t\t\t<\/div>","protected":false},"excerpt":{"rendered":"<p>Az egyiptomi massz\u00e1zs k\u00fcl\u00f6nleges \u00e9s egyedi, pont mint Te! Nincs k\u00e9t egyforma kezel\u00e9s, mindegyik alkalom csod\u00e1s, var\u00e1zslatos \u00e9lm\u00e9nnyel \u00e9r fel. Igazi k\u00e9nyeztet\u00e9s, ahol az illatos olajok, a t\u00e1pl\u00e1l\u00f3 m\u00e9z, a &hellip; <\/p>","protected":false},"author":1,"featured_media":0,"parent":0,"menu_order":0,"comment_status":"closed","ping_status":"closed","template":"","meta":{"footnotes":""},"class_list":["post-1850","page","type-page","status-publish","hentry"],"yoast_head":"<!-- This site is optimized with the Yoast SEO plugin v25.6 - https:\/\/yoast.com\/wordpress\/plugins\/seo\/ -->\n<title>Egyiptomi massz\u00e1zs - keletimodszerekkozpont.hu<\/title>\n<meta name=\"description\" content=\"Debrecenben is el\u00e9rhet\u0151 az egyiptomi massz\u00e1zs a Keleti M\u00f3dszerek K\u00f6zpontban. \u00c9lm\u00e9ny, rekre\u00e1ci\u00f3, igazi wellness.\" \/>\n<meta name=\"robots\" content=\"index, follow, max-snippet:-1, max-image-preview:large, max-video-preview:-1\" \/>\n<link rel=\"canonical\" href=\"https:\/\/www.keletimodszerekkozpont.hu\/en\/egyiptomi-masszazs\/\" \/>\n<meta property=\"og:locale\" content=\"en_GB\" \/>\n<meta property=\"og:type\" content=\"article\" \/>\n<meta property=\"og:title\" content=\"Egyiptomi massz\u00e1zs - keletimodszerekkozpont.hu\" \/>\n<meta property=\"og:description\" content=\"Debrecenben is el\u00e9rhet\u0151 az egyiptomi massz\u00e1zs a Keleti M\u00f3dszerek K\u00f6zpontban. \u00c9lm\u00e9ny, rekre\u00e1ci\u00f3, igazi wellness.\" \/>\n<meta property=\"og:url\" content=\"https:\/\/www.keletimodszerekkozpont.hu\/en\/egyiptomi-masszazs\/\" \/>\n<meta property=\"og:site_name\" content=\"keletimodszerekkozpont.hu\" \/>\n<meta property=\"article:publisher\" content=\"https:\/\/www.facebook.com\/profile.php?id=61551079794439\" \/>\n<meta property=\"article:modified_time\" content=\"2025-11-17T22:43:06+00:00\" \/>\n<meta property=\"og:image\" content=\"https:\/\/www.keletimodszerekkozpont.hu\/wp-content\/uploads\/2025\/11\/spa-still-life-organic-cosmetics-with-coconuts-light-wooden-background-body-care-concept.jpg\" \/>\n\t<meta property=\"og:image:width\" content=\"1707\" \/>\n\t<meta property=\"og:image:height\" content=\"2560\" \/>\n\t<meta property=\"og:image:type\" content=\"image\/jpeg\" \/>\n<meta name=\"twitter:card\" content=\"summary_large_image\" \/>\n<meta name=\"twitter:label1\" content=\"Estimated reading time\" \/>\n\t<meta name=\"twitter:data1\" content=\"2 minutes\" \/>\n<script type=\"application\/ld+json\" class=\"yoast-schema-graph\">{\"@context\":\"https:\/\/schema.org\",\"@graph\":[{\"@type\":\"WebPage\",\"@id\":\"https:\/\/www.keletimodszerekkozpont.hu\/egyiptomi-masszazs\/\",\"url\":\"https:\/\/www.keletimodszerekkozpont.hu\/egyiptomi-masszazs\/\",\"name\":\"Egyiptomi massz\u00e1zs - keletimodszerekkozpont.hu\",\"isPartOf\":{\"@id\":\"https:\/\/www.keletimodszerekkozpont.hu\/#website\"},\"primaryImageOfPage\":{\"@id\":\"https:\/\/www.keletimodszerekkozpont.hu\/egyiptomi-masszazs\/#primaryimage\"},\"image\":{\"@id\":\"https:\/\/www.keletimodszerekkozpont.hu\/egyiptomi-masszazs\/#primaryimage\"},\"thumbnailUrl\":\"https:\/\/www.keletimodszerekkozpont.hu\/wp-content\/uploads\/2025\/11\/spa-still-life-organic-cosmetics-with-coconuts-light-wooden-background-body-care-concept-683x1024.jpg\",\"datePublished\":\"2025-11-17T00:31:06+00:00\",\"dateModified\":\"2025-11-17T22:43:06+00:00\",\"description\":\"Debrecenben is el\u00e9rhet\u0151 az egyiptomi massz\u00e1zs a Keleti M\u00f3dszerek K\u00f6zpontban. \u00c9lm\u00e9ny, rekre\u00e1ci\u00f3, igazi wellness.\",\"breadcrumb\":{\"@id\":\"https:\/\/www.keletimodszerekkozpont.hu\/egyiptomi-masszazs\/#breadcrumb\"},\"inLanguage\":\"en-GB\",\"potentialAction\":[{\"@type\":\"ReadAction\",\"target\":[\"https:\/\/www.keletimodszerekkozpont.hu\/egyiptomi-masszazs\/\"]}]},{\"@type\":\"ImageObject\",\"inLanguage\":\"en-GB\",\"@id\":\"https:\/\/www.keletimodszerekkozpont.hu\/egyiptomi-masszazs\/#primaryimage\",\"url\":\"https:\/\/www.keletimodszerekkozpont.hu\/wp-content\/uploads\/2025\/11\/spa-still-life-organic-cosmetics-with-coconuts-light-wooden-background-body-care-concept-683x1024.jpg\",\"contentUrl\":\"https:\/\/www.keletimodszerekkozpont.hu\/wp-content\/uploads\/2025\/11\/spa-still-life-organic-cosmetics-with-coconuts-light-wooden-background-body-care-concept-683x1024.jpg\"},{\"@type\":\"BreadcrumbList\",\"@id\":\"https:\/\/www.keletimodszerekkozpont.hu\/egyiptomi-masszazs\/#breadcrumb\",\"itemListElement\":[{\"@type\":\"ListItem\",\"position\":1,\"name\":\"Home\",\"item\":\"https:\/\/www.keletimodszerekkozpont.hu\/\"},{\"@type\":\"ListItem\",\"position\":2,\"name\":\"Egyiptomi massz\u00e1zs\"}]},{\"@type\":\"WebSite\",\"@id\":\"https:\/\/www.keletimodszerekkozpont.hu\/#website\",\"url\":\"https:\/\/www.keletimodszerekkozpont.hu\/\",\"name\":\"keletimodszerekkozpont.hu\",\"description\":\"K\u00ednai akupressz\u00far\u00e1s meridi\u00e1n massz\u00e1zs, M\u0171szeres \u00e1llapotfelm\u00e9r\u00e9s EMC,  Hagyom\u00e1nyos k\u00ednai gy\u00f3gy\u00e1szat eszk\u00f6zei, keleti massz\u00e1zsok, Reiki, Bemer\",\"publisher\":{\"@id\":\"https:\/\/www.keletimodszerekkozpont.hu\/#organization\"},\"potentialAction\":[{\"@type\":\"SearchAction\",\"target\":{\"@type\":\"EntryPoint\",\"urlTemplate\":\"https:\/\/www.keletimodszerekkozpont.hu\/?s={search_term_string}\"},\"query-input\":{\"@type\":\"PropertyValueSpecification\",\"valueRequired\":true,\"valueName\":\"search_term_string\"}}],\"inLanguage\":\"en-GB\"},{\"@type\":\"Organization\",\"@id\":\"https:\/\/www.keletimodszerekkozpont.hu\/#organization\",\"name\":\"Keleti Gy\u00f3gym\u00f3dok Debrecen\",\"url\":\"https:\/\/www.keletimodszerekkozpont.hu\/\",\"logo\":{\"@type\":\"ImageObject\",\"inLanguage\":\"en-GB\",\"@id\":\"https:\/\/www.keletimodszerekkozpont.hu\/#\/schema\/logo\/image\/\",\"url\":\"https:\/\/www.keletimodszerekkozpont.hu\/wp-content\/uploads\/2024\/06\/cropped-keleti_gyogymodok_debrecen.jpg\",\"contentUrl\":\"https:\/\/www.keletimodszerekkozpont.hu\/wp-content\/uploads\/2024\/06\/cropped-keleti_gyogymodok_debrecen.jpg\",\"width\":512,\"height\":512,\"caption\":\"Keleti Gy\u00f3gym\u00f3dok Debrecen\"},\"image\":{\"@id\":\"https:\/\/www.keletimodszerekkozpont.hu\/#\/schema\/logo\/image\/\"},\"sameAs\":[\"https:\/\/www.facebook.com\/profile.php?id=61551079794439\"]}]}<\/script>\n<!-- \/ Yoast SEO plugin. -->","yoast_head_json":{"title":"Egyiptomi massz\u00e1zs - keletimodszerekkozpont.hu","description":"Debrecenben is el\u00e9rhet\u0151 az egyiptomi massz\u00e1zs a Keleti M\u00f3dszerek K\u00f6zpontban. \u00c9lm\u00e9ny, rekre\u00e1ci\u00f3, igazi wellness.","robots":{"index":"index","follow":"follow","max-snippet":"max-snippet:-1","max-image-preview":"max-image-preview:large","max-video-preview":"max-video-preview:-1"},"canonical":"https:\/\/www.keletimodszerekkozpont.hu\/en\/egyiptomi-masszazs\/","og_locale":"en_GB","og_type":"article","og_title":"Egyiptomi massz\u00e1zs - keletimodszerekkozpont.hu","og_description":"Debrecenben is el\u00e9rhet\u0151 az egyiptomi massz\u00e1zs a Keleti M\u00f3dszerek K\u00f6zpontban. \u00c9lm\u00e9ny, rekre\u00e1ci\u00f3, igazi wellness.","og_url":"https:\/\/www.keletimodszerekkozpont.hu\/en\/egyiptomi-masszazs\/","og_site_name":"keletimodszerekkozpont.hu","article_publisher":"https:\/\/www.facebook.com\/profile.php?id=61551079794439","article_modified_time":"2025-11-17T22:43:06+00:00","og_image":[{"width":1707,"height":2560,"url":"https:\/\/www.keletimodszerekkozpont.hu\/wp-content\/uploads\/2025\/11\/spa-still-life-organic-cosmetics-with-coconuts-light-wooden-background-body-care-concept.jpg","type":"image\/jpeg"}],"twitter_card":"summary_large_image","twitter_misc":{"Estimated reading time":"2 minutes"},"schema":{"@context":"https:\/\/schema.org","@graph":[{"@type":"WebPage","@id":"https:\/\/www.keletimodszerekkozpont.hu\/egyiptomi-masszazs\/","url":"https:\/\/www.keletimodszerekkozpont.hu\/egyiptomi-masszazs\/","name":"Egyiptomi massz\u00e1zs - keletimodszerekkozpont.hu","isPartOf":{"@id":"https:\/\/www.keletimodszerekkozpont.hu\/#website"},"primaryImageOfPage":{"@id":"https:\/\/www.keletimodszerekkozpont.hu\/egyiptomi-masszazs\/#primaryimage"},"image":{"@id":"https:\/\/www.keletimodszerekkozpont.hu\/egyiptomi-masszazs\/#primaryimage"},"thumbnailUrl":"https:\/\/www.keletimodszerekkozpont.hu\/wp-content\/uploads\/2025\/11\/spa-still-life-organic-cosmetics-with-coconuts-light-wooden-background-body-care-concept-683x1024.jpg","datePublished":"2025-11-17T00:31:06+00:00","dateModified":"2025-11-17T22:43:06+00:00","description":"Debrecenben is el\u00e9rhet\u0151 az egyiptomi massz\u00e1zs a Keleti M\u00f3dszerek K\u00f6zpontban. \u00c9lm\u00e9ny, rekre\u00e1ci\u00f3, igazi wellness.","breadcrumb":{"@id":"https:\/\/www.keletimodszerekkozpont.hu\/egyiptomi-masszazs\/#breadcrumb"},"inLanguage":"en-GB","potentialAction":[{"@type":"ReadAction","target":["https:\/\/www.keletimodszerekkozpont.hu\/egyiptomi-masszazs\/"]}]},{"@type":"ImageObject","inLanguage":"en-GB","@id":"https:\/\/www.keletimodszerekkozpont.hu\/egyiptomi-masszazs\/#primaryimage","url":"https:\/\/www.keletimodszerekkozpont.hu\/wp-content\/uploads\/2025\/11\/spa-still-life-organic-cosmetics-with-coconuts-light-wooden-background-body-care-concept-683x1024.jpg","contentUrl":"https:\/\/www.keletimodszerekkozpont.hu\/wp-content\/uploads\/2025\/11\/spa-still-life-organic-cosmetics-with-coconuts-light-wooden-background-body-care-concept-683x1024.jpg"},{"@type":"BreadcrumbList","@id":"https:\/\/www.keletimodszerekkozpont.hu\/egyiptomi-masszazs\/#breadcrumb","itemListElement":[{"@type":"ListItem","position":1,"name":"Home","item":"https:\/\/www.keletimodszerekkozpont.hu\/"},{"@type":"ListItem","position":2,"name":"Egyiptomi massz\u00e1zs"}]},{"@type":"WebSite","@id":"https:\/\/www.keletimodszerekkozpont.hu\/#website","url":"https:\/\/www.keletimodszerekkozpont.hu\/","name":"keletimodszerekkozpont.hu","description":"K\u00ednai akupressz\u00far\u00e1s meridi\u00e1n massz\u00e1zs, M\u0171szeres \u00e1llapotfelm\u00e9r\u00e9s EMC,  Hagyom\u00e1nyos k\u00ednai gy\u00f3gy\u00e1szat eszk\u00f6zei, keleti massz\u00e1zsok, Reiki, Bemer","publisher":{"@id":"https:\/\/www.keletimodszerekkozpont.hu\/#organization"},"potentialAction":[{"@type":"SearchAction","target":{"@type":"EntryPoint","urlTemplate":"https:\/\/www.keletimodszerekkozpont.hu\/?s={search_term_string}"},"query-input":{"@type":"PropertyValueSpecification","valueRequired":true,"valueName":"search_term_string"}}],"inLanguage":"en-GB"},{"@type":"Organization","@id":"https:\/\/www.keletimodszerekkozpont.hu\/#organization","name":"Oriental Medicines Debrecen","url":"https:\/\/www.keletimodszerekkozpont.hu\/","logo":{"@type":"ImageObject","inLanguage":"en-GB","@id":"https:\/\/www.keletimodszerekkozpont.hu\/#\/schema\/logo\/image\/","url":"https:\/\/www.keletimodszerekkozpont.hu\/wp-content\/uploads\/2024\/06\/cropped-keleti_gyogymodok_debrecen.jpg","contentUrl":"https:\/\/www.keletimodszerekkozpont.hu\/wp-content\/uploads\/2024\/06\/cropped-keleti_gyogymodok_debrecen.jpg","width":512,"height":512,"caption":"Keleti Gy\u00f3gym\u00f3dok Debrecen"},"image":{"@id":"https:\/\/www.keletimodszerekkozpont.hu\/#\/schema\/logo\/image\/"},"sameAs":["https:\/\/www.facebook.com\/profile.php?id=61551079794439"]}]}},"_links":{"self":[{"href":"https:\/\/www.keletimodszerekkozpont.hu\/en\/wp-json\/wp\/v2\/pages\/1850"}],"collection":[{"href":"https:\/\/www.keletimodszerekkozpont.hu\/en\/wp-json\/wp\/v2\/pages"}],"about":[{"href":"https:\/\/www.keletimodszerekkozpont.hu\/en\/wp-json\/wp\/v2\/types\/page"}],"author":[{"embeddable":true,"href":"https:\/\/www.keletimodszerekkozpont.hu\/en\/wp-json\/wp\/v2\/users\/1"}],"replies":[{"embeddable":true,"href":"https:\/\/www.keletimodszerekkozpont.hu\/en\/wp-json\/wp\/v2\/comments?post=1850"}],"version-history":[{"count":6,"href":"https:\/\/www.keletimodszerekkozpont.hu\/en\/wp-json\/wp\/v2\/pages\/1850\/revisions"}],"predecessor-version":[{"id":2047,"href":"https:\/\/www.keletimodszerekkozpont.hu\/en\/wp-json\/wp\/v2\/pages\/1850\/revisions\/2047"}],"wp:attachment":[{"href":"https:\/\/www.keletimodszerekkozpont.hu\/en\/wp-json\/wp\/v2\/media?parent=1850"}],"curies":[{"name":"wp","href":"https:\/\/api.w.org\/{rel}","templated":true}]}}