{"id":1350,"date":"2024-08-27T14:29:26","date_gmt":"2024-08-27T12:29:26","guid":{"rendered":"https:\/\/www.keletimodszerekkozpont.hu\/?page_id=1350"},"modified":"2025-11-17T23:42:42","modified_gmt":"2025-11-17T22:42:42","slug":"ear-acupuncture-2","status":"publish","type":"page","link":"https:\/\/www.keletimodszerekkozpont.hu\/en\/ear-acupuncture-2\/","title":{"rendered":"Ear acupuncture"},"content":{"rendered":"<div data-elementor-type=\"wp-page\" data-elementor-id=\"1350\" class=\"elementor elementor-1350\">\n\t\t\t\t\t\t<section class=\"elementor-section elementor-top-section elementor-element elementor-element-eb331d0 elementor-section-boxed elementor-section-height-default elementor-section-height-default\" data-id=\"eb331d0\" data-element_type=\"section\" data-e-type=\"section\">\n\t\t\t\t\t\t<div class=\"elementor-container elementor-column-gap-default\">\n\t\t\t\t\t<div class=\"elementor-column elementor-col-50 elementor-top-column elementor-element elementor-element-5d15251\" data-id=\"5d15251\" data-element_type=\"column\" data-e-type=\"column\">\n\t\t\t<div class=\"elementor-widget-wrap elementor-element-populated\">\n\t\t\t\t\t\t<div class=\"elementor-element elementor-element-3d26a40 elementor-widget elementor-widget-image\" data-id=\"3d26a40\" data-element_type=\"widget\" data-e-type=\"widget\" data-widget_type=\"image.default\">\n\t\t\t\t<div class=\"elementor-widget-container\">\n\t\t\t\t\t\t\t\t\t\t\t\t\t\t\t<img decoding=\"async\" width=\"208\" height=\"142\" src=\"https:\/\/www.keletimodszerekkozpont.hu\/wp-content\/uploads\/2024\/09\/ful.png\" class=\"attachment-large size-large wp-image-1422\" alt=\"\" \/>\t\t\t\t\t\t\t\t\t\t\t\t\t\t\t<\/div>\n\t\t\t\t<\/div>\n\t\t\t\t\t<\/div>\n\t\t<\/div>\n\t\t\t\t<div class=\"elementor-column elementor-col-50 elementor-top-column elementor-element elementor-element-f57fb57\" data-id=\"f57fb57\" data-element_type=\"column\" data-e-type=\"column\">\n\t\t\t<div class=\"elementor-widget-wrap elementor-element-populated\">\n\t\t\t\t\t\t<div class=\"elementor-element elementor-element-9e7e19b elementor-widget elementor-widget-text-editor\" data-id=\"9e7e19b\" data-element_type=\"widget\" data-e-type=\"widget\" data-widget_type=\"text-editor.default\">\n\t\t\t\t<div class=\"elementor-widget-container\">\n\t\t\t\t\t\t\t\t\t<p>Javallatok, miben seg\u00edthet a F\u00fclakupunkt\u00fara?<\/p><p>General pain relief for joint and muscle problems, spinal pain, sciatic nerve pain.<\/p><p>In the case of recurring conditions that have been going on for many years, such as back pain, leg pain, shoulder and other arthritis, ear piercing can relieve pain and reduce inflammation in the body, but treatment is lengthy and radical lifestyle changes are needed to achieve recovery.<\/p><div>\u00a0<\/div>\t\t\t\t\t\t\t\t<\/div>\n\t\t\t\t<\/div>\n\t\t\t\t\t<\/div>\n\t\t<\/div>\n\t\t\t\t\t<\/div>\n\t\t<\/section>\n\t\t\t\t<section class=\"elementor-section elementor-top-section elementor-element elementor-element-96ab574 elementor-section-boxed elementor-section-height-default elementor-section-height-default\" data-id=\"96ab574\" data-element_type=\"section\" data-e-type=\"section\">\n\t\t\t\t\t\t<div class=\"elementor-container elementor-column-gap-default\">\n\t\t\t\t\t<div class=\"elementor-column elementor-col-100 elementor-top-column elementor-element elementor-element-fc68276\" data-id=\"fc68276\" data-element_type=\"column\" data-e-type=\"column\">\n\t\t\t<div class=\"elementor-widget-wrap elementor-element-populated\">\n\t\t\t\t\t\t<div class=\"elementor-element elementor-element-3b4755e elementor-widget elementor-widget-text-editor\" data-id=\"3b4755e\" data-element_type=\"widget\" data-e-type=\"widget\" data-widget_type=\"text-editor.default\">\n\t\t\t\t<div class=\"elementor-widget-container\">\n\t\t\t\t\t\t\t\t\t<p>Which points do we address and what problems can we help with?<\/p>\n<p>- 5 NADA points (NADA ear acudetox points)<\/p>\n<p>5 points are treated, herbal seeds are glued to the points and left in the ear for a few days. The patient presses these seeds glued to the acupressure points five times a day.<\/p>\n<p>For the next treatment, the herbal seed is glued into the other ear.<\/p>\n<p>JAVALLATOK:<\/p>\n<p>Shen-men point: Harmonizes the central nervous system, harmonizes liver function, aids detoxification processes, lowers blood pressure, reduces night sweats, relieves stomach and intestinal symptoms. Cough suppressant, relieves flu symptoms.<\/p>\n<p>Point 2: helps with tension, stress, weak pulse. Reduction of pain in the digestive tract (stomach, intestines, gall bladder), e.g. stomach cramps, intestinal cramps, gallstones, kidney and gallstones, intestinal worms, and ulcers, hiccups, increased sweating. In heart rhythm disturbance, acute coronary insufficiency, circulatory diseases, vasoconstriction, vascular spasms, vascular inflammation, eye problems, hypertension, addictions.<\/p>\n<p>Point 3: mental and nervous system problems, nervous weakness, memory loss, headaches, hair loss, tinnitus, deafness, ear problems, eye problems, gynaecological diseases, inflammation of the urinary and reproductive organs, kidney problems, kidney inflammation, bone diseases, lumbago, vertebral problems.<\/p>\n<p>Point 4: for low mood, depression, headaches, dizziness, tremors, fainting, chest pressure, muscle disorders, liver diseases, gall bladder inflammation, stomach pain, detoxification, blood disorders, iron deficiency anaemia, eye diseases.<\/p>\n<p>Score 5: colds, night sweats, cough, asthma, upper respiratory tract infections, tracheitis, pneumonia, skin diseases, eczema, hair folliculitis, stomach diseases, intestinal inflammation, constipation, oedema associated with circulatory disorders.<\/p><p><br><\/p><p><span style=\"text-align: justify;\">Szolg\u00e1ltat\u00e1saim \u00e1ltal ny\u00fajtott kezel\u00e9sek fizikai k\u00f6z\u00e9rzet jav\u00edt\u00f3 m\u00f3dszerek, melyek nem helyettes\u00edtik az orvosi ell\u00e1t\u00e1st, az orvosi ter\u00e1pi\u00e1s kezel\u00e9st, vagy az orvos \u00e1ltal elrendel\u00e9sre ker\u00fclt gy\u00f3gyszert, viszont ezek mellett kieg\u00e9sz\u00edt\u00e9sk\u00e9ppen alkalmazhat\u00f3ak k\u00e1ros mell\u00e9khat\u00e1s n\u00e9lk\u00fcl.<\/span><\/p>\n<p><br><\/p>\t\t\t\t\t\t\t\t<\/div>\n\t\t\t\t<\/div>\n\t\t\t\t\t<\/div>\n\t\t<\/div>\n\t\t\t\t\t<\/div>\n\t\t<\/section>\n\t\t\t\t<\/div>","protected":false},"excerpt":{"rendered":"<p>Javallatok, miben seg\u00edthet a F\u00fclakupunkt\u00fara? \u00c1ltal\u00e1nos f\u00e1jdalomcsillap\u00edt\u00e1s, \u00edz\u00fcleti, izomprobl\u00e9m\u00e1k, gerinccsigolya, \u00fcl\u0151ideg f\u00e1jdalmak eset\u00e9n. T\u00f6bb \u00e9ve h\u00faz\u00f3d\u00f3 visszat\u00e9r\u0151 betegs\u00e9gek eset\u00e9n, pl. der\u00e9k, l\u00e1bf\u00e1j\u00e1s, v\u00e1ll \u00e9s egy\u00e9b \u00edz\u00fcleti gyullad\u00e1s eset\u00e9n a f\u00fclsz\u00far\u00e1s &hellip; <\/p>","protected":false},"author":1,"featured_media":0,"parent":0,"menu_order":0,"comment_status":"closed","ping_status":"closed","template":"","meta":{"footnotes":""},"class_list":["post-1350","page","type-page","status-publish","hentry"],"yoast_head":"<!-- This site is optimized with the Yoast SEO plugin v25.6 - https:\/\/yoast.com\/wordpress\/plugins\/seo\/ -->\n<title>F\u00fclakupunkt\u00fara - keletimodszerekkozpont.hu<\/title>\n<meta name=\"description\" content=\"\u00d6t NADA pont kezel\u00e9se sor\u00e1n hatunk a szervezet \u00f6ngy\u00f3gy\u00edt\u00f3 k\u00e9pess\u00e9g\u00e9re. Debrecenben a Keleti M\u00f3dszerek K\u00f6zpontban, keressen bizalommal!\" \/>\n<meta name=\"robots\" content=\"index, follow, max-snippet:-1, max-image-preview:large, max-video-preview:-1\" \/>\n<link rel=\"canonical\" href=\"https:\/\/www.keletimodszerekkozpont.hu\/en\/ear-acupuncture-2\/\" \/>\n<meta property=\"og:locale\" content=\"en_GB\" \/>\n<meta property=\"og:type\" content=\"article\" \/>\n<meta property=\"og:title\" content=\"F\u00fclakupunkt\u00fara - keletimodszerekkozpont.hu\" \/>\n<meta property=\"og:description\" content=\"\u00d6t NADA pont kezel\u00e9se sor\u00e1n hatunk a szervezet \u00f6ngy\u00f3gy\u00edt\u00f3 k\u00e9pess\u00e9g\u00e9re. Debrecenben a Keleti M\u00f3dszerek K\u00f6zpontban, keressen bizalommal!\" \/>\n<meta property=\"og:url\" content=\"https:\/\/www.keletimodszerekkozpont.hu\/en\/ear-acupuncture-2\/\" \/>\n<meta property=\"og:site_name\" content=\"keletimodszerekkozpont.hu\" \/>\n<meta property=\"article:publisher\" content=\"https:\/\/www.facebook.com\/profile.php?id=61551079794439\" \/>\n<meta property=\"article:modified_time\" content=\"2025-11-17T22:42:42+00:00\" \/>\n<meta property=\"og:image\" content=\"https:\/\/www.keletimodszerekkozpont.hu\/wp-content\/uploads\/2024\/09\/ful.png\" \/>\n\t<meta property=\"og:image:width\" content=\"208\" \/>\n\t<meta property=\"og:image:height\" content=\"142\" \/>\n\t<meta property=\"og:image:type\" content=\"image\/png\" \/>\n<meta name=\"twitter:card\" content=\"summary_large_image\" \/>\n<meta name=\"twitter:label1\" content=\"Estimated reading time\" \/>\n\t<meta name=\"twitter:data1\" content=\"2 minutes\" \/>\n<script type=\"application\/ld+json\" class=\"yoast-schema-graph\">{\"@context\":\"https:\/\/schema.org\",\"@graph\":[{\"@type\":\"WebPage\",\"@id\":\"https:\/\/www.keletimodszerekkozpont.hu\/fulakupunktura-2\/\",\"url\":\"https:\/\/www.keletimodszerekkozpont.hu\/fulakupunktura-2\/\",\"name\":\"F\u00fclakupunkt\u00fara - keletimodszerekkozpont.hu\",\"isPartOf\":{\"@id\":\"https:\/\/www.keletimodszerekkozpont.hu\/#website\"},\"primaryImageOfPage\":{\"@id\":\"https:\/\/www.keletimodszerekkozpont.hu\/fulakupunktura-2\/#primaryimage\"},\"image\":{\"@id\":\"https:\/\/www.keletimodszerekkozpont.hu\/fulakupunktura-2\/#primaryimage\"},\"thumbnailUrl\":\"https:\/\/www.keletimodszerekkozpont.hu\/wp-content\/uploads\/2024\/09\/ful.png\",\"datePublished\":\"2024-08-27T12:29:26+00:00\",\"dateModified\":\"2025-11-17T22:42:42+00:00\",\"description\":\"\u00d6t NADA pont kezel\u00e9se sor\u00e1n hatunk a szervezet \u00f6ngy\u00f3gy\u00edt\u00f3 k\u00e9pess\u00e9g\u00e9re. Debrecenben a Keleti M\u00f3dszerek K\u00f6zpontban, keressen bizalommal!\",\"breadcrumb\":{\"@id\":\"https:\/\/www.keletimodszerekkozpont.hu\/fulakupunktura-2\/#breadcrumb\"},\"inLanguage\":\"en-GB\",\"potentialAction\":[{\"@type\":\"ReadAction\",\"target\":[\"https:\/\/www.keletimodszerekkozpont.hu\/fulakupunktura-2\/\"]}]},{\"@type\":\"ImageObject\",\"inLanguage\":\"en-GB\",\"@id\":\"https:\/\/www.keletimodszerekkozpont.hu\/fulakupunktura-2\/#primaryimage\",\"url\":\"https:\/\/www.keletimodszerekkozpont.hu\/wp-content\/uploads\/2024\/09\/ful.png\",\"contentUrl\":\"https:\/\/www.keletimodszerekkozpont.hu\/wp-content\/uploads\/2024\/09\/ful.png\"},{\"@type\":\"BreadcrumbList\",\"@id\":\"https:\/\/www.keletimodszerekkozpont.hu\/fulakupunktura-2\/#breadcrumb\",\"itemListElement\":[{\"@type\":\"ListItem\",\"position\":1,\"name\":\"Home\",\"item\":\"https:\/\/www.keletimodszerekkozpont.hu\/\"},{\"@type\":\"ListItem\",\"position\":2,\"name\":\"F\u00fclakupunkt\u00fara\"}]},{\"@type\":\"WebSite\",\"@id\":\"https:\/\/www.keletimodszerekkozpont.hu\/#website\",\"url\":\"https:\/\/www.keletimodszerekkozpont.hu\/\",\"name\":\"keletimodszerekkozpont.hu\",\"description\":\"K\u00ednai akupressz\u00far\u00e1s meridi\u00e1n massz\u00e1zs, M\u0171szeres \u00e1llapotfelm\u00e9r\u00e9s EMC,  Hagyom\u00e1nyos k\u00ednai gy\u00f3gy\u00e1szat eszk\u00f6zei, keleti massz\u00e1zsok, Reiki, Bemer\",\"publisher\":{\"@id\":\"https:\/\/www.keletimodszerekkozpont.hu\/#organization\"},\"potentialAction\":[{\"@type\":\"SearchAction\",\"target\":{\"@type\":\"EntryPoint\",\"urlTemplate\":\"https:\/\/www.keletimodszerekkozpont.hu\/?s={search_term_string}\"},\"query-input\":{\"@type\":\"PropertyValueSpecification\",\"valueRequired\":true,\"valueName\":\"search_term_string\"}}],\"inLanguage\":\"en-GB\"},{\"@type\":\"Organization\",\"@id\":\"https:\/\/www.keletimodszerekkozpont.hu\/#organization\",\"name\":\"Keleti Gy\u00f3gym\u00f3dok Debrecen\",\"url\":\"https:\/\/www.keletimodszerekkozpont.hu\/\",\"logo\":{\"@type\":\"ImageObject\",\"inLanguage\":\"en-GB\",\"@id\":\"https:\/\/www.keletimodszerekkozpont.hu\/#\/schema\/logo\/image\/\",\"url\":\"https:\/\/www.keletimodszerekkozpont.hu\/wp-content\/uploads\/2024\/06\/cropped-keleti_gyogymodok_debrecen.jpg\",\"contentUrl\":\"https:\/\/www.keletimodszerekkozpont.hu\/wp-content\/uploads\/2024\/06\/cropped-keleti_gyogymodok_debrecen.jpg\",\"width\":512,\"height\":512,\"caption\":\"Keleti Gy\u00f3gym\u00f3dok Debrecen\"},\"image\":{\"@id\":\"https:\/\/www.keletimodszerekkozpont.hu\/#\/schema\/logo\/image\/\"},\"sameAs\":[\"https:\/\/www.facebook.com\/profile.php?id=61551079794439\"]}]}<\/script>\n<!-- \/ Yoast SEO plugin. -->","yoast_head_json":{"title":"F\u00fclakupunkt\u00fara - keletimodszerekkozpont.hu","description":"\u00d6t NADA pont kezel\u00e9se sor\u00e1n hatunk a szervezet \u00f6ngy\u00f3gy\u00edt\u00f3 k\u00e9pess\u00e9g\u00e9re. Debrecenben a Keleti M\u00f3dszerek K\u00f6zpontban, keressen bizalommal!","robots":{"index":"index","follow":"follow","max-snippet":"max-snippet:-1","max-image-preview":"max-image-preview:large","max-video-preview":"max-video-preview:-1"},"canonical":"https:\/\/www.keletimodszerekkozpont.hu\/en\/ear-acupuncture-2\/","og_locale":"en_GB","og_type":"article","og_title":"F\u00fclakupunkt\u00fara - keletimodszerekkozpont.hu","og_description":"\u00d6t NADA pont kezel\u00e9se sor\u00e1n hatunk a szervezet \u00f6ngy\u00f3gy\u00edt\u00f3 k\u00e9pess\u00e9g\u00e9re. Debrecenben a Keleti M\u00f3dszerek K\u00f6zpontban, keressen bizalommal!","og_url":"https:\/\/www.keletimodszerekkozpont.hu\/en\/ear-acupuncture-2\/","og_site_name":"keletimodszerekkozpont.hu","article_publisher":"https:\/\/www.facebook.com\/profile.php?id=61551079794439","article_modified_time":"2025-11-17T22:42:42+00:00","og_image":[{"width":208,"height":142,"url":"https:\/\/www.keletimodszerekkozpont.hu\/wp-content\/uploads\/2024\/09\/ful.png","type":"image\/png"}],"twitter_card":"summary_large_image","twitter_misc":{"Estimated reading time":"2 minutes"},"schema":{"@context":"https:\/\/schema.org","@graph":[{"@type":"WebPage","@id":"https:\/\/www.keletimodszerekkozpont.hu\/fulakupunktura-2\/","url":"https:\/\/www.keletimodszerekkozpont.hu\/fulakupunktura-2\/","name":"F\u00fclakupunkt\u00fara - keletimodszerekkozpont.hu","isPartOf":{"@id":"https:\/\/www.keletimodszerekkozpont.hu\/#website"},"primaryImageOfPage":{"@id":"https:\/\/www.keletimodszerekkozpont.hu\/fulakupunktura-2\/#primaryimage"},"image":{"@id":"https:\/\/www.keletimodszerekkozpont.hu\/fulakupunktura-2\/#primaryimage"},"thumbnailUrl":"https:\/\/www.keletimodszerekkozpont.hu\/wp-content\/uploads\/2024\/09\/ful.png","datePublished":"2024-08-27T12:29:26+00:00","dateModified":"2025-11-17T22:42:42+00:00","description":"\u00d6t NADA pont kezel\u00e9se sor\u00e1n hatunk a szervezet \u00f6ngy\u00f3gy\u00edt\u00f3 k\u00e9pess\u00e9g\u00e9re. Debrecenben a Keleti M\u00f3dszerek K\u00f6zpontban, keressen bizalommal!","breadcrumb":{"@id":"https:\/\/www.keletimodszerekkozpont.hu\/fulakupunktura-2\/#breadcrumb"},"inLanguage":"en-GB","potentialAction":[{"@type":"ReadAction","target":["https:\/\/www.keletimodszerekkozpont.hu\/fulakupunktura-2\/"]}]},{"@type":"ImageObject","inLanguage":"en-GB","@id":"https:\/\/www.keletimodszerekkozpont.hu\/fulakupunktura-2\/#primaryimage","url":"https:\/\/www.keletimodszerekkozpont.hu\/wp-content\/uploads\/2024\/09\/ful.png","contentUrl":"https:\/\/www.keletimodszerekkozpont.hu\/wp-content\/uploads\/2024\/09\/ful.png"},{"@type":"BreadcrumbList","@id":"https:\/\/www.keletimodszerekkozpont.hu\/fulakupunktura-2\/#breadcrumb","itemListElement":[{"@type":"ListItem","position":1,"name":"Home","item":"https:\/\/www.keletimodszerekkozpont.hu\/"},{"@type":"ListItem","position":2,"name":"F\u00fclakupunkt\u00fara"}]},{"@type":"WebSite","@id":"https:\/\/www.keletimodszerekkozpont.hu\/#website","url":"https:\/\/www.keletimodszerekkozpont.hu\/","name":"keletimodszerekkozpont.hu","description":"K\u00ednai akupressz\u00far\u00e1s meridi\u00e1n massz\u00e1zs, M\u0171szeres \u00e1llapotfelm\u00e9r\u00e9s EMC,  Hagyom\u00e1nyos k\u00ednai gy\u00f3gy\u00e1szat eszk\u00f6zei, keleti massz\u00e1zsok, Reiki, Bemer","publisher":{"@id":"https:\/\/www.keletimodszerekkozpont.hu\/#organization"},"potentialAction":[{"@type":"SearchAction","target":{"@type":"EntryPoint","urlTemplate":"https:\/\/www.keletimodszerekkozpont.hu\/?s={search_term_string}"},"query-input":{"@type":"PropertyValueSpecification","valueRequired":true,"valueName":"search_term_string"}}],"inLanguage":"en-GB"},{"@type":"Organization","@id":"https:\/\/www.keletimodszerekkozpont.hu\/#organization","name":"Oriental Medicines Debrecen","url":"https:\/\/www.keletimodszerekkozpont.hu\/","logo":{"@type":"ImageObject","inLanguage":"en-GB","@id":"https:\/\/www.keletimodszerekkozpont.hu\/#\/schema\/logo\/image\/","url":"https:\/\/www.keletimodszerekkozpont.hu\/wp-content\/uploads\/2024\/06\/cropped-keleti_gyogymodok_debrecen.jpg","contentUrl":"https:\/\/www.keletimodszerekkozpont.hu\/wp-content\/uploads\/2024\/06\/cropped-keleti_gyogymodok_debrecen.jpg","width":512,"height":512,"caption":"Keleti Gy\u00f3gym\u00f3dok Debrecen"},"image":{"@id":"https:\/\/www.keletimodszerekkozpont.hu\/#\/schema\/logo\/image\/"},"sameAs":["https:\/\/www.facebook.com\/profile.php?id=61551079794439"]}]}},"_links":{"self":[{"href":"https:\/\/www.keletimodszerekkozpont.hu\/en\/wp-json\/wp\/v2\/pages\/1350"}],"collection":[{"href":"https:\/\/www.keletimodszerekkozpont.hu\/en\/wp-json\/wp\/v2\/pages"}],"about":[{"href":"https:\/\/www.keletimodszerekkozpont.hu\/en\/wp-json\/wp\/v2\/types\/page"}],"author":[{"embeddable":true,"href":"https:\/\/www.keletimodszerekkozpont.hu\/en\/wp-json\/wp\/v2\/users\/1"}],"replies":[{"embeddable":true,"href":"https:\/\/www.keletimodszerekkozpont.hu\/en\/wp-json\/wp\/v2\/comments?post=1350"}],"version-history":[{"count":6,"href":"https:\/\/www.keletimodszerekkozpont.hu\/en\/wp-json\/wp\/v2\/pages\/1350\/revisions"}],"predecessor-version":[{"id":2044,"href":"https:\/\/www.keletimodszerekkozpont.hu\/en\/wp-json\/wp\/v2\/pages\/1350\/revisions\/2044"}],"wp:attachment":[{"href":"https:\/\/www.keletimodszerekkozpont.hu\/en\/wp-json\/wp\/v2\/media?parent=1350"}],"curies":[{"name":"wp","href":"https:\/\/api.w.org\/{rel}","templated":true}]}}