{"id":100,"date":"2023-04-29T13:43:47","date_gmt":"2023-04-29T11:43:47","guid":{"rendered":"https:\/\/www.keletimodszerekkozpont.hu\/?page_id=100"},"modified":"2025-11-22T20:34:51","modified_gmt":"2025-11-22T19:34:51","slug":"appointment","status":"publish","type":"page","link":"https:\/\/www.keletimodszerekkozpont.hu\/en\/appointment\/","title":{"rendered":"Booking an appointment"},"content":{"rendered":"<div data-elementor-type=\"wp-page\" data-elementor-id=\"100\" class=\"elementor elementor-100\">\n\t\t\t\t\t\t<section class=\"elementor-section elementor-top-section elementor-element elementor-element-73cbef6 elementor-section-boxed elementor-section-height-default elementor-section-height-default\" data-id=\"73cbef6\" data-element_type=\"section\" data-e-type=\"section\">\n\t\t\t\t\t\t<div class=\"elementor-container elementor-column-gap-default\">\n\t\t\t\t\t<div class=\"elementor-column elementor-col-50 elementor-top-column elementor-element elementor-element-e5d03b0\" data-id=\"e5d03b0\" data-element_type=\"column\" data-e-type=\"column\">\n\t\t\t<div class=\"elementor-widget-wrap elementor-element-populated\">\n\t\t\t\t\t\t<div class=\"elementor-element elementor-element-069e7c9 elementor-widget elementor-widget-image\" data-id=\"069e7c9\" data-element_type=\"widget\" data-e-type=\"widget\" data-widget_type=\"image.default\">\n\t\t\t\t<div class=\"elementor-widget-container\">\n\t\t\t\t\t\t\t\t\t\t\t\t\t\t\t<img fetchpriority=\"high\" decoding=\"async\" width=\"1024\" height=\"683\" src=\"https:\/\/www.keletimodszerekkozpont.hu\/wp-content\/uploads\/2023\/07\/typing-1024x683.jpg\" class=\"attachment-large size-large wp-image-170\" alt=\"\" srcset=\"https:\/\/www.keletimodszerekkozpont.hu\/wp-content\/uploads\/2023\/07\/typing-1024x683.jpg 1024w, https:\/\/www.keletimodszerekkozpont.hu\/wp-content\/uploads\/2023\/07\/typing-300x200.jpg 300w, https:\/\/www.keletimodszerekkozpont.hu\/wp-content\/uploads\/2023\/07\/typing-768x512.jpg 768w, https:\/\/www.keletimodszerekkozpont.hu\/wp-content\/uploads\/2023\/07\/typing-1536x1025.jpg 1536w, https:\/\/www.keletimodszerekkozpont.hu\/wp-content\/uploads\/2023\/07\/typing-2048x1366.jpg 2048w, https:\/\/www.keletimodszerekkozpont.hu\/wp-content\/uploads\/2023\/07\/typing-90x60.jpg 90w, https:\/\/www.keletimodszerekkozpont.hu\/wp-content\/uploads\/2023\/07\/typing-370x247.jpg 370w, https:\/\/www.keletimodszerekkozpont.hu\/wp-content\/uploads\/2023\/07\/typing-776x517.jpg 776w\" sizes=\"(max-width: 1024px) 100vw, 1024px\" \/>\t\t\t\t\t\t\t\t\t\t\t\t\t\t\t<\/div>\n\t\t\t\t<\/div>\n\t\t\t\t\t<\/div>\n\t\t<\/div>\n\t\t\t\t<div class=\"elementor-column elementor-col-50 elementor-top-column elementor-element elementor-element-c9673e2\" data-id=\"c9673e2\" data-element_type=\"column\" data-e-type=\"column\">\n\t\t\t<div class=\"elementor-widget-wrap elementor-element-populated\">\n\t\t\t\t\t\t<div class=\"elementor-element elementor-element-189a61c elementor-widget elementor-widget-text-editor\" data-id=\"189a61c\" data-element_type=\"widget\" data-e-type=\"widget\" data-widget_type=\"text-editor.default\">\n\t\t\t\t<div class=\"elementor-widget-container\">\n\t\t\t\t\t\t\t\t\t<p>Appointments can currently be made by email, messenger or phone using any of the contact details below:<\/p>\n<p>Email: rudinedrmezeia@gmail.com<\/p>\n<p>Messenger\/Facebook:&nbsp;&nbsp;<span style=\"color: var( --e-global-color-text ); font-family: var( --e-global-typography-text-font-family ), Sans-serif; font-weight: var( --e-global-typography-text-font-weight );\">Keleti M\u00f3dszerek K\u00f6zpont Debrecen<\/span><\/p>\n<p><span style=\"color: var( --e-global-color-text ); font-family: var( --e-global-typography-text-font-family ), Sans-serif; font-weight: var( --e-global-typography-text-font-weight );\">Phone: 06209439949<\/span><br><\/p>\n<p><span style=\"color: var( --e-global-color-text ); font-family: var( --e-global-typography-text-font-family ), Sans-serif; font-weight: var( --e-global-typography-text-font-weight );\"><br><\/span><\/p>\n<p><span style=\"color: var( --e-global-color-text ); font-family: var( --e-global-typography-text-font-family ), Sans-serif; font-weight: var( --e-global-typography-text-font-weight );\">Sometimes I can't always answer the phone because of treatments. I try to call everyone back. Thank you very much for your patience.<\/span><\/p>\t\t\t\t\t\t\t\t<\/div>\n\t\t\t\t<\/div>\n\t\t\t\t\t<\/div>\n\t\t<\/div>\n\t\t\t\t\t<\/div>\n\t\t<\/section>\n\t\t\t\t<\/div>","protected":false},"excerpt":{"rendered":"<p>Id\u0151pont egyeztet\u00e9s jelenleg emailben, messengeren vagy telefonon lehets\u00e9ges az al\u00e1bbi el\u00e9rhet\u0151s\u00e9gek b\u00e1rmelyik\u00e9n: Email: rudinedrmezeia@gmail.com Messenger\/Facebook:&nbsp;&nbsp;Keleti M\u00f3dszerek K\u00f6zpont Debrecen Telefon: 06209439949 El\u0151fordul, hogy a telefont nem mindig tudom felvenni a kezel\u00e9sek &hellip; <\/p>","protected":false},"author":1,"featured_media":898,"parent":0,"menu_order":0,"comment_status":"closed","ping_status":"closed","template":"","meta":{"footnotes":""},"class_list":["post-100","page","type-page","status-publish","has-post-thumbnail","hentry"],"yoast_head":"<!-- This site is optimized with the Yoast SEO plugin v25.6 - https:\/\/yoast.com\/wordpress\/plugins\/seo\/ -->\n<title>Id\u0151pont foglal\u00e1s - keletimodszerekkozpont.hu<\/title>\n<meta name=\"description\" content=\"A hagyom\u00e1nyos k\u00ednai gy\u00f3gy\u00e1szat eszk\u00f6zeit alkalmazom Debrecenben. K\u00ednai massz\u00e1zs, t\u00fczes k\u00f6p\u00f6ly, k\u00ednai talpmassz\u00e1zs, f\u00fclakupunkt\u00fara, moxa.\" \/>\n<meta name=\"robots\" content=\"index, follow, max-snippet:-1, max-image-preview:large, max-video-preview:-1\" \/>\n<link rel=\"canonical\" href=\"https:\/\/www.keletimodszerekkozpont.hu\/en\/appointment\/\" \/>\n<meta property=\"og:locale\" content=\"en_GB\" \/>\n<meta property=\"og:type\" content=\"article\" \/>\n<meta property=\"og:title\" content=\"Id\u0151pont foglal\u00e1s - keletimodszerekkozpont.hu\" \/>\n<meta property=\"og:description\" content=\"A hagyom\u00e1nyos k\u00ednai gy\u00f3gy\u00e1szat eszk\u00f6zeit alkalmazom Debrecenben. K\u00ednai massz\u00e1zs, t\u00fczes k\u00f6p\u00f6ly, k\u00ednai talpmassz\u00e1zs, f\u00fclakupunkt\u00fara, moxa.\" \/>\n<meta property=\"og:url\" content=\"https:\/\/www.keletimodszerekkozpont.hu\/en\/appointment\/\" \/>\n<meta property=\"og:site_name\" content=\"keletimodszerekkozpont.hu\" \/>\n<meta property=\"article:publisher\" content=\"https:\/\/www.facebook.com\/profile.php?id=61551079794439\" \/>\n<meta property=\"article:modified_time\" content=\"2025-11-22T19:34:51+00:00\" \/>\n<meta property=\"og:image\" content=\"https:\/\/www.keletimodszerekkozpont.hu\/wp-content\/uploads\/2023\/08\/pexels-puwadon-sangngern-5340278-scaled.jpg\" \/>\n\t<meta property=\"og:image:width\" content=\"2560\" \/>\n\t<meta property=\"og:image:height\" content=\"1635\" \/>\n\t<meta property=\"og:image:type\" content=\"image\/jpeg\" \/>\n<meta name=\"twitter:card\" content=\"summary_large_image\" \/>\n<meta name=\"twitter:label1\" content=\"Estimated reading time\" \/>\n\t<meta name=\"twitter:data1\" content=\"1 minute\" \/>\n<script type=\"application\/ld+json\" class=\"yoast-schema-graph\">{\"@context\":\"https:\/\/schema.org\",\"@graph\":[{\"@type\":\"WebPage\",\"@id\":\"https:\/\/www.keletimodszerekkozpont.hu\/idopont-foglalas\/\",\"url\":\"https:\/\/www.keletimodszerekkozpont.hu\/idopont-foglalas\/\",\"name\":\"Id\u0151pont foglal\u00e1s - keletimodszerekkozpont.hu\",\"isPartOf\":{\"@id\":\"https:\/\/www.keletimodszerekkozpont.hu\/#website\"},\"primaryImageOfPage\":{\"@id\":\"https:\/\/www.keletimodszerekkozpont.hu\/idopont-foglalas\/#primaryimage\"},\"image\":{\"@id\":\"https:\/\/www.keletimodszerekkozpont.hu\/idopont-foglalas\/#primaryimage\"},\"thumbnailUrl\":\"https:\/\/www.keletimodszerekkozpont.hu\/wp-content\/uploads\/2023\/08\/pexels-puwadon-sangngern-5340278-scaled.jpg\",\"datePublished\":\"2023-04-29T11:43:47+00:00\",\"dateModified\":\"2025-11-22T19:34:51+00:00\",\"description\":\"A hagyom\u00e1nyos k\u00ednai gy\u00f3gy\u00e1szat eszk\u00f6zeit alkalmazom Debrecenben. K\u00ednai massz\u00e1zs, t\u00fczes k\u00f6p\u00f6ly, k\u00ednai talpmassz\u00e1zs, f\u00fclakupunkt\u00fara, moxa.\",\"breadcrumb\":{\"@id\":\"https:\/\/www.keletimodszerekkozpont.hu\/idopont-foglalas\/#breadcrumb\"},\"inLanguage\":\"en-GB\",\"potentialAction\":[{\"@type\":\"ReadAction\",\"target\":[\"https:\/\/www.keletimodszerekkozpont.hu\/idopont-foglalas\/\"]}]},{\"@type\":\"ImageObject\",\"inLanguage\":\"en-GB\",\"@id\":\"https:\/\/www.keletimodszerekkozpont.hu\/idopont-foglalas\/#primaryimage\",\"url\":\"https:\/\/www.keletimodszerekkozpont.hu\/wp-content\/uploads\/2023\/08\/pexels-puwadon-sangngern-5340278-scaled.jpg\",\"contentUrl\":\"https:\/\/www.keletimodszerekkozpont.hu\/wp-content\/uploads\/2023\/08\/pexels-puwadon-sangngern-5340278-scaled.jpg\",\"width\":2560,\"height\":1635,\"caption\":\"Talpreflexol\u00f3gia talpmassz\u00e1zs Debrecen\"},{\"@type\":\"BreadcrumbList\",\"@id\":\"https:\/\/www.keletimodszerekkozpont.hu\/idopont-foglalas\/#breadcrumb\",\"itemListElement\":[{\"@type\":\"ListItem\",\"position\":1,\"name\":\"Home\",\"item\":\"https:\/\/www.keletimodszerekkozpont.hu\/\"},{\"@type\":\"ListItem\",\"position\":2,\"name\":\"Id\u0151pont foglal\u00e1s\"}]},{\"@type\":\"WebSite\",\"@id\":\"https:\/\/www.keletimodszerekkozpont.hu\/#website\",\"url\":\"https:\/\/www.keletimodszerekkozpont.hu\/\",\"name\":\"keletimodszerekkozpont.hu\",\"description\":\"K\u00ednai akupressz\u00far\u00e1s meridi\u00e1n massz\u00e1zs, M\u0171szeres \u00e1llapotfelm\u00e9r\u00e9s EMC,  Hagyom\u00e1nyos k\u00ednai gy\u00f3gy\u00e1szat eszk\u00f6zei, keleti massz\u00e1zsok, Reiki, Bemer\",\"publisher\":{\"@id\":\"https:\/\/www.keletimodszerekkozpont.hu\/#organization\"},\"potentialAction\":[{\"@type\":\"SearchAction\",\"target\":{\"@type\":\"EntryPoint\",\"urlTemplate\":\"https:\/\/www.keletimodszerekkozpont.hu\/?s={search_term_string}\"},\"query-input\":{\"@type\":\"PropertyValueSpecification\",\"valueRequired\":true,\"valueName\":\"search_term_string\"}}],\"inLanguage\":\"en-GB\"},{\"@type\":\"Organization\",\"@id\":\"https:\/\/www.keletimodszerekkozpont.hu\/#organization\",\"name\":\"Keleti Gy\u00f3gym\u00f3dok Debrecen\",\"url\":\"https:\/\/www.keletimodszerekkozpont.hu\/\",\"logo\":{\"@type\":\"ImageObject\",\"inLanguage\":\"en-GB\",\"@id\":\"https:\/\/www.keletimodszerekkozpont.hu\/#\/schema\/logo\/image\/\",\"url\":\"https:\/\/www.keletimodszerekkozpont.hu\/wp-content\/uploads\/2024\/06\/cropped-keleti_gyogymodok_debrecen.jpg\",\"contentUrl\":\"https:\/\/www.keletimodszerekkozpont.hu\/wp-content\/uploads\/2024\/06\/cropped-keleti_gyogymodok_debrecen.jpg\",\"width\":512,\"height\":512,\"caption\":\"Keleti Gy\u00f3gym\u00f3dok Debrecen\"},\"image\":{\"@id\":\"https:\/\/www.keletimodszerekkozpont.hu\/#\/schema\/logo\/image\/\"},\"sameAs\":[\"https:\/\/www.facebook.com\/profile.php?id=61551079794439\"]}]}<\/script>\n<!-- \/ Yoast SEO plugin. -->","yoast_head_json":{"title":"Id\u0151pont foglal\u00e1s - keletimodszerekkozpont.hu","description":"A hagyom\u00e1nyos k\u00ednai gy\u00f3gy\u00e1szat eszk\u00f6zeit alkalmazom Debrecenben. K\u00ednai massz\u00e1zs, t\u00fczes k\u00f6p\u00f6ly, k\u00ednai talpmassz\u00e1zs, f\u00fclakupunkt\u00fara, moxa.","robots":{"index":"index","follow":"follow","max-snippet":"max-snippet:-1","max-image-preview":"max-image-preview:large","max-video-preview":"max-video-preview:-1"},"canonical":"https:\/\/www.keletimodszerekkozpont.hu\/en\/appointment\/","og_locale":"en_GB","og_type":"article","og_title":"Id\u0151pont foglal\u00e1s - keletimodszerekkozpont.hu","og_description":"A hagyom\u00e1nyos k\u00ednai gy\u00f3gy\u00e1szat eszk\u00f6zeit alkalmazom Debrecenben. K\u00ednai massz\u00e1zs, t\u00fczes k\u00f6p\u00f6ly, k\u00ednai talpmassz\u00e1zs, f\u00fclakupunkt\u00fara, moxa.","og_url":"https:\/\/www.keletimodszerekkozpont.hu\/en\/appointment\/","og_site_name":"keletimodszerekkozpont.hu","article_publisher":"https:\/\/www.facebook.com\/profile.php?id=61551079794439","article_modified_time":"2025-11-22T19:34:51+00:00","og_image":[{"width":2560,"height":1635,"url":"https:\/\/www.keletimodszerekkozpont.hu\/wp-content\/uploads\/2023\/08\/pexels-puwadon-sangngern-5340278-scaled.jpg","type":"image\/jpeg"}],"twitter_card":"summary_large_image","twitter_misc":{"Estimated reading time":"1 minute"},"schema":{"@context":"https:\/\/schema.org","@graph":[{"@type":"WebPage","@id":"https:\/\/www.keletimodszerekkozpont.hu\/idopont-foglalas\/","url":"https:\/\/www.keletimodszerekkozpont.hu\/idopont-foglalas\/","name":"Id\u0151pont foglal\u00e1s - keletimodszerekkozpont.hu","isPartOf":{"@id":"https:\/\/www.keletimodszerekkozpont.hu\/#website"},"primaryImageOfPage":{"@id":"https:\/\/www.keletimodszerekkozpont.hu\/idopont-foglalas\/#primaryimage"},"image":{"@id":"https:\/\/www.keletimodszerekkozpont.hu\/idopont-foglalas\/#primaryimage"},"thumbnailUrl":"https:\/\/www.keletimodszerekkozpont.hu\/wp-content\/uploads\/2023\/08\/pexels-puwadon-sangngern-5340278-scaled.jpg","datePublished":"2023-04-29T11:43:47+00:00","dateModified":"2025-11-22T19:34:51+00:00","description":"A hagyom\u00e1nyos k\u00ednai gy\u00f3gy\u00e1szat eszk\u00f6zeit alkalmazom Debrecenben. K\u00ednai massz\u00e1zs, t\u00fczes k\u00f6p\u00f6ly, k\u00ednai talpmassz\u00e1zs, f\u00fclakupunkt\u00fara, moxa.","breadcrumb":{"@id":"https:\/\/www.keletimodszerekkozpont.hu\/idopont-foglalas\/#breadcrumb"},"inLanguage":"en-GB","potentialAction":[{"@type":"ReadAction","target":["https:\/\/www.keletimodszerekkozpont.hu\/idopont-foglalas\/"]}]},{"@type":"ImageObject","inLanguage":"en-GB","@id":"https:\/\/www.keletimodszerekkozpont.hu\/idopont-foglalas\/#primaryimage","url":"https:\/\/www.keletimodszerekkozpont.hu\/wp-content\/uploads\/2023\/08\/pexels-puwadon-sangngern-5340278-scaled.jpg","contentUrl":"https:\/\/www.keletimodszerekkozpont.hu\/wp-content\/uploads\/2023\/08\/pexels-puwadon-sangngern-5340278-scaled.jpg","width":2560,"height":1635,"caption":"Talpreflexol\u00f3gia talpmassz\u00e1zs Debrecen"},{"@type":"BreadcrumbList","@id":"https:\/\/www.keletimodszerekkozpont.hu\/idopont-foglalas\/#breadcrumb","itemListElement":[{"@type":"ListItem","position":1,"name":"Home","item":"https:\/\/www.keletimodszerekkozpont.hu\/"},{"@type":"ListItem","position":2,"name":"Id\u0151pont foglal\u00e1s"}]},{"@type":"WebSite","@id":"https:\/\/www.keletimodszerekkozpont.hu\/#website","url":"https:\/\/www.keletimodszerekkozpont.hu\/","name":"keletimodszerekkozpont.hu","description":"K\u00ednai akupressz\u00far\u00e1s meridi\u00e1n massz\u00e1zs, M\u0171szeres \u00e1llapotfelm\u00e9r\u00e9s EMC,  Hagyom\u00e1nyos k\u00ednai gy\u00f3gy\u00e1szat eszk\u00f6zei, keleti massz\u00e1zsok, Reiki, Bemer","publisher":{"@id":"https:\/\/www.keletimodszerekkozpont.hu\/#organization"},"potentialAction":[{"@type":"SearchAction","target":{"@type":"EntryPoint","urlTemplate":"https:\/\/www.keletimodszerekkozpont.hu\/?s={search_term_string}"},"query-input":{"@type":"PropertyValueSpecification","valueRequired":true,"valueName":"search_term_string"}}],"inLanguage":"en-GB"},{"@type":"Organization","@id":"https:\/\/www.keletimodszerekkozpont.hu\/#organization","name":"Oriental Medicines Debrecen","url":"https:\/\/www.keletimodszerekkozpont.hu\/","logo":{"@type":"ImageObject","inLanguage":"en-GB","@id":"https:\/\/www.keletimodszerekkozpont.hu\/#\/schema\/logo\/image\/","url":"https:\/\/www.keletimodszerekkozpont.hu\/wp-content\/uploads\/2024\/06\/cropped-keleti_gyogymodok_debrecen.jpg","contentUrl":"https:\/\/www.keletimodszerekkozpont.hu\/wp-content\/uploads\/2024\/06\/cropped-keleti_gyogymodok_debrecen.jpg","width":512,"height":512,"caption":"Keleti Gy\u00f3gym\u00f3dok Debrecen"},"image":{"@id":"https:\/\/www.keletimodszerekkozpont.hu\/#\/schema\/logo\/image\/"},"sameAs":["https:\/\/www.facebook.com\/profile.php?id=61551079794439"]}]}},"_links":{"self":[{"href":"https:\/\/www.keletimodszerekkozpont.hu\/en\/wp-json\/wp\/v2\/pages\/100"}],"collection":[{"href":"https:\/\/www.keletimodszerekkozpont.hu\/en\/wp-json\/wp\/v2\/pages"}],"about":[{"href":"https:\/\/www.keletimodszerekkozpont.hu\/en\/wp-json\/wp\/v2\/types\/page"}],"author":[{"embeddable":true,"href":"https:\/\/www.keletimodszerekkozpont.hu\/en\/wp-json\/wp\/v2\/users\/1"}],"replies":[{"embeddable":true,"href":"https:\/\/www.keletimodszerekkozpont.hu\/en\/wp-json\/wp\/v2\/comments?post=100"}],"version-history":[{"count":6,"href":"https:\/\/www.keletimodszerekkozpont.hu\/en\/wp-json\/wp\/v2\/pages\/100\/revisions"}],"predecessor-version":[{"id":2066,"href":"https:\/\/www.keletimodszerekkozpont.hu\/en\/wp-json\/wp\/v2\/pages\/100\/revisions\/2066"}],"wp:featuredmedia":[{"embeddable":true,"href":"https:\/\/www.keletimodszerekkozpont.hu\/en\/wp-json\/wp\/v2\/media\/898"}],"wp:attachment":[{"href":"https:\/\/www.keletimodszerekkozpont.hu\/en\/wp-json\/wp\/v2\/media?parent=100"}],"curies":[{"name":"wp","href":"https:\/\/api.w.org\/{rel}","templated":true}]}}